{"id":75649,"date":"2023-06-04T14:26:00","date_gmt":"2023-06-04T07:26:00","guid":{"rendered":"https:\/\/neuzamariano.com\/loja\/?post_type=product&#038;p=75649"},"modified":"2026-03-19T15:26:53","modified_gmt":"2026-03-19T08:26:53","slug":"hih-bird-s-nest-water-sleeping-pack","status":"publish","type":"product","link":"https:\/\/neuzamariano.com\/loja\/hih-bird-s-nest-water-sleeping-pack\/","title":{"rendered":"HIH Bird \u0301s Nest Water Sleeping Pack"},"content":{"rendered":"<p style=\"text-align: justify\">O HIH Bird\u2019s Nest Water Sleeping Pack \u00e9 um creme luxuoso que hidrata profundamente e repara a pele \u00e1spera. Sua textura gelatinosa \u00e9 absorvida rapidamente pela pele.<\/p>\n<p style=\"text-align: justify\">\u25aa\ufe0f Ilumina e hidrata a pele. \u00c9 formulado com ingredientes que ajudam a hidratar e nutrir a pele, deixando-a com apar\u00eancia e sensa\u00e7\u00e3o macia, suave e radiante. Ajuda a melhorar a textura e o tom geral da pele e pode ajudar a reduzir a apar\u00eancia de ressecamento, descama\u00e7\u00e3o e opacidade.<\/p>\n<p style=\"text-align: justify\">\u25aa\ufe0f Deixa a pele preenchida e macia, e os poros parecem menores: Este produto cont\u00e9m ingredientes ativos que ajudam a preencher e firmar a pele, dando-lhe uma apar\u00eancia mais jovem e radiante. Tamb\u00e9m ajuda a fechar e refinar os poros, ajudando a reduzir a apar\u00eancia de poros dilatados ou vis\u00edveis.<\/p>\n<p style=\"text-align: justify\">\u25aa\ufe0f Mant\u00e9m a hidrata\u00e7\u00e3oda pele. Este produto foi desenvolvido para ajudar a reter a humidade, ajudando a prevenir o ressecamento e a pele desidratada. Cont\u00e9m emolientes e umectantes que ajudam a atrair e reter a hidrata\u00e7\u00e3o da pele, mantendo-a hidratada e nutrida ao longo do dia.<\/p>\n<p style=\"text-align: justify\">\u25aa\ufe0f Adiciona profundamente nutrientes \u00e0 pele.\u00a0 Este produto \u00e9 infundido com vitaminas, minerais e outros nutrientes nutritivos que ajudam a sustentar e manter a pele saud\u00e1vel. Trabalha para penetrar profundamente na superf\u00edcie da pele, fornecendo nutrientes vitais e hidrata\u00e7\u00e3o para ajudar a melhorar a sa\u00fade geral e a apar\u00eancia da pele.<\/p>\n<p style=\"text-align: justify\">\u25aa\ufe0f Reaviva a pele para uma apar\u00eancia brilhante e com vi\u00e7o. Este produto foi desenvolvido para aumentar a energia e a vitalidade, ajudando a reviver e rejuvenescer a pele cansada e opaca. Cont\u00e9m ingredientes que ajudam a estimular e revitalizar a pele, dando-lhe uma apar\u00eancia mais radiante e luminosa.<\/p>\n<p style=\"text-align: justify\">\u25aa\ufe0f \u00a0Cont\u00e9m 20 saquetas, cada uma tem 4ml<\/p>\n<p style=\"text-align: justify\"><strong>Ingredientes chave:<\/strong><\/p>\n<p style=\"text-align: justify\">\u00c1cido si\u00e1lico: ajuda a revitalizar a pele<br \/>\nVitamina C e E: ajudam a rejuvenescer a pele, melhora a apar\u00eancia da pele, combate radicais livres e melhora manchas<br \/>\nGlicerina e trealose: hidratam e suavizam a pele<br \/>\nEss\u00eancia de ninho de p\u00e1ssaro de seda: hidrata profundamente a pele<br \/>\nAroma leve de camomila: Infundido com extrato de camomila para acalmar a pele e fornecer propriedades calmantes adicionais para ajud\u00e1-lo a descansar e relaxar, este \u00e9 o complemento perfeito para sua rotina de beleza noturna.<\/p>\n<p style=\"text-align: justify\"><strong>Benef\u00edcios do ninho de p\u00e1ssaro<\/strong><\/p>\n<p style=\"text-align: justify\"><strong>Promove uma pele saud\u00e1vel e brilhante:<\/strong> Ajudam\u00a0a manter a juventude e melhorar a tez da pele.<\/p>\n<p style=\"text-align: justify\"><strong>Aumenta a produ\u00e7\u00e3o de col\u00e1geno:<\/strong> Fornece propriedades anti-envelhecimento, que por sua vez podem reduzir a apar\u00eancia de rugas e linhas finas, protege a barreira cut\u00e2nea e melhora a textura da superf\u00edcie da pele.<\/p>\n<p style=\"text-align: justify\"><strong>Hidrata a pele:<\/strong> \u00c9 boa fonte de \u00e1cido hialur\u00f4nico, que \u00e9 um tipo de mol\u00e9cula que ajuda a manter a pele hidratada.<\/p>\n<p style=\"text-align: justify\"><strong>Combate os danos dos radicais livres:<\/strong> Os radicais livres s\u00e3o mol\u00e9culas inst\u00e1veis \u200b\u200bque podem danificar as c\u00e9lulas e levar ao envelhecimento prematuro. Os antioxidantes no ninho de p\u00e1ssaro podem ajudar a combater os radicais livres e proteger sua pele do <em>stress<\/em> oxidativo.<\/p>\n<p style=\"text-align: justify\">Como usar: \u00c9 um creme potente de noite. De noite n\u00e3o h\u00e1 necessidade de o remover.<\/p>\n<p style=\"text-align: justify\">Ingredients<br \/>\nWater, Butylene Glycol, Glycerin, Cyclopentasiloxane, Trehalose, Glyceryl Stearate, Dimethicone, PEG-100 Stearate, Ammonium Acryloyldimethyltaurate\/VP Copolymer, Cetearyl Alcohol, Cyclohexasiloxane, Dimethiconol, Phenoxyethanol, Chlorphenesin, Dimethicone\/Vinyl Dimethicone Crosspolymer, Caprylyl Glycol, Carbomer, Ethylhexylglycerin, Tromethamine, Fragrance, Tocopheryl Acetate, 1,2-Hexanediol, Disodium EDTA, Swiftlet Nest Extract.<\/p>\n","protected":false},"excerpt":{"rendered":"<p>face gel<\/p>\n","protected":false},"featured_media":75651,"comment_status":"open","ping_status":"closed","template":"","meta":{"inline_featured_image":false},"products\/brands":[4965],"product_cat":[5115,8740,8706],"product_tag":[5038,22519,4929,4441,4443,4454,4444,4445,4436],"class_list":{"0":"post-75649","1":"product","2":"type-product","3":"status-publish","4":"has-post-thumbnail","6":"product_brand-hih","7":"product_cat-cuidados-de-pele","8":"product_cat-mascaras-de-noite","9":"product_cat-mascaras-faciais","10":"product_tag-armazem-krabi","11":"product_tag-compra-1-leva-1","12":"product_tag-hih-bird-s-nest-water-sleeping-pack","13":"product_tag-manchas","14":"product_tag-mista-ou-oleosa","15":"product_tag-normal","16":"product_tag-pele-seca","17":"product_tag-pele-sensivel-e-reativa","18":"product_tag-sinais-de-envelhecimento","19":"product_shipping_class-armazem-tailandia","21":"first","22":"instock","23":"taxable","24":"shipping-taxable","25":"purchasable","26":"product-type-simple"},"_links":{"self":[{"href":"https:\/\/neuzamariano.com\/loja\/wp-json\/wp\/v2\/product\/75649","targetHints":{"allow":["GET"]}}],"collection":[{"href":"https:\/\/neuzamariano.com\/loja\/wp-json\/wp\/v2\/product"}],"about":[{"href":"https:\/\/neuzamariano.com\/loja\/wp-json\/wp\/v2\/types\/product"}],"replies":[{"embeddable":true,"href":"https:\/\/neuzamariano.com\/loja\/wp-json\/wp\/v2\/comments?post=75649"}],"wp:featuredmedia":[{"embeddable":true,"href":"https:\/\/neuzamariano.com\/loja\/wp-json\/wp\/v2\/media\/75651"}],"wp:attachment":[{"href":"https:\/\/neuzamariano.com\/loja\/wp-json\/wp\/v2\/media?parent=75649"}],"wp:term":[{"taxonomy":"product_brand","embeddable":true,"href":"https:\/\/neuzamariano.com\/loja\/wp-json\/wp\/v2\/products\/brands?post=75649"},{"taxonomy":"product_cat","embeddable":true,"href":"https:\/\/neuzamariano.com\/loja\/wp-json\/wp\/v2\/product_cat?post=75649"},{"taxonomy":"product_tag","embeddable":true,"href":"https:\/\/neuzamariano.com\/loja\/wp-json\/wp\/v2\/product_tag?post=75649"}],"curies":[{"name":"wp","href":"https:\/\/api.w.org\/{rel}","templated":true}]}}