{"id":71270,"date":"2023-03-05T14:38:00","date_gmt":"2023-03-05T07:38:00","guid":{"rendered":"https:\/\/neuzamariano.com\/loja\/?post_type=product&#038;p=71270"},"modified":"2026-03-19T15:39:10","modified_gmt":"2026-03-19T08:39:10","slug":"hih-moisturizing-beauty-sleeping-mask","status":"publish","type":"product","link":"https:\/\/neuzamariano.com\/loja\/hih-moisturizing-beauty-sleeping-mask\/","title":{"rendered":"HIH Moisturizing Beauty Sleeping Mask"},"content":{"rendered":"<p style=\"text-align: justify\"><img decoding=\"async\" class=\"emoji\" role=\"img\" src=\"https:\/\/s.w.org\/images\/core\/emoji\/14.0.0\/svg\/25fe.svg\" alt=\"\u25fe\" title=\"\"> Creme hidratante intensivo e concentrado<\/p>\n<p style=\"text-align: justify\"><img decoding=\"async\" class=\"emoji\" role=\"img\" src=\"https:\/\/s.w.org\/images\/core\/emoji\/14.0.0\/svg\/25fe.svg\" alt=\"\u25fe\" title=\"\"> Hidrata em profundidade<\/p>\n<p style=\"text-align: justify\"><img decoding=\"async\" class=\"emoji\" role=\"img\" src=\"https:\/\/s.w.org\/images\/core\/emoji\/14.0.0\/svg\/25fe.svg\" alt=\"\u25fe\" title=\"\"> Combate sinais de envelhecimento, como rugas, linhas de express\u00e3o<\/p>\n<p style=\"text-align: justify\"><img decoding=\"async\" class=\"emoji\" role=\"img\" src=\"https:\/\/s.w.org\/images\/core\/emoji\/14.0.0\/svg\/25fe.svg\" alt=\"\u25fe\" title=\"\"> Diminui manchas<\/p>\n<p style=\"text-align: justify\"><img decoding=\"async\" class=\"emoji\" role=\"img\" src=\"https:\/\/s.w.org\/images\/core\/emoji\/14.0.0\/svg\/25fe.svg\" alt=\"\u25fe\" title=\"\"> Reduz a inflama\u00e7\u00e3o da pele<\/p>\n<p style=\"text-align: justify\"><img decoding=\"async\" class=\"emoji\" role=\"img\" src=\"https:\/\/s.w.org\/images\/core\/emoji\/14.0.0\/svg\/25fe.svg\" alt=\"\u25fe\" title=\"\"> Reduz cicatrizes da acne<\/p>\n<p style=\"text-align: justify\"><img decoding=\"async\" class=\"emoji\" role=\"img\" src=\"https:\/\/s.w.org\/images\/core\/emoji\/14.0.0\/svg\/25fe.svg\" alt=\"\u25fe\" title=\"\"> Suaviza a textura da pele<\/p>\n<p style=\"text-align: justify\"><img decoding=\"async\" class=\"emoji\" role=\"img\" src=\"https:\/\/s.w.org\/images\/core\/emoji\/14.0.0\/svg\/25fe.svg\" alt=\"\u25fe\" title=\"\"> Micro e macro elementos hidratam e nutrem perfeitamente a pele, estimulam a regenera\u00e7\u00e3o das c\u00e9lulas da pele. A pele fica mais el\u00e1stica e esticada, radiante e com apar\u00eancia mais saud\u00e1vel<\/p>\n<p style=\"text-align: justify\"><img decoding=\"async\" class=\"emoji\" role=\"img\" src=\"https:\/\/s.w.org\/images\/core\/emoji\/14.0.0\/svg\/25fe.svg\" alt=\"\u25fe\" title=\"\"> Cont\u00e9m 20 saquetas, cada uma tem 4ml<\/p>\n<p style=\"text-align: justify\">Euglena gracilis: Gra\u00e7as \u00e0s suas propriedades revigorantes e energizantes, este ingrediente \u00e9 \u00f3timo para revitalizar a pele cansada. Tamb\u00e9m \u00e9 rico em minerais nutritivos, oligoelementos e vitaminas. Esta microalga tem propriedades antioxidantes, ajuda a ativar o metabolismo da pele, firma a pele e melhora a elasticidade.<\/p>\n<p style=\"text-align: justify\">Stevia: A stevia n\u00e3o s\u00f3 tem muitos benef\u00edcios para a sa\u00fade, mas tamb\u00e9m \u00e9 muito ben\u00e9fica para a sua pele! Estudos demonstraram que a est\u00e9via previne rugas, interrompe os sinais de envelhecimento, reduz a acne, combate a dermatite ou eczema e revitaliza a pele!<\/p>\n<p>\u00a0<\/p>\n","protected":false},"excerpt":{"rendered":"<p>face gel<\/p>\n","protected":false},"featured_media":71271,"comment_status":"open","ping_status":"closed","template":"","meta":{"inline_featured_image":false},"products\/brands":[4965],"product_cat":[5115,8740,8706],"product_tag":[5038,4430,22519,4853,4441,4443,4454,4444,4445,4437,4436],"class_list":{"0":"post-71270","1":"product","2":"type-product","3":"status-publish","4":"has-post-thumbnail","6":"product_brand-hih","7":"product_cat-cuidados-de-pele","8":"product_cat-mascaras-de-noite","9":"product_cat-mascaras-faciais","10":"product_tag-armazem-krabi","11":"product_tag-borbulhas-e-pontos-negros","12":"product_tag-compra-1-leva-1","13":"product_tag-hih-moisturizing-beauty-sleeping-mask","14":"product_tag-manchas","15":"product_tag-mista-ou-oleosa","16":"product_tag-normal","17":"product_tag-pele-seca","18":"product_tag-pele-sensivel-e-reativa","19":"product_tag-poros-dilatados","20":"product_tag-sinais-de-envelhecimento","21":"product_shipping_class-armazem-tailandia","23":"first","24":"instock","25":"taxable","26":"shipping-taxable","27":"purchasable","28":"product-type-simple"},"_links":{"self":[{"href":"https:\/\/neuzamariano.com\/loja\/wp-json\/wp\/v2\/product\/71270","targetHints":{"allow":["GET"]}}],"collection":[{"href":"https:\/\/neuzamariano.com\/loja\/wp-json\/wp\/v2\/product"}],"about":[{"href":"https:\/\/neuzamariano.com\/loja\/wp-json\/wp\/v2\/types\/product"}],"replies":[{"embeddable":true,"href":"https:\/\/neuzamariano.com\/loja\/wp-json\/wp\/v2\/comments?post=71270"}],"wp:featuredmedia":[{"embeddable":true,"href":"https:\/\/neuzamariano.com\/loja\/wp-json\/wp\/v2\/media\/71271"}],"wp:attachment":[{"href":"https:\/\/neuzamariano.com\/loja\/wp-json\/wp\/v2\/media?parent=71270"}],"wp:term":[{"taxonomy":"product_brand","embeddable":true,"href":"https:\/\/neuzamariano.com\/loja\/wp-json\/wp\/v2\/products\/brands?post=71270"},{"taxonomy":"product_cat","embeddable":true,"href":"https:\/\/neuzamariano.com\/loja\/wp-json\/wp\/v2\/product_cat?post=71270"},{"taxonomy":"product_tag","embeddable":true,"href":"https:\/\/neuzamariano.com\/loja\/wp-json\/wp\/v2\/product_tag?post=71270"}],"curies":[{"name":"wp","href":"https:\/\/api.w.org\/{rel}","templated":true}]}}