{"id":69767,"date":"2023-01-28T14:24:58","date_gmt":"2023-01-28T07:24:58","guid":{"rendered":"https:\/\/neuzamariano.com\/loja\/?post_type=product&#038;p=69767"},"modified":"2026-05-01T17:49:33","modified_gmt":"2026-05-01T10:49:33","slug":"etude-house-my-lash-serum","status":"publish","type":"product","link":"https:\/\/neuzamariano.com\/loja\/etude-house-my-lash-serum\/","title":{"rendered":"Etude House My Lash Serum"},"content":{"rendered":"<blockquote><p>S\u00e9rum de pestanas e sobrancelhas com mais de 15 anos<\/p><\/blockquote>\n<p style=\"text-align: justify;\">\u25fe Realize os seus sonhos com o Etude House My Lash Serum que lhe dar\u00e1 pestanas mais fortes, espessas e longas. Este s\u00e9rum \u00e9 leve, claro e n\u00e3o \u00e9 pegajoso. O aplicador deste soro facilita a aplica\u00e7\u00e3o em cada c\u00edlio.<\/p>\n<p style=\"text-align: justify;\">\u25fe Saud\u00e1vel desde a Raiz! Nutre seus c\u00edlios desde a raiz, permitindo que seus c\u00edlios sejam mais fortes, resistentes e saud\u00e1veis.<\/p>\n<p style=\"text-align: justify;\">\u25fe O s\u00e9rum fornece ess\u00eancia ao longo da linha dos olhos e acalma a pele do stress e da maquiagem.<\/p>\n<p style=\"text-align: justify;\">\u25fe S\u00e9rum nutritivo que penetra e reveste os seus c\u00edlios com vitaminas saud\u00e1veis para evitar a quebra dos c\u00edlios.<\/p>\n<p style=\"text-align: justify;\">\u25fe Tamb\u00e9m ajuda os seus c\u00edlios a crescerem saud\u00e1veis e evitando a queda.<\/p>\n<p style=\"text-align: justify;\">\u25fe Tratamento para c\u00edlios e sobrancelhas.\u2800<\/p>\n<p style=\"text-align: justify;\">\u25fe Ajuda a nutrir e acalmar as ra\u00edzes dos c\u00edlios e sobrancelhas.\u2800<\/p>\n<p style=\"text-align: justify;\">\u25fe Use sozinho ou por baixo do r\u00edmel.<\/p>\n<p>\u25fe Seguro caso entre dentro do olho.<\/p>\n<p style=\"text-align: justify;\">Instru\u00e7\u00e3o de uso:<br \/>\n1. Aplique o s\u00e9rum com o pincel da base dos c\u00edlios at\u00e9 as pontas, como se fosse uma m\u00e1scara de pestanas.<\/p>\n<p style=\"text-align: justify;\">2. O s\u00e9rum pode ser usado tanto \u00e0 noite quanto durante o dia.<\/p>\n<p style=\"text-align: justify;\">Ingredientes que amamos:<\/p>\n<p style=\"text-align: justify;\">Biotina: Um componente de muitas enzimas em nosso corpo. Pode suavizar a pele e ajudar a fortalecer o cabelo.<br \/>\nAloe vera: Aloe vera tem fortes propriedades anti-inflamat\u00f3rias, calmantes e hidratantes.<\/p>\n<p style=\"text-align: justify;\">Cont\u00e9m Aloe Vera e Ginseng, extrato de Pantenol e Dogwood Berry.<\/p>\n<p style=\"text-align: justify;\">Ingredients<br \/>\nWater\/\u200bAqua\/\u200bEau, Glyceryl Polymethacrylate, Butylene Glycol, Glycerin, 1,2-Hexanediol, Lithium Magnesium Sodium Silicate (Nano), Ammonium Acryloyldimethyltaurate\/\u200bVP Copolymer, Caprylyl Glycol, Disodium EDTA, Ethylhexylglycerin, Alcohol, Camellia Sinensis Leaf Water, Zingiber Officinale (Ginger) Root Extract, Biotin, Tocopherol<\/p>\n<p style=\"text-align: justify;\">tamanho: 9g<\/p>\n<p style=\"text-align: justify;\">Produto Coreano<\/p>\n","protected":false},"excerpt":{"rendered":"<p>face gel<\/p>\n","protected":false},"featured_media":69768,"comment_status":"open","ping_status":"closed","template":"","meta":{"inline_featured_image":false},"products\/brands":[4736],"product_cat":[5115,8700,8765],"product_tag":[5038,22519,4833,4832,4836,4835,4837,4834],"class_list":{"0":"post-69767","1":"product","2":"type-product","3":"status-publish","4":"has-post-thumbnail","6":"product_brand-etude","7":"product_cat-cuidados-de-pele","8":"product_cat-hidratacao-facial","9":"product_cat-olhos-hidratacao-facial","10":"product_tag-armazem-krabi","11":"product_tag-compra-1-leva-1","12":"product_tag-etude-house","13":"product_tag-etude-house-my-lash-serum","14":"product_tag-pestanas-maiores","15":"product_tag-pestanas-mais-fortes","16":"product_tag-pestanas-volumosas","17":"product_tag-serum-pestanas","18":"product_shipping_class-armazem-tailandia","20":"first","21":"instock","22":"featured","23":"taxable","24":"shipping-taxable","25":"purchasable","26":"product-type-simple"},"_links":{"self":[{"href":"https:\/\/neuzamariano.com\/loja\/wp-json\/wp\/v2\/product\/69767","targetHints":{"allow":["GET"]}}],"collection":[{"href":"https:\/\/neuzamariano.com\/loja\/wp-json\/wp\/v2\/product"}],"about":[{"href":"https:\/\/neuzamariano.com\/loja\/wp-json\/wp\/v2\/types\/product"}],"replies":[{"embeddable":true,"href":"https:\/\/neuzamariano.com\/loja\/wp-json\/wp\/v2\/comments?post=69767"}],"wp:featuredmedia":[{"embeddable":true,"href":"https:\/\/neuzamariano.com\/loja\/wp-json\/wp\/v2\/media\/69768"}],"wp:attachment":[{"href":"https:\/\/neuzamariano.com\/loja\/wp-json\/wp\/v2\/media?parent=69767"}],"wp:term":[{"taxonomy":"product_brand","embeddable":true,"href":"https:\/\/neuzamariano.com\/loja\/wp-json\/wp\/v2\/products\/brands?post=69767"},{"taxonomy":"product_cat","embeddable":true,"href":"https:\/\/neuzamariano.com\/loja\/wp-json\/wp\/v2\/product_cat?post=69767"},{"taxonomy":"product_tag","embeddable":true,"href":"https:\/\/neuzamariano.com\/loja\/wp-json\/wp\/v2\/product_tag?post=69767"}],"curies":[{"name":"wp","href":"https:\/\/api.w.org\/{rel}","templated":true}]}}