{"id":69549,"date":"2023-01-20T20:41:15","date_gmt":"2023-01-20T13:41:15","guid":{"rendered":"https:\/\/neuzamariano.com\/loja\/?post_type=product&#038;p=69549"},"modified":"2026-03-19T15:44:44","modified_gmt":"2026-03-19T08:44:44","slug":"beauty-of-joseon-repair-serum-ginseng-snail","status":"publish","type":"product","link":"https:\/\/neuzamariano.com\/loja\/beauty-of-joseon-repair-serum-ginseng-snail\/","title":{"rendered":"Beauty of Joseon Repair Serum Ginseng + Snail"},"content":{"rendered":"<blockquote>\n<p style=\"text-align: justify;\">A marca coreana Beauty of Joseon usa luxuosas ervas orientais para criar cuidados com a pele. A marca foi inspirada em uma enciclop\u00e9dia do s\u00e9culo 19 que descreve os segredos de cuidados com a pele das mulheres coreanas de classe alta.<\/p>\n<\/blockquote>\n<p style=\"text-align: justify;\">\ud83d\udfea Beauty of Joseon Repair Serum Ginseng + Snail \u00e9 um serum dedicado a peles que precisam de ser recuperadas e que perderam a vitalidade.<\/p>\n<p style=\"text-align: justify;\">\ud83d\udfea Cont\u00e9m &#8216;ginseng&#8217;, que tem sido usado como um importante ingrediente \u00e0 base de plantas h\u00e1 muito tempo, e 3% de &#8216;filtrado de secre\u00e7\u00e3o de caracol&#8217;, que cria a melhor sinergia para a elasticidade da pele.<\/p>\n<p style=\"text-align: justify;\">\ud83d\udfea Com ingredientes eficazes que aumentam a luminosidade da pele.<\/p>\n<p style=\"text-align: justify;\">\ud83d\udfea \u00c9 um serum leve que restaura a vitalidade da pele. Utiliza ingredientes activos naturais para estimular a regenera\u00e7\u00e3o celular e reduzir o aparecimento de pigmenta\u00e7\u00e3o.<\/p>\n<p style=\"text-align: justify;\">\ud83d\udfea Usa extrato de raiz de ginseng e secre\u00e7\u00e3o de caracol para renovar as c\u00e9lulas, proteger a pele e estimular a produ\u00e7\u00e3o de col\u00e1geno. Al\u00e9m disso, esses componentes-chave s\u00e3o ricos em antioxidantes e acalmam a pele. Os antioxidantes retardam o processo de envelhecimento, enquanto o \u00e1cido hialur\u00f4nico neutraliza o aparecimento de rugas e proporciona maior elasticidade \u00e0 pele. Um serum nutritivo que fornece hidrata\u00e7\u00e3o intensiva para uma tez de apar\u00eancia radiante.<\/p>\n<p style=\"text-align: justify;\">\ud83d\udfea Hidrata e nutre a pele, Ilumina e uniformiza a tez da pele, Fornece antioxidantes para proteger a pele contra danos UV<\/p>\n<p style=\"text-align: justify;\">Ingredientes estrela:<\/p>\n<p style=\"text-align: justify;\"><strong>\ud83d\udfea \u00c1gua de raiz de ginseng 63%<\/strong><\/p>\n<p style=\"text-align: justify;\">Em Donguibogam, um livro coreano de fitoterapia, o ginseng era usado como um importante medicamento oriental e registado como &#8216;Shincho&#8217;, que significa erva dos deuses. Hwang Jini, conhecida como a mulher mais bonita da Dinastia <em>Joseon<\/em>, usava uma decoc\u00e7\u00e3o de ginseng como \u00e1gua de banho. A rica saponina contida no ginseng ajuda a fornecer humidade rapidamente \u00e0 pele e a mant\u00ea-la profundamente dentro da pele por um longo tempo para ajudar a criar uma pele saud\u00e1vel.<\/p>\n<p style=\"text-align: justify;\"><strong>\ud83d\udfea Secre\u00e7\u00e3o de caracol filtrada<\/strong><\/p>\n<p style=\"text-align: justify;\">Tem dois componentes que estimulam a repara\u00e7\u00e3o dos tecidos e promovem a r\u00e1pida renova\u00e7\u00e3o celular, que s\u00e3o as enzimas de fibrin\u00f3lise &#8211; que se acredita serem o alimento celular da pele e o \u00e1cido glic\u00f3lico &#8211; serve como um esfoliante natural que trata cicatrizes, linhas finas e rugas.<\/p>\n<p style=\"text-align: justify;\"><strong>\ud83d\udfea\u00a0 Niacinamida<\/strong><\/p>\n<p style=\"text-align: justify;\">A niacinamida ajuda a construir c\u00e9lulas na pele, al\u00e9m de proteg\u00ea-las do stress ambiental, como luz solar, polui\u00e7\u00e3o e toxinas. Trata a acne. A niacinamida pode ser \u00fatil para acne grave, especialmente formas inflamat\u00f3rias como p\u00e1pulas e p\u00fastulas. A textura da pele melhora.<\/p>\n<p style=\"text-align: justify;\"><strong>\ud83d\udfea <\/strong>Trehalose<\/p>\n<p style=\"text-align: justify;\">A trealose tem a capacidade de proteger as membranas celulares e prote\u00ednas l\u00e1beis contra danos e desnatura\u00e7\u00e3o como resultado de disseca\u00e7\u00e3o e stress oxidativo.<\/p>\n<p style=\"text-align: justify;\"><strong>\ud83d\udfea <\/strong>\u00c1cido hialor\u00f3nico<\/p>\n<p style=\"text-align: justify;\">O \u00e1cido hialur\u00f3nico ajuda a esticar e flexionar a pele e reduz as rugas e linhas da pele. Tamb\u00e9m provou ajudar as feridas a cicatrizar mais rapidamente e pode reduzir as cicatrizes.<\/p>\n<p><strong>\ud83d\udfea Alca\u00e7uz\u00a0<\/strong><\/p>\n<p style=\"text-align: justify;\">Tem um efeito calmante na pele e ajuda a aliviar a inflama\u00e7\u00e3o. A glicirrizina encontrada no alca\u00e7uz pode reduzir a vermelhid\u00e3o, irrita\u00e7\u00e3o e incha\u00e7o, e \u00e9 usada para tratar problemas de pele como dermatite at\u00f3pica e eczema.<\/p>\n<p><strong>Como usar:<\/strong><\/p>\n<p>Aplique 2-3 gotas de soro no rosto, evitando os olhos. Em seguida, aplique suavemente na pele para ajudar na absor\u00e7\u00e3o.<\/p>\n<p style=\"text-align: justify;\">Indicado para todos os tipos de pele<\/p>\n<p>30ml<\/p>\n<p style=\"text-align: justify;\">Ingredientes: panax ginseng root wateraquabutylene glycolsnail secretion filtratedipropylene glycol dibenzoate1.2-hexanediolglycerinniacinamidepropanedioltrehalose carbomertromethaminexanthan gumcentella asiatica extractganoderma lucidum extractpanax ginseng (asian ginseng) root extractMalt Extractsodium polyacrylateadenosineglyceryl acrylate\/acrylic acid copolymerdisodium edtaphellinus linteus extractsodium hyaluronatehydrolyzed hyaluronic acidforsythia suspensa fruit extractlonicera japonica flower extractscutellaria baicalensis root extractSodium Acetylated Hyaluronate<\/p>\n","protected":false},"excerpt":{"rendered":"<p>face cream<\/p>\n","protected":false},"featured_media":69550,"comment_status":"open","ping_status":"closed","template":"","meta":{"inline_featured_image":false},"products\/brands":[4824],"product_cat":[5115,8703,8700],"product_tag":[5038,4823,4825,22519,4441,4454,4444,4445,4436],"class_list":{"0":"post-69549","1":"product","2":"type-product","3":"status-publish","4":"has-post-thumbnail","6":"product_brand-beauty-of-joseon","7":"product_cat-cuidados-de-pele","8":"product_cat-essencias-soros-e-ampolas","9":"product_cat-hidratacao-facial","10":"product_tag-armazem-krabi","11":"product_tag-beauty-of-joseon","12":"product_tag-beauty-of-joseon-repair-serum-ginseng-snail","13":"product_tag-compra-1-leva-1","14":"product_tag-manchas","15":"product_tag-normal","16":"product_tag-pele-seca","17":"product_tag-pele-sensivel-e-reativa","18":"product_tag-sinais-de-envelhecimento","19":"product_shipping_class-armazem-tailandia","21":"first","22":"instock","23":"taxable","24":"shipping-taxable","25":"purchasable","26":"product-type-simple"},"_links":{"self":[{"href":"https:\/\/neuzamariano.com\/loja\/wp-json\/wp\/v2\/product\/69549","targetHints":{"allow":["GET"]}}],"collection":[{"href":"https:\/\/neuzamariano.com\/loja\/wp-json\/wp\/v2\/product"}],"about":[{"href":"https:\/\/neuzamariano.com\/loja\/wp-json\/wp\/v2\/types\/product"}],"replies":[{"embeddable":true,"href":"https:\/\/neuzamariano.com\/loja\/wp-json\/wp\/v2\/comments?post=69549"}],"wp:featuredmedia":[{"embeddable":true,"href":"https:\/\/neuzamariano.com\/loja\/wp-json\/wp\/v2\/media\/69550"}],"wp:attachment":[{"href":"https:\/\/neuzamariano.com\/loja\/wp-json\/wp\/v2\/media?parent=69549"}],"wp:term":[{"taxonomy":"product_brand","embeddable":true,"href":"https:\/\/neuzamariano.com\/loja\/wp-json\/wp\/v2\/products\/brands?post=69549"},{"taxonomy":"product_cat","embeddable":true,"href":"https:\/\/neuzamariano.com\/loja\/wp-json\/wp\/v2\/product_cat?post=69549"},{"taxonomy":"product_tag","embeddable":true,"href":"https:\/\/neuzamariano.com\/loja\/wp-json\/wp\/v2\/product_tag?post=69549"}],"curies":[{"name":"wp","href":"https:\/\/api.w.org\/{rel}","templated":true}]}}