{"id":69543,"date":"2023-01-20T19:58:00","date_gmt":"2023-01-20T12:58:00","guid":{"rendered":"https:\/\/neuzamariano.com\/loja\/?post_type=product&#038;p=69543"},"modified":"2026-03-19T15:45:07","modified_gmt":"2026-03-19T08:45:07","slug":"beauty-of-joseon-glow-serum-prololis-niacinamide","status":"publish","type":"product","link":"https:\/\/neuzamariano.com\/loja\/beauty-of-joseon-glow-serum-prololis-niacinamide\/","title":{"rendered":"Beauty of Joseon Glow Serum Prololis + Niacinamide"},"content":{"rendered":"<blockquote><p>A marca coreana Beauty of Joseon usa luxuosas ervas orientais para criar cuidados com a pele. A marca foi inspirada em uma enciclop\u00e9dia do s\u00e9culo 19 que descreve os segredos de cuidados com a pele das mulheres coreanas de classe alta.<\/p><\/blockquote>\n<p style=\"text-align: justify\">\ud83d\udfe8 The Beauty of Joseon Glow Serum Pr\u00f3polis + Niacinamida tem ervas medicinais coreanas tradicionais. \u00c9 formulado com 60% de extrato de pr\u00f3polis e 2% de niacinamida. Ambos os ingredientes t\u00eam excelentes efeitos anti-inflamat\u00f3rios e ajudam a prevenir a acne para uma pele saud\u00e1vel e refinar os poros.<\/p>\n<p style=\"text-align: justify\">\ud83d\udfe8 Fortale\u00e7a a pele sem brilho com este soro potente infundido com 60% de pr\u00f3polis e 2% de niacinamida para combater a inflama\u00e7\u00e3o, controlar a produ\u00e7\u00e3o de sebo e tratar a hiperpigmenta\u00e7\u00e3o, mantendo os n\u00edveis de hidrata\u00e7\u00e3o altos. A textura rica e semelhante ao mel \u00e9 rapidamente absorvida pela pele sem deixar uma sensa\u00e7\u00e3o pegajosa. Formulado usando apenas ingredientes certificados pelo EWG, este serum \u00e9 adequado para peles sens\u00edveis.<\/p>\n<p style=\"text-align: justify\">\ud83d\udfe8 Este serum \u00e9 feito para problemas com poros dilatados e pele inflamada.<br \/>\nCom 60% de extrato de pr\u00f3polis e 2% de niacinamida, ajuda a controlar a secre\u00e7\u00e3o de sebo e mant\u00e9m a pele h\u00famida.<\/p>\n<p style=\"text-align: justify\">Ingredientes estrela:<\/p>\n<p style=\"text-align: justify\"><strong><span style=\"color: var(--rz-text-color);font-family: var(--rz-font-family-primary)\">\ud83d\udfe8 Extrato de Pr\u00f3polis 60%\u00a0<\/span><\/strong><\/p>\n<p style=\"text-align: justify\"><span style=\"color: var(--rz-text-color);font-family: var(--rz-font-family-primary)\">Fortalece a barreira cut\u00e2nea\u00a0<\/span><\/p>\n<p style=\"text-align: justify\">H\u00e1 um registo de que as mulheres da Dinastia <em>Joseon<\/em> usavam mel e gr\u00e3os em p\u00f3 como um pacote de m\u00e1scara lav\u00e1vel para cuidar de sua pele. Como ingrediente para a pele, o extrato de pr\u00f3polis \u00e9 eficaz para hidratar a pele, melhorando a pele inflamada.<\/p>\n<p style=\"text-align: justify\"><strong>\ud83d\udfe8 Niacinamida 2%<\/strong><\/p>\n<p style=\"text-align: justify\">Regula a produ\u00e7\u00e3o de sebo<\/p>\n<p style=\"text-align: justify\">Entre os v\u00e1rios efeitos da niacinamida, \u00e9 especialmente \u00fatil no controle da secre\u00e7\u00e3o de sebo e na manuten\u00e7\u00e3o do equil\u00edbrio de \u00f3leo e humidade da pele.<\/p>\n<p style=\"text-align: justify\"><strong>\ud83d\udfe8 BHA 0,5%<\/strong><\/p>\n<p style=\"text-align: justify\">Limpa os poros e pontos negros<\/p>\n<p style=\"text-align: justify\">Como esfoliante lipossol\u00favel, ajuda a remover o sebo e os res\u00edduos acumulados nos poros.<\/p>\n<p style=\"text-align: justify\"><strong>\ud83d\udfe8 Curcuma<\/strong><\/p>\n<p style=\"text-align: justify\">Diminui a irrita\u00e7\u00e3o e pele vermelha<\/p>\n<p style=\"text-align: justify\"><strong>\ud83d\udfe8 Flores de Melia azedarach<\/strong><\/p>\n<p style=\"text-align: justify\">Previne a acne<\/p>\n<p>30ml<\/p>\n<p style=\"text-align: justify\"><strong>Como usar:<\/strong><\/p>\n<p style=\"text-align: justify\">Aplique 2-3 gotas de soro no rosto, evitando os olhos. Em seguida, aplique suavemente na pele para ajudar na absor\u00e7\u00e3o.<\/p>\n<p style=\"text-align: justify\">Ingredientes: Propolis Extract, Dipropylene Glycol, Glycerin, Butylene Glycol, Water, Niacinamide, 1,2-Hexanediol, Melia Azadirachta Flower Extract, Melia Azadirachta Leaf Extract, Sodium Hyaluronate, Curcuma Longa Root Extract, Ocimum Sanctum Leaf Extract, Theobroma Cacao Seed Extract, Melaleuca Alternifolia Extract, Centella Asiatica Extract, Corallina Officinalis Extract, Lotus Corniculatus Seed Extract, Calophyllum Inophyllum Seed Oil, Betaine Salicylate, Sodium Polyacryloyldimethyl Taurate, Tromethamine, Polyglyceryl-10 Laurate, Caprylyl Glycol, Ethylhexylglycerin, Dextrin, Pentylene Glycol, Octanediol, Tocopherol, Xanthan Gum, Carbomer<\/p>\n","protected":false},"excerpt":{"rendered":"<p>face gel<\/p>\n","protected":false},"featured_media":69545,"comment_status":"open","ping_status":"closed","template":"","meta":{"inline_featured_image":false},"products\/brands":[4824],"product_cat":[5115,8703,8700],"product_tag":[5038,4823,4822,4430,22519,4443,4445,4437],"class_list":{"0":"post-69543","1":"product","2":"type-product","3":"status-publish","4":"has-post-thumbnail","6":"product_brand-beauty-of-joseon","7":"product_cat-cuidados-de-pele","8":"product_cat-essencias-soros-e-ampolas","9":"product_cat-hidratacao-facial","10":"product_tag-armazem-krabi","11":"product_tag-beauty-of-joseon","12":"product_tag-beauty-of-joseon-glow-serum-prololis-niacinamide","13":"product_tag-borbulhas-e-pontos-negros","14":"product_tag-compra-1-leva-1","15":"product_tag-mista-ou-oleosa","16":"product_tag-pele-sensivel-e-reativa","17":"product_tag-poros-dilatados","18":"product_shipping_class-armazem-tailandia","20":"first","21":"instock","22":"taxable","23":"shipping-taxable","24":"purchasable","25":"product-type-simple"},"_links":{"self":[{"href":"https:\/\/neuzamariano.com\/loja\/wp-json\/wp\/v2\/product\/69543","targetHints":{"allow":["GET"]}}],"collection":[{"href":"https:\/\/neuzamariano.com\/loja\/wp-json\/wp\/v2\/product"}],"about":[{"href":"https:\/\/neuzamariano.com\/loja\/wp-json\/wp\/v2\/types\/product"}],"replies":[{"embeddable":true,"href":"https:\/\/neuzamariano.com\/loja\/wp-json\/wp\/v2\/comments?post=69543"}],"wp:featuredmedia":[{"embeddable":true,"href":"https:\/\/neuzamariano.com\/loja\/wp-json\/wp\/v2\/media\/69545"}],"wp:attachment":[{"href":"https:\/\/neuzamariano.com\/loja\/wp-json\/wp\/v2\/media?parent=69543"}],"wp:term":[{"taxonomy":"product_brand","embeddable":true,"href":"https:\/\/neuzamariano.com\/loja\/wp-json\/wp\/v2\/products\/brands?post=69543"},{"taxonomy":"product_cat","embeddable":true,"href":"https:\/\/neuzamariano.com\/loja\/wp-json\/wp\/v2\/product_cat?post=69543"},{"taxonomy":"product_tag","embeddable":true,"href":"https:\/\/neuzamariano.com\/loja\/wp-json\/wp\/v2\/product_tag?post=69543"}],"curies":[{"name":"wp","href":"https:\/\/api.w.org\/{rel}","templated":true}]}}