{"id":67246,"date":"2022-11-12T15:05:00","date_gmt":"2022-11-12T08:05:00","guid":{"rendered":"https:\/\/neuzamariano.com\/loja\/?post_type=product&#038;p=67246"},"modified":"2026-03-19T15:51:25","modified_gmt":"2026-03-19T08:51:25","slug":"megrhythm-steam-eye-mask-oriental-herb-peel","status":"publish","type":"product","link":"https:\/\/neuzamariano.com\/loja\/megrhythm-steam-eye-mask-oriental-herb-peel\/","title":{"rendered":"MegRhythm Steam Eye Mask &#8211; Oriental Herb Peel"},"content":{"rendered":"<blockquote><p>N\u00ba1 de Vendas no Jap\u00e3o<\/p><\/blockquote>\n<p>\ud83c\udf4a Inspirado nos benef\u00edcios curativos das ervas orientais, alivia e refresca os olhos cansados \u200b\u200bcom a combina\u00e7\u00e3o \u00fanica de calor confort\u00e1vel do vapor de 40\u00b0C e mistura de fragr\u00e2ncia de ervas orientais!<\/p>\n<p>\ud83c\udf4a Desfrute de total relaxamento e rejuvenescimento com um calor oriental \u00fanico. Agora dispon\u00edvel em edi\u00e7\u00e3o limitada com aroma de artem\u00edsia e aroma com casca de tangerina!<\/p>\n<p>MegRhythm Steam Eye Mask permanece a uma temperatura confort\u00e1vel por 10 minutos, banhando os olhos e a delicada \u00e1rea dos olhos em vapor quente. Este \u201cbanho de vapor para os olhos\u201d ajuda a liberar profundamente a tens\u00e3o do dia e acalma a mente.<\/p>\n<ul>\n<li>Relaxa corpo e mente<\/li>\n<li>Acalma olhos cansados<\/li>\n<li>Vapor suave arom\u00e1tico<\/li>\n<li>Auto aquecimento at\u00e9 40\u00ba<\/li>\n<li>Dura cerca de 25m<\/li>\n<li>Ajuda a adormecer<\/li>\n<li>Acalma a mente<\/li>\n<li>Alivia dores de cabe\u00e7a<\/li>\n<li>Diminui olheiras<\/li>\n<li>Diminui c\u00edrculos escuros dos olhos<\/li>\n<li>Combina \u00f3leos essenciais e fragr\u00e2ncia<\/li>\n<\/ul>\n<p>\u00a0<\/p>\n<p>Cont\u00e9m 5 m\u00e1scaras de olhos<\/p>\n","protected":false},"excerpt":{"rendered":"<p>face gel<\/p>\n","protected":false},"featured_media":67264,"comment_status":"open","ping_status":"closed","template":"","meta":{"inline_featured_image":false},"products\/brands":[4754],"product_cat":[5115,8739,8706],"product_tag":[5038,22519,4069,4756,4755],"class_list":{"0":"post-67246","1":"product","2":"type-product","3":"status-publish","4":"has-post-thumbnail","6":"product_brand-kao","7":"product_cat-cuidados-de-pele","8":"product_cat-mascaras-de-folha","9":"product_cat-mascaras-faciais","10":"product_tag-armazem-krabi","11":"product_tag-compra-1-leva-1","12":"product_tag-j-beauty","13":"product_tag-megrhythm-steam-eye-mask","14":"product_tag-megrhythm-steam-eye-mask-oriental-herb-peel","15":"product_shipping_class-armazem-tailandia","17":"first","18":"instock","19":"taxable","20":"shipping-taxable","21":"purchasable","22":"product-type-simple"},"_links":{"self":[{"href":"https:\/\/neuzamariano.com\/loja\/wp-json\/wp\/v2\/product\/67246","targetHints":{"allow":["GET"]}}],"collection":[{"href":"https:\/\/neuzamariano.com\/loja\/wp-json\/wp\/v2\/product"}],"about":[{"href":"https:\/\/neuzamariano.com\/loja\/wp-json\/wp\/v2\/types\/product"}],"replies":[{"embeddable":true,"href":"https:\/\/neuzamariano.com\/loja\/wp-json\/wp\/v2\/comments?post=67246"}],"wp:featuredmedia":[{"embeddable":true,"href":"https:\/\/neuzamariano.com\/loja\/wp-json\/wp\/v2\/media\/67264"}],"wp:attachment":[{"href":"https:\/\/neuzamariano.com\/loja\/wp-json\/wp\/v2\/media?parent=67246"}],"wp:term":[{"taxonomy":"product_brand","embeddable":true,"href":"https:\/\/neuzamariano.com\/loja\/wp-json\/wp\/v2\/products\/brands?post=67246"},{"taxonomy":"product_cat","embeddable":true,"href":"https:\/\/neuzamariano.com\/loja\/wp-json\/wp\/v2\/product_cat?post=67246"},{"taxonomy":"product_tag","embeddable":true,"href":"https:\/\/neuzamariano.com\/loja\/wp-json\/wp\/v2\/product_tag?post=67246"}],"curies":[{"name":"wp","href":"https:\/\/api.w.org\/{rel}","templated":true}]}}