{"id":67091,"date":"2022-11-10T19:33:00","date_gmt":"2022-11-10T12:33:00","guid":{"rendered":"https:\/\/neuzamariano.com\/loja\/?post_type=product&#038;p=67091"},"modified":"2026-03-19T15:52:23","modified_gmt":"2026-03-19T08:52:23","slug":"lip-balm-cat-pink-berry","status":"publish","type":"product","link":"https:\/\/neuzamariano.com\/loja\/lip-balm-cat-pink-berry\/","title":{"rendered":"Lip Balm Cat Pink Berry"},"content":{"rendered":"<p style=\"text-align: justify\">Um b\u00e1lsamo labial \u00e0 base de cera de abelha de nutri\u00e7\u00e3o profunda que hidrata e suaviza os l\u00e1bios. Este Pink Berry personaliza facilmente o seu visual com cores naturais e nutre os l\u00e1bios secos, mantendo-os revitalizados e hidratados . Formulado e enriquecido com ingredientes naturais e org\u00e2nicos certificados ECO Cert com Hyaluronic Filling Spheres\u2122 patenteado para hidrata\u00e7\u00e3o e prote\u00e7\u00e3o intensa de longa dura\u00e7\u00e3o. Livre de parabenos. Livre de ftalatos. Sem Petroqu\u00edmica. Sem \u00f3leos minerais ou dimeticona.<\/p>\n<p>3,5g<\/p>\n<p>Cera de Abelha Org\u00e2nica<br \/>\nManteiga de karit\u00e9<br \/>\n\u00d3leo de rosa mosqueta<br \/>\nExtrato de Aloe Barbadensis<br \/>\n\u00d3leo de Argania Spinosa<br \/>\nExtrato de Fruto de Sabugueiro<br \/>\nExtrato de Azeite<br \/>\nHyaluronic Filling Spheres\u2122 patenteado<\/p>\n","protected":false},"excerpt":{"rendered":"<p>balm<\/p>\n","protected":false},"featured_media":67092,"comment_status":"open","ping_status":"closed","template":"","meta":{"inline_featured_image":false},"products\/brands":[],"product_cat":[5115,8700,8766],"product_tag":[5038,22519,3997,5786,2065,4746,4747],"class_list":{"0":"post-67091","1":"product","2":"type-product","3":"status-publish","4":"has-post-thumbnail","6":"product_cat-cuidados-de-pele","7":"product_cat-hidratacao-facial","8":"product_cat-labios-hidratacao-facial","9":"product_tag-armazem-krabi","10":"product_tag-compra-1-leva-1","11":"product_tag-k-beauty","12":"product_tag-leva-3-paga-2","13":"product_tag-lip-balm","14":"product_tag-lip-balm-cat","15":"product_tag-lip-balm-cat-pink-berry","16":"product_shipping_class-armazem-tailandia","18":"first","19":"instock","20":"featured","21":"taxable","22":"shipping-taxable","23":"purchasable","24":"product-type-simple"},"_links":{"self":[{"href":"https:\/\/neuzamariano.com\/loja\/wp-json\/wp\/v2\/product\/67091","targetHints":{"allow":["GET"]}}],"collection":[{"href":"https:\/\/neuzamariano.com\/loja\/wp-json\/wp\/v2\/product"}],"about":[{"href":"https:\/\/neuzamariano.com\/loja\/wp-json\/wp\/v2\/types\/product"}],"replies":[{"embeddable":true,"href":"https:\/\/neuzamariano.com\/loja\/wp-json\/wp\/v2\/comments?post=67091"}],"wp:featuredmedia":[{"embeddable":true,"href":"https:\/\/neuzamariano.com\/loja\/wp-json\/wp\/v2\/media\/67092"}],"wp:attachment":[{"href":"https:\/\/neuzamariano.com\/loja\/wp-json\/wp\/v2\/media?parent=67091"}],"wp:term":[{"taxonomy":"product_brand","embeddable":true,"href":"https:\/\/neuzamariano.com\/loja\/wp-json\/wp\/v2\/products\/brands?post=67091"},{"taxonomy":"product_cat","embeddable":true,"href":"https:\/\/neuzamariano.com\/loja\/wp-json\/wp\/v2\/product_cat?post=67091"},{"taxonomy":"product_tag","embeddable":true,"href":"https:\/\/neuzamariano.com\/loja\/wp-json\/wp\/v2\/product_tag?post=67091"}],"curies":[{"name":"wp","href":"https:\/\/api.w.org\/{rel}","templated":true}]}}