{"id":66438,"date":"2022-10-13T21:47:36","date_gmt":"2022-10-13T14:47:36","guid":{"rendered":"https:\/\/neuzamariano.com\/loja\/?post_type=product&#038;p=66438"},"modified":"2026-05-01T17:52:43","modified_gmt":"2026-05-01T10:52:43","slug":"coreana-amplen-peeling-shot-ampoule","status":"publish","type":"product","link":"https:\/\/neuzamariano.com\/loja\/coreana-amplen-peeling-shot-ampoule\/","title":{"rendered":"Coreana Ample:N Peeling Shot Ampoule"},"content":{"rendered":"<blockquote><p>Uma ampola de <em>peeling <\/em>nocturno que elimina as c\u00e9lulas mortas da pele, cuidando da textura da mesma com suavidade.<\/p><\/blockquote>\n<p style=\"text-align: justify;\">\ud83c\udf31\u00a0 AHA, BHA, PHA e ingrediente de fermento natural patenteado cuidam da pele de forma clara e pura. O aroma verde relaxa o corpo e a mente durante o sono para ajudar a terminar o dia de forma agrad\u00e1vel.<\/p>\n<p style=\"text-align: justify;\">\ud83c\udf31\u00a0 Ampola funcional que cuida de problemas de pele durante a noite.<\/p>\n<p style=\"text-align: justify;\">\ud83c\udf31\u00a0 AHA BHA PHA Vinagre Natural Fermentado.<\/p>\n<p style=\"text-align: justify;\">\ud83c\udf31\u00a0 Promova a\u00a0renova\u00e7\u00e3o celular da sua pele com a Ample: N Peeling Shot Ampoule, um tratamento avan\u00e7ado de cuidados com a pele que acelera a descama\u00e7\u00e3o das c\u00e9lulas mortas da pele para uma tez fresca e com um tom mais uniforme.<\/p>\n<p style=\"text-align: justify;\">\ud83c\udf31 Ajuda\u00a0 a desbotar marcas escuras e uniformizar o tom da pele, este produto cont\u00e9m tr\u00eas dos ingredientes esfoliantes da pele mais eficazes, apoiados pela ci\u00eancia, incluindo AHA, BHA e PHA.<\/p>\n<p style=\"text-align: justify;\">\ud83c\udf31 Com um complexo patenteado derivado de vinagre fermentado naturalmente, ameixa, rom\u00e3, arroz integral e frutas c\u00edtricas sentem os efeitos dos fitonutrientes \u00e0 medida que se infundem na pele para uma pele deliciosamente flex\u00edvel e el\u00e1stica.<\/p>\n<p style=\"text-align: justify;\">\ud83c\udf31\u00a0Desenvolvido para promover o aumento da elasticidade da pele, apar\u00eancia mais suave e maior brilho, nivele seus cuidados com a pele com energia renovada que reflecte a luz e o vi\u00e7o da pele em todos os \u00e2ngulos.<\/p>\n<p style=\"text-align: justify;\">\u25b6 Uso Sugerido<br \/>\nAntes de ir para a cama, aplique uma quantidade adequada e espalhe suavemente na pele.<\/p>\n<p style=\"text-align: justify;\">Marca: AMPLE:N<br \/>\nCapacidade: 30ml<br \/>\nTipo de Pele: Todos os Tipos de Pele<\/p>\n<p style=\"text-align: justify;\"><strong>Key Ingredients<\/strong><br \/>\nAnti-acne: Niacinamide<br \/>\nAntioxidant: Pearl Extract<br \/>\nCell-communicating ingredient: Niacinamide, Adenosine, Acetyl Hexapeptide-8, Palmitoyl Pentapeptide-4, Palmitoyl Oligopeptide<br \/>\nExfoliant: Glycolic Acid, Lactic Acid<br \/>\nSkin brightening: Niacinamide<br \/>\nSkin-identical ingredient: Glycerin, Arginine<br \/>\nSoothing: Biosaccharide Gum-1, Panthenol, Beta-Glucan, Dipotassium Glycyrrhizate<br \/>\nSunscreen: Titanium Dioxide<\/p>\n","protected":false},"excerpt":{"rendered":"<p>face cream<\/p>\n","protected":false},"featured_media":66439,"comment_status":"open","ping_status":"closed","template":"","meta":{"inline_featured_image":false},"products\/brands":[4650],"product_cat":[5115,8705],"product_tag":[4989,5038,22519,4734,2339,3997,4733],"class_list":{"0":"post-66438","1":"product","2":"type-product","3":"status-publish","4":"has-post-thumbnail","6":"product_brand-ample-n","7":"product_cat-cuidados-de-pele","8":"product_cat-limpeza","9":"product_tag-anti-idade","10":"product_tag-armazem-krabi","11":"product_tag-compra-1-leva-1","12":"product_tag-coreana-amplen-peeling-shot-ampoule","13":"product_tag-cosmetica-coreana","14":"product_tag-k-beauty","15":"product_tag-peeling-shot-ampoule","16":"product_shipping_class-armazem-tailandia","18":"first","19":"instock","20":"taxable","21":"shipping-taxable","22":"purchasable","23":"product-type-simple"},"_links":{"self":[{"href":"https:\/\/neuzamariano.com\/loja\/wp-json\/wp\/v2\/product\/66438","targetHints":{"allow":["GET"]}}],"collection":[{"href":"https:\/\/neuzamariano.com\/loja\/wp-json\/wp\/v2\/product"}],"about":[{"href":"https:\/\/neuzamariano.com\/loja\/wp-json\/wp\/v2\/types\/product"}],"replies":[{"embeddable":true,"href":"https:\/\/neuzamariano.com\/loja\/wp-json\/wp\/v2\/comments?post=66438"}],"wp:featuredmedia":[{"embeddable":true,"href":"https:\/\/neuzamariano.com\/loja\/wp-json\/wp\/v2\/media\/66439"}],"wp:attachment":[{"href":"https:\/\/neuzamariano.com\/loja\/wp-json\/wp\/v2\/media?parent=66438"}],"wp:term":[{"taxonomy":"product_brand","embeddable":true,"href":"https:\/\/neuzamariano.com\/loja\/wp-json\/wp\/v2\/products\/brands?post=66438"},{"taxonomy":"product_cat","embeddable":true,"href":"https:\/\/neuzamariano.com\/loja\/wp-json\/wp\/v2\/product_cat?post=66438"},{"taxonomy":"product_tag","embeddable":true,"href":"https:\/\/neuzamariano.com\/loja\/wp-json\/wp\/v2\/product_tag?post=66438"}],"curies":[{"name":"wp","href":"https:\/\/api.w.org\/{rel}","templated":true}]}}