{"id":65871,"date":"2022-10-12T16:25:00","date_gmt":"2022-10-12T09:25:00","guid":{"rendered":"https:\/\/neuzamariano.com\/loja\/?post_type=product&#038;p=65871"},"modified":"2026-03-19T15:57:14","modified_gmt":"2026-03-19T08:57:14","slug":"bioaqua-essence-moist-repair-tight-tender","status":"publish","type":"product","link":"https:\/\/neuzamariano.com\/loja\/bioaqua-essence-moist-repair-tight-tender\/","title":{"rendered":"Bioaqua Essence Moist Repair Tight tender"},"content":{"rendered":"<blockquote><p>Bioaqua Essence Moist Repair Tight tender \u00e9 uma ess\u00eancia hidratante anti-envelhecimento.<\/p><\/blockquote>\n<p style=\"text-align: justify\">\ud83c\udf3c Hidrata instant\u00e2nea e profundamente at\u00e9 \u00e0s camadas mais profundas da pele, repara a pele danificada. Tamb\u00e9m ajuda a pele a fortalecer a capacidade de se reparar e reconstruir a barreira protetora, mantendo a pele saud\u00e1vel.<\/p>\n<p style=\"text-align: justify\">\ud83c\udf3c Cont\u00e9m\u00a0\u00e1cido hialur\u00f4nico de alta pureza, um forte hidratante, melhora a pele seca, suave a pele, ilumina a tez, melhora o brilho e a elasticidade da pele, reduz os poros, suaviza a textura da pele<\/p>\n<p style=\"text-align: justify\">\ud83c\udf3c Repara a pele e trata danos causados pelo sol<\/p>\n<p style=\"text-align: justify\">\ud83c\udf3c\u00a0Desvanece cicatrizes de acne<\/p>\n<p style=\"text-align: justify\">\ud83c\udf3c Qualidade Premium do \u00c1cido Hialur\u00f4nico, que com uma estrutura molecular min\u00fascula que \u00e9 super f\u00e1cil de ser absorvida pela pele. Al\u00e9m disso, o componente col\u00e1genio \u00e9 indispens\u00e1vel para a nossa pele.<\/p>\n<p style=\"text-align: justify\">\ud83c\udf3c De f\u00e1cil absor\u00e7\u00e3o: As mol\u00e9culas hialoplasm\u00e1ticas do \u00c1cido Hialur\u00f4nico podem transportar mais de 500 vezes a quantidade de \u00e1gua, e agora s\u00e3o considerados os melhores hidratantes do mundo. \u00c9 um biomolecular natural amplamente existente na pele e outros tecidos e tem um excelente efeito hidratante. \u00c9 conhecido internacionalmente como o Fator de Hidrata\u00e7\u00e3o Natural (NMF) ideal.<\/p>\n<p style=\"text-align: justify\">30 ml<\/p>\n<p style=\"text-align: justify\">Indicado para todos os tipos de pele<\/p>\n","protected":false},"excerpt":{"rendered":"<p>face gel<\/p>\n","protected":false},"featured_media":65873,"comment_status":"open","ping_status":"closed","template":"","meta":{"inline_featured_image":false},"products\/brands":[4651],"product_cat":[5115,8700,8767],"product_tag":[5038,4723,22519,5786,4441,4443,4454,4444,4445,4437,4436],"class_list":{"0":"post-65871","1":"product","2":"type-product","3":"status-publish","4":"has-post-thumbnail","6":"product_brand-bioaqua","7":"product_cat-cuidados-de-pele","8":"product_cat-hidratacao-facial","9":"product_cat-tonicos-e-pads","10":"product_tag-armazem-krabi","11":"product_tag-bioaqua-essence-moist-repair-tight-tender","12":"product_tag-compra-1-leva-1","13":"product_tag-leva-3-paga-2","14":"product_tag-manchas","15":"product_tag-mista-ou-oleosa","16":"product_tag-normal","17":"product_tag-pele-seca","18":"product_tag-pele-sensivel-e-reativa","19":"product_tag-poros-dilatados","20":"product_tag-sinais-de-envelhecimento","21":"product_shipping_class-armazem-tailandia","23":"first","24":"instock","25":"featured","26":"taxable","27":"shipping-taxable","28":"purchasable","29":"product-type-simple"},"_links":{"self":[{"href":"https:\/\/neuzamariano.com\/loja\/wp-json\/wp\/v2\/product\/65871","targetHints":{"allow":["GET"]}}],"collection":[{"href":"https:\/\/neuzamariano.com\/loja\/wp-json\/wp\/v2\/product"}],"about":[{"href":"https:\/\/neuzamariano.com\/loja\/wp-json\/wp\/v2\/types\/product"}],"replies":[{"embeddable":true,"href":"https:\/\/neuzamariano.com\/loja\/wp-json\/wp\/v2\/comments?post=65871"}],"wp:featuredmedia":[{"embeddable":true,"href":"https:\/\/neuzamariano.com\/loja\/wp-json\/wp\/v2\/media\/65873"}],"wp:attachment":[{"href":"https:\/\/neuzamariano.com\/loja\/wp-json\/wp\/v2\/media?parent=65871"}],"wp:term":[{"taxonomy":"product_brand","embeddable":true,"href":"https:\/\/neuzamariano.com\/loja\/wp-json\/wp\/v2\/products\/brands?post=65871"},{"taxonomy":"product_cat","embeddable":true,"href":"https:\/\/neuzamariano.com\/loja\/wp-json\/wp\/v2\/product_cat?post=65871"},{"taxonomy":"product_tag","embeddable":true,"href":"https:\/\/neuzamariano.com\/loja\/wp-json\/wp\/v2\/product_tag?post=65871"}],"curies":[{"name":"wp","href":"https:\/\/api.w.org\/{rel}","templated":true}]}}