{"id":65774,"date":"2022-10-10T15:36:35","date_gmt":"2022-10-10T08:36:35","guid":{"rendered":"https:\/\/neuzamariano.com\/loja\/?post_type=product&#038;p=65774"},"modified":"2026-03-19T15:58:27","modified_gmt":"2026-03-19T08:58:27","slug":"skin-fusion-anti-aging-retinol-serum","status":"publish","type":"product","link":"https:\/\/neuzamariano.com\/loja\/skin-fusion-anti-aging-retinol-serum\/","title":{"rendered":"Skin Fusion Anti-Aging Retinol Serum"},"content":{"rendered":"<p style=\"text-align: justify;\">Skin Fusion Anti-Aging Retinol Serum \u00e9 um s\u00e9rum facial concentrado para pele com linhas profundas, rugas, p\u00e9s de galinha e sulcos nas bochechas. Tem a textura leve, r\u00e1pida absor\u00e7\u00e3o e \u00e9 enriquecido com Retinol, Sequoia Tree e Avena Sativa para ajudar a reduzir rugas, preencher sulcos profundos, revelando uma pele firme e mais jovem. Double Retinol promove resultados mais r\u00e1pidos com efeito anti-envelhecimento em 7 vertentes para pele firme imediatamente ap\u00f3s o uso. Promove uma pele mais firme e com apar\u00eancia mais jovem. Bio-Retinol trata as rugas rapidamente com mol\u00e9culas 50 vezes menores. Este Retinol natural \u00e9 mais suave e seguro.<\/p>\n<h6 style=\"text-align: justify;\">O que \u00e9 Bio Retinol?<\/h6>\n<p style=\"text-align: justify;\">O bio-retinol, tamb\u00e9m conhecido como Bidens Pilosa, \u00e9 uma alternativa segura, est\u00e1vel e \u00e0 base de plantas aos retin\u00f3ides para problemas de pele espec\u00edficos, como rugas, acne, manchas escuras e textura irregular da pele. Bidens Pilosa \u00e9 uma planta herb\u00e1cea, predominantemente nativa de \u00e1reas tropicais da Am\u00e9rica do Sul.<\/p>\n<p style=\"text-align: justify;\">Alternativa inovadora \u00e0 forma cl\u00e1ssica de retinol com maior toler\u00e2ncia. Desta forma, alcan\u00e7amos todos os benef\u00edcios anti-envelhecimento da fam\u00edlia do retinol, evitando os efeitos colaterais derivados de seu uso.<\/p>\n<h6 style=\"text-align: justify;\">O Bio retinol \u00e9 seguro durante a gravidez?<\/h6>\n<p style=\"text-align: justify;\">O bio retinol \u00e9 um composto vegetal que apresenta propriedades semelhantes aos retin\u00f3ides tradicionais, mas sem os efeitos colaterais. \u00c9 seguro para a gravidez, \u00f3ptimo para todos os tipos de pele e pode ser usado diariamente!<\/p>\n<p style=\"text-align: justify;\">\u00c9 um ingrediente activo muito completo que se destaca por sua efic\u00e1cia no tratamento dos efeitos do envelhecimento e foto-envelhecimento. Al\u00e9m disso, gra\u00e7as \u00e0s suas caracter\u00edsticas, proporciona um efeito renovador, iluminador e sebo-regulador que aumenta as suas indica\u00e7\u00f5es e benef\u00edcios para a pele:<\/p>\n<p style=\"text-align: justify;\">\ud83c\udf38 Reduz rugas e linhas de express\u00e3o : promove a s\u00edntese de col\u00e1geno e outras prote\u00ednas estruturais que conferem firmeza e refor\u00e7am a estrutura da pele. Como resultado, a pele fica firme, lisa e el\u00e1stica. As rugas s\u00e3o preenchidas e as linhas finas s\u00e3o removidas para um rosto jovem e impec\u00e1vel.<\/p>\n<p style=\"text-align: justify;\">\ud83c\udf38 Antioxidante e regulador da senesc\u00eancia: neutraliza os radicais livres que s\u00e3o capazes de gerar subst\u00e2ncias nocivas que causam inflama\u00e7\u00e3o e les\u00e3o nas c\u00e9lulas vizinhas. Gra\u00e7as ao seu poder antioxidante, torna-se um grande aliado contra os efeitos do sol na pele como rugas, manchas, etc\u2026<\/p>\n<p style=\"text-align: justify;\">\ud83c\udf38 Tolerante com a pele: regula os principais mediadores inflamat\u00f3rios respons\u00e1veis \u200b\u200bpelos efeitos colaterais dos retin\u00f3ides. Evita irrita\u00e7\u00f5es.<\/p>\n<p style=\"text-align: justify;\">\ud83c\udf38 Melhora a textura da pele: promove a renova\u00e7\u00e3o natural, resultando em uma pele macia e luminosa.<\/p>\n<p style=\"text-align: justify;\">\ud83c\udf38 Regula a produ\u00e7\u00e3o de \u00f3leo reduz a produ\u00e7\u00e3o excessiva de sebo e ajuda a minimizar os poros.<\/p>\n<p style=\"text-align: justify;\">\ud83c\udf38 Refor\u00e7a a defesa e a funcionalidade da barreira cut\u00e2nea. Atinge camadas profundas da pele refor\u00e7ando a funcionalidade da barreira e reconstituindo sua estrutura por dentro.<\/p>\n<p style=\"text-align: justify;\">Aprovada por uma infinidade de testes cl\u00ednicos, sua efic\u00e1cia e toler\u00e2ncia comprovadas produzem resultados que aumentam a elasticidade da pele, redensificam a derme, reduzem a hiperpigmenta\u00e7\u00e3o, melhoram a textura da pele e eliminam rugas profundas.<\/p>\n<p><strong>Benef\u00edcios:<\/strong><\/p>\n<p>\ud83c\udf38 Enriquecido com Retinol, Sequoia Tree e Avena Sativa<br \/>\n\ud83c\udf38 Ajuda a reduzir rugas e linhas de express\u00e3o<br \/>\n\ud83c\udf38 Levanta e rejuvenesce a pele<br \/>\n\ud83c\udf38 Trata a acne<br \/>\n\ud83c\udf38 Livre de parabenos, \u00e1lcool, sulfatos, silicones e \u00f3leo mineral<br \/>\n\ud83c\udf38 N\u00e3o testado em animais<br \/>\n\ud83c\udf38 Pode ser usado durante a gravidez e na amamenta\u00e7\u00e3o<\/p>\n<p>Ingredientes chave:<\/p>\n<p>Bio-Retinol, Sequoia Tree, Avena Sativa<\/p>\n<p>Instru\u00e7\u00f5es: Depois de lavar o rosto, despeje 2 gotas do s\u00e9rum nas m\u00e3os e aplique no rosto e pesco\u00e7o de manh\u00e3 e \u00e0 noite.<\/p>\n<p>Conte\u00fado: 30ml<\/p>\n","protected":false},"excerpt":{"rendered":"<p>face cream<\/p>\n","protected":false},"featured_media":70923,"comment_status":"open","ping_status":"closed","template":"","meta":{"inline_featured_image":false},"products\/brands":[8519],"product_cat":[5115,8703,8700],"product_tag":[4989,5038,4709,4430,22519,2092,3997,4441,4443,4454,4444,4445,4437,4436,4708,4425],"class_list":{"0":"post-65774","1":"product","2":"type-product","3":"status-publish","4":"has-post-thumbnail","6":"product_brand-skin-fusion-pt","7":"product_cat-cuidados-de-pele","8":"product_cat-essencias-soros-e-ampolas","9":"product_cat-hidratacao-facial","10":"product_tag-anti-idade","11":"product_tag-armazem-krabi","12":"product_tag-bio-retinol","13":"product_tag-borbulhas-e-pontos-negros","14":"product_tag-compra-1-leva-1","15":"product_tag-cosmetica-asiatica","16":"product_tag-k-beauty","17":"product_tag-manchas","18":"product_tag-mista-ou-oleosa","19":"product_tag-normal","20":"product_tag-pele-seca","21":"product_tag-pele-sensivel-e-reativa","22":"product_tag-poros-dilatados","23":"product_tag-sinais-de-envelhecimento","24":"product_tag-skin-fusion-anti-aging-retinol-serum","25":"product_tag-t-beauty","26":"product_shipping_class-armazem-tailandia","28":"first","29":"instock","30":"taxable","31":"shipping-taxable","32":"purchasable","33":"product-type-simple"},"_links":{"self":[{"href":"https:\/\/neuzamariano.com\/loja\/wp-json\/wp\/v2\/product\/65774","targetHints":{"allow":["GET"]}}],"collection":[{"href":"https:\/\/neuzamariano.com\/loja\/wp-json\/wp\/v2\/product"}],"about":[{"href":"https:\/\/neuzamariano.com\/loja\/wp-json\/wp\/v2\/types\/product"}],"replies":[{"embeddable":true,"href":"https:\/\/neuzamariano.com\/loja\/wp-json\/wp\/v2\/comments?post=65774"}],"wp:featuredmedia":[{"embeddable":true,"href":"https:\/\/neuzamariano.com\/loja\/wp-json\/wp\/v2\/media\/70923"}],"wp:attachment":[{"href":"https:\/\/neuzamariano.com\/loja\/wp-json\/wp\/v2\/media?parent=65774"}],"wp:term":[{"taxonomy":"product_brand","embeddable":true,"href":"https:\/\/neuzamariano.com\/loja\/wp-json\/wp\/v2\/products\/brands?post=65774"},{"taxonomy":"product_cat","embeddable":true,"href":"https:\/\/neuzamariano.com\/loja\/wp-json\/wp\/v2\/product_cat?post=65774"},{"taxonomy":"product_tag","embeddable":true,"href":"https:\/\/neuzamariano.com\/loja\/wp-json\/wp\/v2\/product_tag?post=65774"}],"curies":[{"name":"wp","href":"https:\/\/api.w.org\/{rel}","templated":true}]}}