{"id":64883,"date":"2022-09-21T18:27:00","date_gmt":"2022-09-21T11:27:00","guid":{"rendered":"https:\/\/neuzamariano.com\/loja\/?post_type=product&#038;p=64883"},"modified":"2026-03-19T16:02:16","modified_gmt":"2026-03-19T09:02:16","slug":"lalio-cica-daily-care-toner-pad","status":"publish","type":"product","link":"https:\/\/neuzamariano.com\/loja\/lalio-cica-daily-care-toner-pad\/","title":{"rendered":"Lalio Cica Daily Care Toner Pad"},"content":{"rendered":"<blockquote><p>Almofadas de <em>toner <\/em>hidratantes<\/p><\/blockquote>\n<p>\ud83d\udca6 Cont\u00e9m extrato de Centella Asiatica<\/p>\n<p>\ud83d\udca6Ajuda a acalmar a pele<\/p>\n<p>\ud83d\udca6 Trata problemas de acne e melasma<\/p>\n<p>\ud83d\udca6 A vitamina B3 ajuda a reduzir manchas escuras e vermelhid\u00e3o<\/p>\n<p>\ud83d\udca6 Melhora a textura da pele<\/p>\n<p>\ud83d\udca6 \u00c1cido hialur\u00f4nico que adiciona humidade<\/p>\n<p>\ud83d\udca6 Reduzi a irrita\u00e7\u00e3o e a inflama\u00e7\u00e3o<\/p>\n<p>\ud83d\udca6 Ajuda a limpar a pele<\/p>\n<p>\ud83d\udca6 Ajuda a acalmar a pele cansada do ambiente externo<\/p>\n<p>\ud83d\udca6 Ajuda a remover c\u00e9lulas mortas da pele<\/p>\n<p>\ud83d\udca6 Reduzi o excesso de oleosidade no rosto<\/p>\n<p style=\"text-align: justify\">Indicado para todos os tipos de pele. Pode ser usado em ambas as rotinas.<\/p>\n<p style=\"text-align: justify\"><strong>Como usar: <\/strong><\/p>\n<p style=\"text-align: justify\"><strong>1 &#8211; Uso di\u00e1rio:<\/strong> O algod\u00e3o tem duas fases, uma mais rugosa e outra mais lisa. Primeiro passar com a fase mais rugosa em todo o rosto, e depois com a parte mais lisa. Usar em todo o rosto e pesco\u00e7o. \u00c9 o primeiro passo da rotina, antes dos s\u00e9runs e ess\u00eancias.<\/p>\n<p><strong>2 &#8211; Uso de emerg\u00eancia:<\/strong> Usa os <em>pads<\/em> como acima foi explicado, e depois de passares no rosto, aplica o <em>pad<\/em> em zonas do rosto com complica\u00e7\u00f5es e deixa actuar por 10 minutos.<\/p>\n<p>Cont\u00e9m 20 <em>pads<\/em>.<\/p>\n","protected":false},"excerpt":{"rendered":"<p>face gel<\/p>\n","protected":false},"featured_media":70924,"comment_status":"open","ping_status":"closed","template":"","meta":{"inline_featured_image":false},"products\/brands":[4628],"product_cat":[5115,8700,8767],"product_tag":[5038,4430,22519,2092,3997,4630,4629,4441,4632,4444,4633,4445,4437,4631],"class_list":{"0":"post-64883","1":"product","2":"type-product","3":"status-publish","4":"has-post-thumbnail","6":"product_brand-lalio","7":"product_cat-cuidados-de-pele","8":"product_cat-hidratacao-facial","9":"product_cat-tonicos-e-pads","10":"product_tag-armazem-krabi","11":"product_tag-borbulhas-e-pontos-negros","12":"product_tag-compra-1-leva-1","13":"product_tag-cosmetica-asiatica","14":"product_tag-k-beauty","15":"product_tag-lalio","16":"product_tag-lalio-cica-daily-care-toner-pad","17":"product_tag-manchas","18":"product_tag-mista-a-oleosa","19":"product_tag-pele-seca","20":"product_tag-pele-sensivel","21":"product_tag-pele-sensivel-e-reativa","22":"product_tag-poros-dilatados","23":"product_tag-toner-pad","24":"product_shipping_class-armazem-tailandia","26":"first","27":"instock","28":"taxable","29":"shipping-taxable","30":"purchasable","31":"product-type-simple"},"_links":{"self":[{"href":"https:\/\/neuzamariano.com\/loja\/wp-json\/wp\/v2\/product\/64883","targetHints":{"allow":["GET"]}}],"collection":[{"href":"https:\/\/neuzamariano.com\/loja\/wp-json\/wp\/v2\/product"}],"about":[{"href":"https:\/\/neuzamariano.com\/loja\/wp-json\/wp\/v2\/types\/product"}],"replies":[{"embeddable":true,"href":"https:\/\/neuzamariano.com\/loja\/wp-json\/wp\/v2\/comments?post=64883"}],"wp:featuredmedia":[{"embeddable":true,"href":"https:\/\/neuzamariano.com\/loja\/wp-json\/wp\/v2\/media\/70924"}],"wp:attachment":[{"href":"https:\/\/neuzamariano.com\/loja\/wp-json\/wp\/v2\/media?parent=64883"}],"wp:term":[{"taxonomy":"product_brand","embeddable":true,"href":"https:\/\/neuzamariano.com\/loja\/wp-json\/wp\/v2\/products\/brands?post=64883"},{"taxonomy":"product_cat","embeddable":true,"href":"https:\/\/neuzamariano.com\/loja\/wp-json\/wp\/v2\/product_cat?post=64883"},{"taxonomy":"product_tag","embeddable":true,"href":"https:\/\/neuzamariano.com\/loja\/wp-json\/wp\/v2\/product_tag?post=64883"}],"curies":[{"name":"wp","href":"https:\/\/api.w.org\/{rel}","templated":true}]}}