{"id":64716,"date":"2022-09-19T22:20:00","date_gmt":"2022-09-19T15:20:00","guid":{"rendered":"https:\/\/neuzamariano.com\/loja\/?post_type=product&#038;p=64716"},"modified":"2026-03-19T16:02:54","modified_gmt":"2026-03-19T09:02:54","slug":"cappuvini-honey-lip-moist","status":"publish","type":"product","link":"https:\/\/neuzamariano.com\/loja\/cappuvini-honey-lip-moist\/","title":{"rendered":"Cappuvini Honey Lip Moist"},"content":{"rendered":"<p>O b\u00e1lsamo labial de cor <em>plumping<\/em> vitaliza seus l\u00e1bios com uma cor natural e brilhante enquanto desenvolve l\u00e1bios carnudos com sumo de mel<\/p>\n<p>O b\u00e1lsamo labial de mel e manteiga de karit\u00e9 promove l\u00e1bios profundamente nutridos.<br \/>\nEnriquecido com mel e manteiga de karit\u00e9 para fornecer a hidrata\u00e7\u00e3o<br \/>\nAroma deliciosamente doce de mel e manteiga de karit\u00e9<br \/>\nVem em um pequeno pote com um aplicador.<br \/>\nL\u00e1bios macios e suaves.<\/p>\n<p>&nbsp;<\/p>\n<p>10ml<\/p>\n","protected":false},"excerpt":{"rendered":"<p>face gel<\/p>\n","protected":false},"featured_media":64717,"comment_status":"open","ping_status":"closed","template":"","meta":{"inline_featured_image":false},"products\/brands":[],"product_cat":[5115,8700,8766],"product_tag":[5038,4465,22519,4703,5786],"class_list":{"0":"post-64716","1":"product","2":"type-product","3":"status-publish","4":"has-post-thumbnail","6":"product_cat-cuidados-de-pele","7":"product_cat-hidratacao-facial","8":"product_cat-labios-hidratacao-facial","9":"product_tag-armazem-krabi","10":"product_tag-cappuvini-honey-lip-moist","11":"product_tag-compra-1-leva-1","12":"product_tag-menos-15-euros","13":"product_tag-leva-3-paga-2","14":"product_shipping_class-armazem-tailandia","16":"first","17":"instock","18":"taxable","19":"shipping-taxable","20":"purchasable","21":"product-type-simple"},"_links":{"self":[{"href":"https:\/\/neuzamariano.com\/loja\/wp-json\/wp\/v2\/product\/64716","targetHints":{"allow":["GET"]}}],"collection":[{"href":"https:\/\/neuzamariano.com\/loja\/wp-json\/wp\/v2\/product"}],"about":[{"href":"https:\/\/neuzamariano.com\/loja\/wp-json\/wp\/v2\/types\/product"}],"replies":[{"embeddable":true,"href":"https:\/\/neuzamariano.com\/loja\/wp-json\/wp\/v2\/comments?post=64716"}],"wp:featuredmedia":[{"embeddable":true,"href":"https:\/\/neuzamariano.com\/loja\/wp-json\/wp\/v2\/media\/64717"}],"wp:attachment":[{"href":"https:\/\/neuzamariano.com\/loja\/wp-json\/wp\/v2\/media?parent=64716"}],"wp:term":[{"taxonomy":"product_brand","embeddable":true,"href":"https:\/\/neuzamariano.com\/loja\/wp-json\/wp\/v2\/products\/brands?post=64716"},{"taxonomy":"product_cat","embeddable":true,"href":"https:\/\/neuzamariano.com\/loja\/wp-json\/wp\/v2\/product_cat?post=64716"},{"taxonomy":"product_tag","embeddable":true,"href":"https:\/\/neuzamariano.com\/loja\/wp-json\/wp\/v2\/product_tag?post=64716"}],"curies":[{"name":"wp","href":"https:\/\/api.w.org\/{rel}","templated":true}]}}