{"id":64075,"date":"2022-09-08T22:57:13","date_gmt":"2022-09-08T15:57:13","guid":{"rendered":"https:\/\/neuzamariano.com\/loja\/?post_type=product&#038;p=64075"},"modified":"2026-03-19T16:07:21","modified_gmt":"2026-03-19T09:07:21","slug":"viv-skin-kamin-gold-serum","status":"publish","type":"product","link":"https:\/\/neuzamariano.com\/loja\/viv-skin-kamin-gold-serum\/","title":{"rendered":"Viv Skin Kamin Gold Serum"},"content":{"rendered":"<p style=\"text-align: justify;\">Viv Skin Kamin Gold Serum \u00e9 um nutritivo facial que ajuda a restaurar a pele e ilumina a mesma. Com uma combina\u00e7\u00e3o de ervas e outros extratos, tailandeses e internacionais para mais de 17 tipos, ele efectivamente conquista por ser um bom anti rugas. Promove uma pele clara e firme e trata os problemas de acne, melasma, sardas e manchas escuras. Basta usar diariamente pela manh\u00e3 \u2013 antes de ir para a cama, a pele ficar\u00e1 visivelmente melhorada. \u00c9 suave para a pele, mesmo em pessoas com pele sens\u00edvel.<\/p>\n<p>\ud83c\udf39 Melhora a pele tornando-a suave e radiante<\/p>\n<p>\ud83c\udf39 Reduz as rugas e aperta a pele<\/p>\n<p>\ud83c\udf39 Reduz melasma, sardas e manchas escuras<\/p>\n<p>\ud83c\udf39 Trata a pele com problemas de acne<\/p>\n<p>\ud83c\udf39 Reduz a vermelhid\u00e3o e as marcas escuras da acne, bem como cicatrizes<\/p>\n<p>\ud83c\udf39 Aumenta a humidade da pele<\/p>\n<p>\ud83c\udf39 Acalma a pele sens\u00edvel<\/p>\n<p>Ingredientes chave :<\/p>\n<p><strong>C\u00farcuma:<\/strong> trata problemas de acne e limpa a pele. Com extra\u00e7\u00e3o em um m\u00e9todo especial de \u201cEncapsula\u00e7\u00e3o\u201d, \u00e9 2 vezes mais eficaz que o Extrato de C\u00farcuma normal, promovendo uma pele lisa, clara, macia e firme.<\/p>\n<p><strong>Ouro puro 24K:<\/strong> restaura a beleza da pele, reduz as rugas prematuras e reafirma a pele.<\/p>\n<p><strong>Arroz Sungyod:<\/strong> trata problemas de pele sem brilho com extrato de arroz tailand\u00eas aut\u00eantico que ajuda a clarear, suavizar e suavizar a pele.<\/p>\n<p><strong>Pueraria Mirifica:<\/strong> aumenta a humidade da pele para uma pele suave, macia e com apar\u00eancia jovem<\/p>\n<p><strong>Acanthus Ebracteatus:<\/strong> acalma a pele sens\u00edvel.<\/p>\n<p><strong>Grama farpada:<\/strong> promove a firmeza, firmeza e elasticidade da pele.<\/p>\n<p><strong>Pepino:<\/strong> aumenta a suavidade e umidade da pele e promove a pele para ser radiante.<\/p>\n<p><strong>Confrei:<\/strong> trata os problemas de pele inflamat\u00f3ria, al\u00e9rgica e facilmente irrit\u00e1vel.<\/p>\n<p><strong>Aloe Vera:<\/strong> reduz cicatrizes de acne e deixa a pele macia e hidratada.<\/p>\n<p><strong>Trigo:<\/strong> ret\u00e9m a humidade da pele por mais de 72<\/p>\n<p><strong>Camomila:<\/strong> acalma a pele vermelha e inflamada dos raios UV.<\/p>\n<p><strong>Alca\u00e7uz:<\/strong> acalma a pele de alergias e irrita\u00e7\u00f5es.<\/p>\n<p><strong>Ginseng:<\/strong> promove uma pele brilhante e jovem.<\/p>\n<p><strong>BHA:<\/strong> trata comed\u00f5es e acne inflamada e promove a esfolia\u00e7\u00e3o da pele.<\/p>\n<p><strong>Vitamina B3:<\/strong> reduz rugas, vermelhid\u00e3o e manchas pretas de acne.<\/p>\n<p><strong>\u00c1cido Tranex\u00e2mico:<\/strong> reduz melasma, sardas e manchas escuras.<\/p>\n<p><strong>Hialuronato:<\/strong> ret\u00e9m \u00e1gua na pele at\u00e9 1.000 vezes para uma pele jovem e viva.<\/p>\n<p>Aplicar abundantemente no rosto e pesco\u00e7o regularmente de manh\u00e3 e \u00e0 noite.<\/p>\n<p>Conte\u00fado : 14ml<br \/>\n<iframe title=\"YouTube video player\" src=\"https:\/\/www.youtube.com\/embed\/n2BbraS9iho\" width=\"560\" height=\"315\" frameborder=\"0\" allowfullscreen=\"allowfullscreen\"><\/iframe><\/p>\n<p>N\u00famero de registro da FDA : 10-1-6200012793<\/p>\n","protected":false},"excerpt":{"rendered":"<p>face cream<\/p>\n","protected":false},"featured_media":70927,"comment_status":"open","ping_status":"closed","template":"","meta":{"inline_featured_image":false},"products\/brands":[4646],"product_cat":[5115,8703,8700],"product_tag":[5038,4430,22519,2092,4441,4443,4444,4445,4437,4448,4436,4464,4449,4400],"class_list":{"0":"post-64075","1":"product","2":"type-product","3":"status-publish","4":"has-post-thumbnail","6":"product_brand-viv-skin","7":"product_cat-cuidados-de-pele","8":"product_cat-essencias-soros-e-ampolas","9":"product_cat-hidratacao-facial","10":"product_tag-armazem-krabi","11":"product_tag-borbulhas-e-pontos-negros","12":"product_tag-compra-1-leva-1","13":"product_tag-cosmetica-asiatica","14":"product_tag-manchas","15":"product_tag-mista-ou-oleosa","16":"product_tag-pele-seca","17":"product_tag-pele-sensivel-e-reativa","18":"product_tag-poros-dilatados","19":"product_tag-produtos-para-rosto","20":"product_tag-sinais-de-envelhecimento","21":"product_tag-tonicos","22":"product_tag-essencias-e-seruns","23":"product_tag-viv-skin-kamin-gold-serum","24":"product_shipping_class-armazem-tailandia","26":"first","27":"instock","28":"taxable","29":"shipping-taxable","30":"purchasable","31":"product-type-simple"},"_links":{"self":[{"href":"https:\/\/neuzamariano.com\/loja\/wp-json\/wp\/v2\/product\/64075","targetHints":{"allow":["GET"]}}],"collection":[{"href":"https:\/\/neuzamariano.com\/loja\/wp-json\/wp\/v2\/product"}],"about":[{"href":"https:\/\/neuzamariano.com\/loja\/wp-json\/wp\/v2\/types\/product"}],"replies":[{"embeddable":true,"href":"https:\/\/neuzamariano.com\/loja\/wp-json\/wp\/v2\/comments?post=64075"}],"wp:featuredmedia":[{"embeddable":true,"href":"https:\/\/neuzamariano.com\/loja\/wp-json\/wp\/v2\/media\/70927"}],"wp:attachment":[{"href":"https:\/\/neuzamariano.com\/loja\/wp-json\/wp\/v2\/media?parent=64075"}],"wp:term":[{"taxonomy":"product_brand","embeddable":true,"href":"https:\/\/neuzamariano.com\/loja\/wp-json\/wp\/v2\/products\/brands?post=64075"},{"taxonomy":"product_cat","embeddable":true,"href":"https:\/\/neuzamariano.com\/loja\/wp-json\/wp\/v2\/product_cat?post=64075"},{"taxonomy":"product_tag","embeddable":true,"href":"https:\/\/neuzamariano.com\/loja\/wp-json\/wp\/v2\/product_tag?post=64075"}],"curies":[{"name":"wp","href":"https:\/\/api.w.org\/{rel}","templated":true}]}}