{"id":62956,"date":"2022-08-29T16:16:00","date_gmt":"2022-08-29T09:16:00","guid":{"rendered":"https:\/\/neuzamariano.com\/loja\/?post_type=product&#038;p=62956"},"modified":"2026-03-19T16:09:12","modified_gmt":"2026-03-19T09:09:12","slug":"pilaten-sleeping-lip-mask","status":"publish","type":"product","link":"https:\/\/neuzamariano.com\/loja\/pilaten-sleeping-lip-mask\/","title":{"rendered":"Pilaten Sleeping Lip Mask"},"content":{"rendered":"<p style=\"text-align: justify\">Mant\u00e9m os l\u00e1bios com dimens\u00e3o, hidratados e com brilho. Combina \u00c1cido hialur\u00f4nico, extrato de morango, cera de abelha e vitamina E para uma a\u00e7\u00e3o hidratante intensa, transformando instantaneamente os l\u00e1bios secos e rachados.<\/p>\n<p style=\"text-align: justify\">Macio e amanteigado, o b\u00e1lsamo pode ser aplicado sempre que os l\u00e1bios precisam de um cuidado hidratante, ou usado como uma m\u00e1scara labial durante a noite e at\u00e9 mesmo sobre o batom.<\/p>\n<p style=\"text-align: justify\">7,5g<\/p>\n","protected":false},"excerpt":{"rendered":"<p>face gel<\/p>\n","protected":false},"featured_media":67766,"comment_status":"open","ping_status":"closed","template":"","meta":{"inline_featured_image":false},"products\/brands":[],"product_cat":[5115,8700,8766],"product_tag":[5038,22519,2525,4440],"class_list":{"0":"post-62956","1":"product","2":"type-product","3":"status-publish","4":"has-post-thumbnail","6":"product_cat-cuidados-de-pele","7":"product_cat-hidratacao-facial","8":"product_cat-labios-hidratacao-facial","9":"product_tag-armazem-krabi","10":"product_tag-compra-1-leva-1","11":"product_tag-cosmetica-japonesa","12":"product_tag-labios","13":"product_shipping_class-armazem-tailandia","15":"first","16":"instock","17":"featured","18":"taxable","19":"shipping-taxable","20":"purchasable","21":"product-type-simple"},"_links":{"self":[{"href":"https:\/\/neuzamariano.com\/loja\/wp-json\/wp\/v2\/product\/62956","targetHints":{"allow":["GET"]}}],"collection":[{"href":"https:\/\/neuzamariano.com\/loja\/wp-json\/wp\/v2\/product"}],"about":[{"href":"https:\/\/neuzamariano.com\/loja\/wp-json\/wp\/v2\/types\/product"}],"replies":[{"embeddable":true,"href":"https:\/\/neuzamariano.com\/loja\/wp-json\/wp\/v2\/comments?post=62956"}],"wp:featuredmedia":[{"embeddable":true,"href":"https:\/\/neuzamariano.com\/loja\/wp-json\/wp\/v2\/media\/67766"}],"wp:attachment":[{"href":"https:\/\/neuzamariano.com\/loja\/wp-json\/wp\/v2\/media?parent=62956"}],"wp:term":[{"taxonomy":"product_brand","embeddable":true,"href":"https:\/\/neuzamariano.com\/loja\/wp-json\/wp\/v2\/products\/brands?post=62956"},{"taxonomy":"product_cat","embeddable":true,"href":"https:\/\/neuzamariano.com\/loja\/wp-json\/wp\/v2\/product_cat?post=62956"},{"taxonomy":"product_tag","embeddable":true,"href":"https:\/\/neuzamariano.com\/loja\/wp-json\/wp\/v2\/product_tag?post=62956"}],"curies":[{"name":"wp","href":"https:\/\/api.w.org\/{rel}","templated":true}]}}