{"id":62287,"date":"2022-08-05T21:00:00","date_gmt":"2022-08-05T14:00:00","guid":{"rendered":"https:\/\/neuzamariano.com\/loja\/?post_type=product&#038;p=62287"},"modified":"2026-03-19T16:15:18","modified_gmt":"2026-03-19T09:15:18","slug":"bioaqua-collagen-firming-sleeping-mask-creme-de-noite-reafirmante","status":"publish","type":"product","link":"https:\/\/neuzamariano.com\/loja\/bioaqua-collagen-firming-sleeping-mask-creme-de-noite-reafirmante\/","title":{"rendered":"Bioaqua Collagen Firming Sleeping Mask &#8211; Creme de Noite Reafirmante"},"content":{"rendered":"<p style=\"text-align: justify\">Um tratamento profundamente restaurador. Esta formula \u00e9 feita com Pept\u00eddeos de Col\u00e1genio e Niacinamida para combater linhas finas, rugas e perda de elasticidade.<\/p>\n<p style=\"text-align: justify\">\ud83d\udca7 Cont\u00e9m colagenio hidrolisado, centella asi\u00e1tica, e dois tipos de fermenta\u00e7\u00e3o.<\/p>\n<p style=\"text-align: justify\">\ud83d\udca7 A pele fica mais luminosa e preenchida<\/p>\n<p style=\"text-align: justify\">\ud83d\udca7 Pele com mais elasticidade<\/p>\n<p>\ud83d\udca7 Reduz as linhas finas da pele, trata a pele \u00e1spera e desidratada<\/p>\n<p>\ud83d\udca7 Repara\u00e7\u00e3o intensiva<\/p>\n<p>\ud83d\udca7 O col\u00e1geno n\u00e3o apenas contribui para a elasticidade da pele, produ\u00e7\u00e3o de \u00f3leo e hidrata\u00e7\u00e3o, mas tamb\u00e9m pode ajudar a acelerar o processo de cicatriza\u00e7\u00e3o no corpo. Isso significa que o uso de uma m\u00e1scara de col\u00e1geno ajuda a tratar a acne mais rapidamente<\/p>\n<p style=\"text-align: justify\">Como usar: A embalagem cont\u00e9m 20 saquetas, cada saqueta \u00e9 de utiliza\u00e7\u00e3o \u00fanica, assim sendo, dar\u00e1 para 20 noites. Depois de ter o rosto limpo aplicar o conte\u00fado de uma saqueta no rosto. De manh\u00e3 fazer a rotina de cuidados de pele normalmente.<\/p>\n<p style=\"text-align: justify\">A embalagem cont\u00e9m 20 saquetas<\/p>\n<p>Tipo de Pele Adequado: Todos os Tipos de Pele<\/p>\n","protected":false},"excerpt":{"rendered":"<p>cream<\/p>\n","protected":false},"featured_media":62289,"comment_status":"open","ping_status":"closed","template":"","meta":{"inline_featured_image":false},"products\/brands":[4651],"product_cat":[5115,8740,8706],"product_tag":[5038,4430,22519,4452,5786,4444,4445,4448,4436],"class_list":{"0":"post-62287","1":"product","2":"type-product","3":"status-publish","4":"has-post-thumbnail","6":"product_brand-bioaqua","7":"product_cat-cuidados-de-pele","8":"product_cat-mascaras-de-noite","9":"product_cat-mascaras-faciais","10":"product_tag-armazem-krabi","11":"product_tag-borbulhas-e-pontos-negros","12":"product_tag-compra-1-leva-1","13":"product_tag-creme-de-dia-e-de-noite","14":"product_tag-leva-3-paga-2","15":"product_tag-pele-seca","16":"product_tag-pele-sensivel-e-reativa","17":"product_tag-produtos-para-rosto","18":"product_tag-sinais-de-envelhecimento","19":"product_shipping_class-armazem-tailandia","21":"first","22":"outofstock","23":"taxable","24":"shipping-taxable","25":"purchasable","26":"product-type-simple"},"_links":{"self":[{"href":"https:\/\/neuzamariano.com\/loja\/wp-json\/wp\/v2\/product\/62287","targetHints":{"allow":["GET"]}}],"collection":[{"href":"https:\/\/neuzamariano.com\/loja\/wp-json\/wp\/v2\/product"}],"about":[{"href":"https:\/\/neuzamariano.com\/loja\/wp-json\/wp\/v2\/types\/product"}],"replies":[{"embeddable":true,"href":"https:\/\/neuzamariano.com\/loja\/wp-json\/wp\/v2\/comments?post=62287"}],"wp:featuredmedia":[{"embeddable":true,"href":"https:\/\/neuzamariano.com\/loja\/wp-json\/wp\/v2\/media\/62289"}],"wp:attachment":[{"href":"https:\/\/neuzamariano.com\/loja\/wp-json\/wp\/v2\/media?parent=62287"}],"wp:term":[{"taxonomy":"product_brand","embeddable":true,"href":"https:\/\/neuzamariano.com\/loja\/wp-json\/wp\/v2\/products\/brands?post=62287"},{"taxonomy":"product_cat","embeddable":true,"href":"https:\/\/neuzamariano.com\/loja\/wp-json\/wp\/v2\/product_cat?post=62287"},{"taxonomy":"product_tag","embeddable":true,"href":"https:\/\/neuzamariano.com\/loja\/wp-json\/wp\/v2\/product_tag?post=62287"}],"curies":[{"name":"wp","href":"https:\/\/api.w.org\/{rel}","templated":true}]}}