{"id":61955,"date":"2022-08-08T14:39:17","date_gmt":"2022-08-08T07:39:17","guid":{"rendered":"https:\/\/neuzamariano.com\/loja-cosmetica-asiatica\/?post_type=product&#038;p=61955"},"modified":"2026-03-19T16:15:04","modified_gmt":"2026-03-19T09:15:04","slug":"hiisees-serum-glass-skin","status":"publish","type":"product","link":"https:\/\/neuzamariano.com\/loja\/hiisees-serum-glass-skin\/","title":{"rendered":"Hiisees S\u00e9rum Glass Skin"},"content":{"rendered":"<blockquote>\n<p style=\"text-align: justify;\">S\u00e9rum facial Hiisees S\u00e9rum Glass Skin melhora o estado da pele, ficando mais luminosa e vi\u00e7osa.<\/p>\n<\/blockquote>\n<p style=\"text-align: justify;\"><strong>Vitamina C &#8211;<\/strong> Possui uma a\u00e7\u00e3o antioxidante forte e eficaz. Aumenta a\u00a0 produ\u00e7\u00e3o de col\u00e1geno e tem propriedades que previnem o envelhecimento da pele e a a\u00e7\u00e3o dos radicais livres. Tem ainda a\u00e7\u00e3o inibidora na forma\u00e7\u00e3o de melanina, o que traz melhorias na hiper-pigmenta\u00e7\u00e3o e manchas. A apar\u00eancia da pele melhora.<\/p>\n<p style=\"text-align: justify;\"><strong>Niacinamida &#8211;<\/strong> Estimula a renova\u00e7\u00e3o celular e promove a uniformiza\u00e7\u00e3o do tom da pele. Tem propriedades antioxidantes, previne o envelhecimento e ajuda a controlar a oleosidade. Aumenta a produ\u00e7\u00e3o de colag\u00e9nio, trata linhas, manchas e atribui mais elasticidade \u00e0 pele.<\/p>\n<p style=\"text-align: justify;\">Modo de usar: Aplicar o s\u00e9rum regularmente de manh\u00e3 e \u00e0 noite, ou apenas num dos momentos. Depois aplicar creme hidratante.<\/p>\n<p style=\"text-align: justify;\">30ml<\/p>\n<p style=\"text-align: justify;\">Water, Hexyldecanol, Niacinamide, Pentylene Glycol, Glycerin, Butylene Glycol, Xylitol, Tapioca Starch, Panthenol, Phytosteryl\/Octyldodecyl Lauroyl Glutamate, Dimethicone, Boron Nitride, Polysorbate 20, Tocopheryl Acetate, Mica, Acrylates\/C10-30 Alkyl Acrylate Crosspolymer, Inositol, Phenoxyethanol, PEG-11 Methyl Ether Dimethicone, Dimethicone\/Vinyl Dimethicone Crosspolymer, Polyacrylamide, Benzyl Alcohol, Undecylenoyl Phenylalanine, Aminomethyl Propanol, C13-14 Isoparaffin, Fragrance, Disodium EDTA, Sodium Benzoate, Ascorbyl Glucoside, Laureth-7, Polymethylsilsesquioxane, Magnesium Aspartate, Zinc Gluconate, Copper Gluconate, CI 77891, CI 19140, CI 16035<\/p>\n","protected":false},"excerpt":{"rendered":"<p>face gel<\/p>\n","protected":false},"featured_media":62000,"comment_status":"open","ping_status":"closed","template":"","meta":{"inline_featured_image":false},"products\/brands":[],"product_cat":[5115,8703,8700],"product_tag":[5038,22519,2092,4393,4441,4443,4444,4445,4448,4436,4464,4449],"class_list":{"0":"post-61955","1":"product","2":"type-product","3":"status-publish","4":"has-post-thumbnail","6":"product_cat-cuidados-de-pele","7":"product_cat-essencias-soros-e-ampolas","8":"product_cat-hidratacao-facial","9":"product_tag-armazem-krabi","10":"product_tag-compra-1-leva-1","11":"product_tag-cosmetica-asiatica","12":"product_tag-hiisees-serum-glass-skin","13":"product_tag-manchas","14":"product_tag-mista-ou-oleosa","15":"product_tag-pele-seca","16":"product_tag-pele-sensivel-e-reativa","17":"product_tag-produtos-para-rosto","18":"product_tag-sinais-de-envelhecimento","19":"product_tag-tonicos","20":"product_tag-essencias-e-seruns","21":"product_shipping_class-armazem-tailandia","23":"first","24":"instock","25":"featured","26":"taxable","27":"shipping-taxable","28":"purchasable","29":"product-type-simple"},"_links":{"self":[{"href":"https:\/\/neuzamariano.com\/loja\/wp-json\/wp\/v2\/product\/61955","targetHints":{"allow":["GET"]}}],"collection":[{"href":"https:\/\/neuzamariano.com\/loja\/wp-json\/wp\/v2\/product"}],"about":[{"href":"https:\/\/neuzamariano.com\/loja\/wp-json\/wp\/v2\/types\/product"}],"replies":[{"embeddable":true,"href":"https:\/\/neuzamariano.com\/loja\/wp-json\/wp\/v2\/comments?post=61955"}],"wp:featuredmedia":[{"embeddable":true,"href":"https:\/\/neuzamariano.com\/loja\/wp-json\/wp\/v2\/media\/62000"}],"wp:attachment":[{"href":"https:\/\/neuzamariano.com\/loja\/wp-json\/wp\/v2\/media?parent=61955"}],"wp:term":[{"taxonomy":"product_brand","embeddable":true,"href":"https:\/\/neuzamariano.com\/loja\/wp-json\/wp\/v2\/products\/brands?post=61955"},{"taxonomy":"product_cat","embeddable":true,"href":"https:\/\/neuzamariano.com\/loja\/wp-json\/wp\/v2\/product_cat?post=61955"},{"taxonomy":"product_tag","embeddable":true,"href":"https:\/\/neuzamariano.com\/loja\/wp-json\/wp\/v2\/product_tag?post=61955"}],"curies":[{"name":"wp","href":"https:\/\/api.w.org\/{rel}","templated":true}]}}