{"id":61513,"date":"2022-07-03T13:54:00","date_gmt":"2022-07-03T06:54:00","guid":{"rendered":"https:\/\/neuzamariano.com\/loja-cosmetica-asiatica\/?post_type=product&#038;p=61513"},"modified":"2026-03-19T16:19:41","modified_gmt":"2026-03-19T09:19:41","slug":"essencia-snail-mucin","status":"publish","type":"product","link":"https:\/\/neuzamariano.com\/loja\/essencia-snail-mucin\/","title":{"rendered":"Ess\u00eancia Snail Mucin"},"content":{"rendered":"<p>Secre\u00e7\u00e3o de caracol filtrado (mucina), ajuda a hidratar profundamente a pele. Tem uma textura fina e leve, que penetra em produndidade na pele e que a ajuda a regenerar.<\/p>\n<p><span class=\"emoji\"><img decoding=\"async\" class=\"emoji\" role=\"img\" src=\"https:\/\/s.w.org\/images\/core\/emoji\/14.0.0\/svg\/1f31f.svg\" alt=\"\ud83c\udf1f\" title=\"\">\u00a0Pele hidratada profunfamente sem pesar nos poros<\/span><\/p>\n<p><span class=\"emoji\"><img decoding=\"async\" class=\"emoji\" role=\"img\" src=\"https:\/\/s.w.org\/images\/core\/emoji\/14.0.0\/svg\/1f31f.svg\" alt=\"\ud83c\udf1f\" title=\"\">\u00a0A mucina \u00e9 conhecida por seu alto poder de repara\u00e7\u00e3o da pele<\/span><\/p>\n<p><span class=\"emoji\"><img decoding=\"async\" class=\"emoji\" role=\"img\" src=\"https:\/\/s.w.org\/images\/core\/emoji\/14.0.0\/svg\/1f31f.svg\" alt=\"\ud83c\udf1f\" title=\"\">\u00a0Retarda o envelhecimento dos tecidos da pele<\/span><\/p>\n<p><span class=\"emoji\"><img decoding=\"async\" class=\"emoji\" role=\"img\" src=\"https:\/\/s.w.org\/images\/core\/emoji\/14.0.0\/svg\/1f31f.svg\" alt=\"\ud83c\udf1f\" title=\"\">\u00a0Protege a pele da a\u00e7\u00e3o oxidativa dos radicais livres<\/span><\/p>\n<p><span class=\"emoji\"><img decoding=\"async\" class=\"emoji\" role=\"img\" src=\"https:\/\/s.w.org\/images\/core\/emoji\/14.0.0\/svg\/1f31f.svg\" alt=\"\ud83c\udf1f\" title=\"\">\u00a0Melhora a elasticidade, firmeza, densidade e textura da pele<\/span><\/p>\n<p><span class=\"emoji\"><img decoding=\"async\" class=\"emoji\" role=\"img\" src=\"https:\/\/s.w.org\/images\/core\/emoji\/14.0.0\/svg\/1f31f.svg\" alt=\"\ud83c\udf1f\" title=\"\">\u00a0Acalma a pele, sendo bastante eficaz com quest\u00f5es como acne e melasma<\/span><\/p>\n<p><span class=\"emoji\"><img decoding=\"async\" class=\"emoji\" role=\"img\" src=\"https:\/\/s.w.org\/images\/core\/emoji\/14.0.0\/svg\/1f31f.svg\" alt=\"\ud83c\udf1f\" title=\"\">\u00a0Trata pele desidratada<\/span><\/p>\n<p><span class=\"emoji\"><img decoding=\"async\" class=\"emoji\" role=\"img\" src=\"https:\/\/s.w.org\/images\/core\/emoji\/14.0.0\/svg\/1f31f.svg\" alt=\"\ud83c\udf1f\" title=\"\">\u00a0C<\/span>ol\u00e1geno e elastina, componentes essenciais que ajudam a retardar o processo de envelhecimento da pele<\/p>\n<p><span class=\"emoji\"><img decoding=\"async\" class=\"emoji\" role=\"img\" src=\"https:\/\/s.w.org\/images\/core\/emoji\/14.0.0\/svg\/1f31f.svg\" alt=\"\ud83c\udf1f\" title=\"\">\u00a0<\/span>Tem arbutina que ajuda a tratar das manchas<\/p>\n<p><span class=\"emoji\"><img decoding=\"async\" class=\"emoji\" role=\"img\" src=\"https:\/\/s.w.org\/images\/core\/emoji\/14.0.0\/svg\/1f31f.svg\" alt=\"\ud83c\udf1f\" title=\"\">\u00a0<\/span>Fornece tamb\u00e9m antibi\u00f3ticos naturais, estes s\u00e3o capazes de agir contra as bact\u00e9rias presentes habitualmente na pele, inclusive as que causam a acne<\/p>\n<p><span class=\"emoji\"><img decoding=\"async\" class=\"emoji\" role=\"img\" src=\"https:\/\/s.w.org\/images\/core\/emoji\/14.0.0\/svg\/1f31f.svg\" alt=\"\ud83c\udf1f\" title=\"\">\u00a0Indicado para todos os tipos de pele<\/span><\/p>\n<p><span class=\"emoji\"><img decoding=\"async\" class=\"emoji\" role=\"img\" src=\"https:\/\/s.w.org\/images\/core\/emoji\/14.0.0\/svg\/1f31f.svg\" alt=\"\ud83c\udf1f\" title=\"\"> 15ml<\/span><\/p>\n","protected":false},"excerpt":{"rendered":"<p>face gel<\/p>\n","protected":false},"featured_media":61519,"comment_status":"open","ping_status":"closed","template":"","meta":{"inline_featured_image":false},"products\/brands":[4680],"product_cat":[5115,8703,8700],"product_tag":[5038,4430,22519,2092,4703,4367,5786,4441,4443,4444,4445,4448,4436,4464,4449],"class_list":{"0":"post-61513","1":"product","2":"type-product","3":"status-publish","4":"has-post-thumbnail","6":"product_brand-horec","7":"product_cat-cuidados-de-pele","8":"product_cat-essencias-soros-e-ampolas","9":"product_cat-hidratacao-facial","10":"product_tag-armazem-krabi","11":"product_tag-borbulhas-e-pontos-negros","12":"product_tag-compra-1-leva-1","13":"product_tag-cosmetica-asiatica","14":"product_tag-menos-15-euros","15":"product_tag-essencia-snail-mucin","16":"product_tag-leva-3-paga-2","17":"product_tag-manchas","18":"product_tag-mista-ou-oleosa","19":"product_tag-pele-seca","20":"product_tag-pele-sensivel-e-reativa","21":"product_tag-produtos-para-rosto","22":"product_tag-sinais-de-envelhecimento","23":"product_tag-tonicos","24":"product_tag-essencias-e-seruns","25":"product_shipping_class-armazem-tailandia","27":"first","28":"instock","29":"taxable","30":"shipping-taxable","31":"purchasable","32":"product-type-simple"},"_links":{"self":[{"href":"https:\/\/neuzamariano.com\/loja\/wp-json\/wp\/v2\/product\/61513","targetHints":{"allow":["GET"]}}],"collection":[{"href":"https:\/\/neuzamariano.com\/loja\/wp-json\/wp\/v2\/product"}],"about":[{"href":"https:\/\/neuzamariano.com\/loja\/wp-json\/wp\/v2\/types\/product"}],"replies":[{"embeddable":true,"href":"https:\/\/neuzamariano.com\/loja\/wp-json\/wp\/v2\/comments?post=61513"}],"wp:featuredmedia":[{"embeddable":true,"href":"https:\/\/neuzamariano.com\/loja\/wp-json\/wp\/v2\/media\/61519"}],"wp:attachment":[{"href":"https:\/\/neuzamariano.com\/loja\/wp-json\/wp\/v2\/media?parent=61513"}],"wp:term":[{"taxonomy":"product_brand","embeddable":true,"href":"https:\/\/neuzamariano.com\/loja\/wp-json\/wp\/v2\/products\/brands?post=61513"},{"taxonomy":"product_cat","embeddable":true,"href":"https:\/\/neuzamariano.com\/loja\/wp-json\/wp\/v2\/product_cat?post=61513"},{"taxonomy":"product_tag","embeddable":true,"href":"https:\/\/neuzamariano.com\/loja\/wp-json\/wp\/v2\/product_tag?post=61513"}],"curies":[{"name":"wp","href":"https:\/\/api.w.org\/{rel}","templated":true}]}}