{"id":60619,"date":"2022-06-05T14:47:00","date_gmt":"2022-06-05T07:47:00","guid":{"rendered":"https:\/\/neuzamariano.com\/loja-cosmetica-asiatica\/?post_type=product&#038;p=60619"},"modified":"2026-03-19T16:22:14","modified_gmt":"2026-03-19T09:22:14","slug":"mascara-peel-off-acido-salicilico-e-carvao","status":"publish","type":"product","link":"https:\/\/neuzamariano.com\/loja\/mascara-peel-off-acido-salicilico-e-carvao\/","title":{"rendered":"M\u00e1scara Peel-Off \u00c1cido Salic\u00edlico e Carv\u00e3o"},"content":{"rendered":"<blockquote>\n<p style=\"text-align: justify\">M\u00e1scara Peel-Off \u00c1cido Salic\u00edlico e Carv\u00e3o<\/p>\n<\/blockquote>\n<p style=\"text-align: justify\">\u2705 Limpa profundamente os poros<\/p>\n<p style=\"text-align: justify\">\u2705 Combate eficazmente os pontos negros<\/p>\n<p style=\"text-align: justify\">\u2705 Tem um efeito anti-inflamat\u00f3rio e calmante<\/p>\n<p style=\"text-align: justify\">\u2705 Limpa em profundidade os poros<\/p>\n<p style=\"text-align: justify\">\u2705 Diminui a apar\u00eancia dos poros abertos<\/p>\n<p style=\"text-align: justify\">\u2705 Elimina o excesso de sebo<\/p>\n<p style=\"text-align: justify\"><strong>Principais ingredientes activos:<\/strong><\/p>\n<p style=\"text-align: justify\">O carv\u00e3o extrai as impurezas, fecha os poros.<br \/>\nO \u00e1cido salic\u00edlico bloqueia o foco da inflama\u00e7\u00e3o, remove o excesso de sebo, estabiliza o equil\u00edbrio \u00e1gua-\u00f3leo.<\/p>\n<p style=\"text-align: justify\"><strong>Como usar: <\/strong><\/p>\n<p style=\"text-align: justify\">Aplique uma camada fina na pele limpa por 20-30 minutos (at\u00e9 secar completamente). Em seguida, remova-o com cuidado.<\/p>\n<p>40g<\/p>\n","protected":false},"excerpt":{"rendered":"<p>facial mask<\/p>\n","protected":false},"featured_media":60648,"comment_status":"open","ping_status":"closed","template":"","meta":{"inline_featured_image":false},"products\/brands":[],"product_cat":[5115,8739,8706],"product_tag":[4054,5038,4430,22519,2092,4451,4354,4443,4437],"class_list":{"0":"post-60619","1":"product","2":"type-product","3":"status-publish","4":"has-post-thumbnail","6":"product_cat-cuidados-de-pele","7":"product_cat-mascaras-de-folha","8":"product_cat-mascaras-faciais","9":"product_tag-acido-salicilico","10":"product_tag-armazem-krabi","11":"product_tag-borbulhas-e-pontos-negros","12":"product_tag-compra-1-leva-1","13":"product_tag-cosmetica-asiatica","14":"product_tag-esfoliantes-e-mascaras-faciais","15":"product_tag-mascara-peel-off-acido-salicilico-e-carvao","16":"product_tag-mista-ou-oleosa","17":"product_tag-poros-dilatados","18":"product_shipping_class-armazem-tailandia","20":"first","21":"instock","22":"taxable","23":"shipping-taxable","24":"purchasable","25":"product-type-simple"},"_links":{"self":[{"href":"https:\/\/neuzamariano.com\/loja\/wp-json\/wp\/v2\/product\/60619","targetHints":{"allow":["GET"]}}],"collection":[{"href":"https:\/\/neuzamariano.com\/loja\/wp-json\/wp\/v2\/product"}],"about":[{"href":"https:\/\/neuzamariano.com\/loja\/wp-json\/wp\/v2\/types\/product"}],"replies":[{"embeddable":true,"href":"https:\/\/neuzamariano.com\/loja\/wp-json\/wp\/v2\/comments?post=60619"}],"wp:featuredmedia":[{"embeddable":true,"href":"https:\/\/neuzamariano.com\/loja\/wp-json\/wp\/v2\/media\/60648"}],"wp:attachment":[{"href":"https:\/\/neuzamariano.com\/loja\/wp-json\/wp\/v2\/media?parent=60619"}],"wp:term":[{"taxonomy":"product_brand","embeddable":true,"href":"https:\/\/neuzamariano.com\/loja\/wp-json\/wp\/v2\/products\/brands?post=60619"},{"taxonomy":"product_cat","embeddable":true,"href":"https:\/\/neuzamariano.com\/loja\/wp-json\/wp\/v2\/product_cat?post=60619"},{"taxonomy":"product_tag","embeddable":true,"href":"https:\/\/neuzamariano.com\/loja\/wp-json\/wp\/v2\/product_tag?post=60619"}],"curies":[{"name":"wp","href":"https:\/\/api.w.org\/{rel}","templated":true}]}}