{"id":59987,"date":"2022-06-15T18:22:00","date_gmt":"2022-06-15T11:22:00","guid":{"rendered":"https:\/\/neuzamariano.com\/loja-cosmetica-asiatica\/?post_type=product&#038;p=59987"},"modified":"2026-03-19T16:19:52","modified_gmt":"2026-03-19T09:19:52","slug":"acne-serum-tea-tree-oil","status":"publish","type":"product","link":"https:\/\/neuzamariano.com\/loja\/acne-serum-tea-tree-oil\/","title":{"rendered":"Acne S\u00e9rum Tea Tree Oil"},"content":{"rendered":"<p style=\"text-align: justify\">\ud83c\udf3f S\u00e9rum concentrado para tratar a acne e cicatrizes de acne<\/p>\n<p style=\"text-align: justify\">\ud83c\udf3f Diminui a apar\u00eancia dos poros<\/p>\n<p style=\"text-align: justify\">\ud83c\udf3f Controla a oleosidade da pele<\/p>\n<p style=\"text-align: justify\">\ud83c\udf3f A \u00faltima tecnologia de extra\u00e7\u00e3o do \u00f3leo de folha de Melaleuca Alternifolia (\u00e1rvore do ch\u00e1), que pode tratar centenas de doen\u00e7as bacterianas e f\u00fangicas da pele, como acne.<\/p>\n<p style=\"text-align: justify\"><strong>Como usar:<\/strong><\/p>\n<p style=\"text-align: justify\">Depois de lavar o rosto, de manh\u00e3 e \u00e0 noite, aplique uma quantidade adequada sobre o rosto e evite a pele ao redor dos olhos. Massageie a pele at\u00e9 que seja absorvida pela pele<\/p>\n<p style=\"text-align: justify\">\u2705 Sem perfume<\/p>\n<p style=\"text-align: justify\">\u2705 Sem \u00e1lcool<\/p>\n<p style=\"text-align: justify\">\u2705 Sem parabenos<\/p>\n<p style=\"text-align: justify\">\u2705 Livre de corantes<\/p>\n<p style=\"text-align: justify\">\u2705 Sem \u00f3leo<\/p>\n<p style=\"text-align: justify\">17ml<\/p>\n","protected":false},"excerpt":{"rendered":"<p>face cream<\/p>\n","protected":false},"featured_media":59991,"comment_status":"open","ping_status":"closed","template":"","meta":{"inline_featured_image":false},"products\/brands":[],"product_cat":[5115,8703,8700],"product_tag":[4345,5038,4430,22519,2092,5786,4443,4437,4464,4449],"class_list":{"0":"post-59987","1":"product","2":"type-product","3":"status-publish","4":"has-post-thumbnail","6":"product_cat-cuidados-de-pele","7":"product_cat-essencias-soros-e-ampolas","8":"product_cat-hidratacao-facial","9":"product_tag-acne-serum-tea-tree-oil","10":"product_tag-armazem-krabi","11":"product_tag-borbulhas-e-pontos-negros","12":"product_tag-compra-1-leva-1","13":"product_tag-cosmetica-asiatica","14":"product_tag-leva-3-paga-2","15":"product_tag-mista-ou-oleosa","16":"product_tag-poros-dilatados","17":"product_tag-tonicos","18":"product_tag-essencias-e-seruns","19":"product_shipping_class-armazem-tailandia","21":"first","22":"instock","23":"taxable","24":"shipping-taxable","25":"purchasable","26":"product-type-simple"},"_links":{"self":[{"href":"https:\/\/neuzamariano.com\/loja\/wp-json\/wp\/v2\/product\/59987","targetHints":{"allow":["GET"]}}],"collection":[{"href":"https:\/\/neuzamariano.com\/loja\/wp-json\/wp\/v2\/product"}],"about":[{"href":"https:\/\/neuzamariano.com\/loja\/wp-json\/wp\/v2\/types\/product"}],"replies":[{"embeddable":true,"href":"https:\/\/neuzamariano.com\/loja\/wp-json\/wp\/v2\/comments?post=59987"}],"wp:featuredmedia":[{"embeddable":true,"href":"https:\/\/neuzamariano.com\/loja\/wp-json\/wp\/v2\/media\/59991"}],"wp:attachment":[{"href":"https:\/\/neuzamariano.com\/loja\/wp-json\/wp\/v2\/media?parent=59987"}],"wp:term":[{"taxonomy":"product_brand","embeddable":true,"href":"https:\/\/neuzamariano.com\/loja\/wp-json\/wp\/v2\/products\/brands?post=59987"},{"taxonomy":"product_cat","embeddable":true,"href":"https:\/\/neuzamariano.com\/loja\/wp-json\/wp\/v2\/product_cat?post=59987"},{"taxonomy":"product_tag","embeddable":true,"href":"https:\/\/neuzamariano.com\/loja\/wp-json\/wp\/v2\/product_tag?post=59987"}],"curies":[{"name":"wp","href":"https:\/\/api.w.org\/{rel}","templated":true}]}}