{"id":59937,"date":"2022-05-21T19:00:00","date_gmt":"2022-05-21T12:00:00","guid":{"rendered":"https:\/\/neuzamariano.com\/loja-cosmetica-asiatica\/?post_type=product&#038;p=59937"},"modified":"2026-03-19T16:24:30","modified_gmt":"2026-03-19T09:24:30","slug":"essencia-milium-sebaceo","status":"publish","type":"product","link":"https:\/\/neuzamariano.com\/loja\/essencia-milium-sebaceo\/","title":{"rendered":"Ess\u00eancia Milium Seb\u00e1ceo"},"content":{"rendered":"<p style=\"text-align: justify\">Ess\u00eancia para usar na zona da olheira a fim de tratar: Milium Seb\u00e1ceo; olheira inchada; olheira escura<\/p>\n<p style=\"text-align: justify\">Volume: 15ml<br \/>\nIngredientes principais: Extracto de cal\u00eandula Raro Lingzhi Preto, Rhodiola Rose, C\u00e2nhamo Doce, Madressilva, \u00c1cido Hialur\u00f4nico<br \/>\nPara sintomas\uff1a Olheiras, bolsas sob os olhos, incha\u00e7o, remo\u00e7\u00e3o de gordura<\/p>\n","protected":false},"excerpt":{"rendered":"<p>face gel<\/p>\n","protected":false},"featured_media":59938,"comment_status":"open","ping_status":"closed","template":"","meta":{"inline_featured_image":false},"products\/brands":[],"product_cat":[5115,8703,8700],"product_tag":[5038,22519,4432,4202],"class_list":{"0":"post-59937","1":"product","2":"type-product","3":"status-publish","4":"has-post-thumbnail","6":"product_cat-cuidados-de-pele","7":"product_cat-essencias-soros-e-ampolas","8":"product_cat-hidratacao-facial","9":"product_tag-armazem-krabi","10":"product_tag-compra-1-leva-1","11":"product_tag-cuidado-de-olhos","12":"product_tag-essencia-milium-sebaceo","13":"product_shipping_class-armazem-tailandia","15":"first","16":"instock","17":"taxable","18":"shipping-taxable","19":"purchasable","20":"product-type-simple"},"_links":{"self":[{"href":"https:\/\/neuzamariano.com\/loja\/wp-json\/wp\/v2\/product\/59937","targetHints":{"allow":["GET"]}}],"collection":[{"href":"https:\/\/neuzamariano.com\/loja\/wp-json\/wp\/v2\/product"}],"about":[{"href":"https:\/\/neuzamariano.com\/loja\/wp-json\/wp\/v2\/types\/product"}],"replies":[{"embeddable":true,"href":"https:\/\/neuzamariano.com\/loja\/wp-json\/wp\/v2\/comments?post=59937"}],"wp:featuredmedia":[{"embeddable":true,"href":"https:\/\/neuzamariano.com\/loja\/wp-json\/wp\/v2\/media\/59938"}],"wp:attachment":[{"href":"https:\/\/neuzamariano.com\/loja\/wp-json\/wp\/v2\/media?parent=59937"}],"wp:term":[{"taxonomy":"product_brand","embeddable":true,"href":"https:\/\/neuzamariano.com\/loja\/wp-json\/wp\/v2\/products\/brands?post=59937"},{"taxonomy":"product_cat","embeddable":true,"href":"https:\/\/neuzamariano.com\/loja\/wp-json\/wp\/v2\/product_cat?post=59937"},{"taxonomy":"product_tag","embeddable":true,"href":"https:\/\/neuzamariano.com\/loja\/wp-json\/wp\/v2\/product_tag?post=59937"}],"curies":[{"name":"wp","href":"https:\/\/api.w.org\/{rel}","templated":true}]}}