{"id":59575,"date":"2022-05-15T22:49:00","date_gmt":"2022-05-15T15:49:00","guid":{"rendered":"https:\/\/neuzamariano.com\/loja-cosmetica-asiatica\/?post_type=product&#038;p=59575"},"modified":"2026-03-19T16:28:34","modified_gmt":"2026-03-19T09:28:34","slug":"sleeping-mask-de-cha-verde-plantnery","status":"publish","type":"product","link":"https:\/\/neuzamariano.com\/loja\/sleeping-mask-de-cha-verde-plantnery\/","title":{"rendered":"Sleeping Mask de Ch\u00e1 Verde Plantnery"},"content":{"rendered":"<p style=\"text-align: justify\">Da Camellia Sinensis Leaf ou \u201cGreen Tea\u201d \u00e9 o ingrediente ativo que foi meticulosamente plantado por agricultores especializados na ilha de Jeju, na Coreia do Sul. E foram extra\u00eddos com um processo especial resultando na maior concentra\u00e7\u00e3o de EGCG que ajuda a desintoxicar a pele, conter fotodanos e inflama\u00e7\u00f5es. \u00c9 capaz de acalmar e aliviar a dermatite at\u00f3pica e a ros\u00e1cea.<\/p>\n<p style=\"text-align: justify\">Benef\u00edcios<br \/>\n\u2713 Cria uma pele suave e macia com camada protetora<br \/>\n\u2713 Aperta os poros e controla o excesso de sebo<br \/>\n\u2713 Reduz a apar\u00eancia de manchas e imperfei\u00e7\u00f5es.<br \/>\n\u2713 Acalma a pele<br \/>\n\u2713 Aperto dos Poros<br \/>\n\u2713 Desintoxica a pele<br \/>\n\u2713 Trata a acne<br \/>\n\u2713 Acalma e alivia a dermatite at\u00f3pica e a ros\u00e1cea<br \/>\n\u2713 Trata danos causados pelo sol<\/p>\n<p style=\"text-align: justify\">\u2713Ingredientes de origem natural<br \/>\n\u2713 Testado por Dermatologista<\/p>\n<p>Cont\u00e9m 50g<\/p>\n<p style=\"text-align: justify\">O produto natural para a pele delicada e sens\u00edvel, livre de ingredientes nocivos:<br \/>\n\u00c1lcool, Perfume, Parabenos, Corante e Silicone.<\/p>\n<p style=\"text-align: justify\">MODO DE USAR: Ap\u00f3s a aplica\u00e7\u00e3o do SORO INTENSO PLANTNERY GREEN TEA. Aplique o creme PLANTNERY GREEN TEA SLEEPING MASK<br \/>\ntoda a \u00e1rea do rosto e pesco\u00e7o. Deixe durante a noite.<\/p>\n<p style=\"text-align: justify\">INGREDIENTS LIST Sleeping Mask de Ch\u00e1 Verde Plantnery<br \/>\nDEIONIZED WATER, GLYCERIN, PARAFFINUM LIQUIDUM, ETHYLHEXYL METHOXYCINNAMATE, POLYSORBATE 20, BUTYLENE GLYCOL, POLYACRYLAMIDE, C13-14 ISOPARAFFIN, LAURETH-7, TITANIUM DIOXIDE, HYDROGEN DIMETHICONE, ISODECYL NEOPENTANOATE, SODIUM POLYACRYLOYLDIMETHYL TAURATE, PHENOXYETHANOL, DISODIUM EDTA, CAMELLIA SINENSIS LEAF EXTRACT, SODIUM HYALURONATE, NIACINAMIDE, PYRIDOXINE HYDROCHLORIDE, COCAMIDOPROPYL DIMETHYLAMINE, PANTHENOL, HAMAMELIS VIRGINIANA LEAF WATER, CARNITINE, ZINC PCA, SALICYLIC ACID, ETHYLHEXYLGLYCERIN<\/p>\n","protected":false},"excerpt":{"rendered":"<p>herbal tea<\/p>\n","protected":false},"featured_media":59582,"comment_status":"open","ping_status":"closed","template":"","meta":{"inline_featured_image":false},"products\/brands":[4422],"product_cat":[5115,8740,8706],"product_tag":[5038,4430,22519,4452,4441,4443,4445,4437,4448,4436,3978,4191],"class_list":{"0":"post-59575","1":"product","2":"type-product","3":"status-publish","4":"has-post-thumbnail","6":"product_brand-plantnery","7":"product_cat-cuidados-de-pele","8":"product_cat-mascaras-de-noite","9":"product_cat-mascaras-faciais","10":"product_tag-armazem-krabi","11":"product_tag-borbulhas-e-pontos-negros","12":"product_tag-compra-1-leva-1","13":"product_tag-creme-de-dia-e-de-noite","14":"product_tag-manchas","15":"product_tag-mista-ou-oleosa","16":"product_tag-pele-sensivel-e-reativa","17":"product_tag-poros-dilatados","18":"product_tag-produtos-para-rosto","19":"product_tag-sinais-de-envelhecimento","20":"product_tag-sleeping-mask","21":"product_tag-sleeping-mask-de-cha-verde-plantnery","22":"product_shipping_class-armazem-tailandia","24":"first","25":"instock","26":"sale","27":"taxable","28":"shipping-taxable","29":"purchasable","30":"product-type-simple"},"_links":{"self":[{"href":"https:\/\/neuzamariano.com\/loja\/wp-json\/wp\/v2\/product\/59575","targetHints":{"allow":["GET"]}}],"collection":[{"href":"https:\/\/neuzamariano.com\/loja\/wp-json\/wp\/v2\/product"}],"about":[{"href":"https:\/\/neuzamariano.com\/loja\/wp-json\/wp\/v2\/types\/product"}],"replies":[{"embeddable":true,"href":"https:\/\/neuzamariano.com\/loja\/wp-json\/wp\/v2\/comments?post=59575"}],"wp:featuredmedia":[{"embeddable":true,"href":"https:\/\/neuzamariano.com\/loja\/wp-json\/wp\/v2\/media\/59582"}],"wp:attachment":[{"href":"https:\/\/neuzamariano.com\/loja\/wp-json\/wp\/v2\/media?parent=59575"}],"wp:term":[{"taxonomy":"product_brand","embeddable":true,"href":"https:\/\/neuzamariano.com\/loja\/wp-json\/wp\/v2\/products\/brands?post=59575"},{"taxonomy":"product_cat","embeddable":true,"href":"https:\/\/neuzamariano.com\/loja\/wp-json\/wp\/v2\/product_cat?post=59575"},{"taxonomy":"product_tag","embeddable":true,"href":"https:\/\/neuzamariano.com\/loja\/wp-json\/wp\/v2\/product_tag?post=59575"}],"curies":[{"name":"wp","href":"https:\/\/api.w.org\/{rel}","templated":true}]}}