{"id":59563,"date":"2022-05-15T22:32:00","date_gmt":"2022-05-15T15:32:00","guid":{"rendered":"https:\/\/neuzamariano.com\/loja-cosmetica-asiatica\/?post_type=product&#038;p=59563"},"modified":"2026-03-19T16:28:49","modified_gmt":"2026-03-19T09:28:49","slug":"sleeping-mask-de-sleeping-mask-de-semente-uva","status":"publish","type":"product","link":"https:\/\/neuzamariano.com\/loja\/sleeping-mask-de-sleeping-mask-de-semente-uva\/","title":{"rendered":"Sleeping Mask de Semente Uva"},"content":{"rendered":"<p style=\"text-align: justify\">Foram extra\u00eddos com um processo especial resultando na maior concentra\u00e7\u00e3o de Polifenol que auxilia anti-inflamat\u00f3rio, antibacteriano, antioxidante e assim protege nosso organismo dos radicais livres, que s\u00e3o respons\u00e1veis \u200b\u200bpelo envelhecimento precoce.<\/p>\n<p style=\"text-align: justify\">Benef\u00edcios<br \/>\n\u2713 Reduz a apar\u00eancia de cicatrizes antigas e novas no rosto<br \/>\n\u2713 Pele sens\u00edvel<br \/>\n\u2713 Extrato ajuda a hidratar<br \/>\n\u2713 Repara a pele e cura a pele danificada<br \/>\n\u2713 Fortalece a barreira cut\u00e2nea<br \/>\n\u2713 Anti-inflamat\u00f3rio, antibacteriano<br \/>\n\u2713 Poderoso antioxidante<br \/>\n\u2713 Anti melasma<\/p>\n<p style=\"text-align: justify\">O produto natural para a pele delicada e sens\u00edvel, livre de ingredientes nocivos:<br \/>\n\u00c1lcool, Perfume, Parabenos, Corante e Silicone.<\/p>\n<p style=\"text-align: justify\">INSTRU\u00c7\u00c3O: Aplique uma quantidade adequada no rosto e pesco\u00e7o antes de dormir e massageie no sentido ascendente. Em seguida, aplique suavemente na pele para melhor absor\u00e7\u00e3o sem enxaguar (lavar pela manh\u00e3). Use na \u00faltima etapa da rotina de cuidados com a pele.<\/p>\n<p style=\"text-align: justify\">INGREDIENTS LIST Sleeping Mask de Rom\u00e3 Plantnery<br \/>\nDEIONIZED WATER, GLYCERIN, PARAFFINUM LIQUIDUM, BUTYLENE GLYCOL, POLYACRYLAMIDE, C13-14 ISOPARAFFIN, LAURETH-7, TITANIUM DIOXIDE, HYDROGEN DIMETHICONE, ISODECYL NEOPENTANOATE, CYCLOPENTASILOXANE, PUNICA GRANATUM EXTRACT, SODIUM POLYACRYLOYLDIMETHYL TAURATE, POLYSORBATE 20, PUNICA GRANATUM SEED OIL, PHENOXYETHANOL, DISODIUM EDTA, ETHYL ASCORBIC ACID, SODIUM HYALURONATE, NIACINAMIDE, PYRIDOXINE HYDROCHLORIDE, COCAMIDOPROPYL DIMETHYLAMINE, PANTHENOL, HAMAMELIS VIRGINIANA LEAF WATER, ZINC PCA, SALICYLIC ACID<\/p>\n<p style=\"text-align: justify\">Tem 50g<\/p>\n","protected":false},"excerpt":{"rendered":"<p>face gel<\/p>\n","protected":false},"featured_media":71021,"comment_status":"open","ping_status":"closed","template":"","meta":{"inline_featured_image":false},"products\/brands":[4422],"product_cat":[5115,8740,8706],"product_tag":[5038,22519,4452,4441,4443,4445,4448,4436,3978,4190,4351],"class_list":{"0":"post-59563","1":"product","2":"type-product","3":"status-publish","4":"has-post-thumbnail","6":"product_brand-plantnery","7":"product_cat-cuidados-de-pele","8":"product_cat-mascaras-de-noite","9":"product_cat-mascaras-faciais","10":"product_tag-armazem-krabi","11":"product_tag-compra-1-leva-1","12":"product_tag-creme-de-dia-e-de-noite","13":"product_tag-manchas","14":"product_tag-mista-ou-oleosa","15":"product_tag-pele-sensivel-e-reativa","16":"product_tag-produtos-para-rosto","17":"product_tag-sinais-de-envelhecimento","18":"product_tag-sleeping-mask","19":"product_tag-sleeping-mask-de-roma-plantnery","20":"product_tag-sleeping-mask-de-semente-uva","21":"product_shipping_class-armazem-tailandia","23":"first","24":"instock","25":"sale","26":"taxable","27":"shipping-taxable","28":"purchasable","29":"product-type-simple"},"_links":{"self":[{"href":"https:\/\/neuzamariano.com\/loja\/wp-json\/wp\/v2\/product\/59563","targetHints":{"allow":["GET"]}}],"collection":[{"href":"https:\/\/neuzamariano.com\/loja\/wp-json\/wp\/v2\/product"}],"about":[{"href":"https:\/\/neuzamariano.com\/loja\/wp-json\/wp\/v2\/types\/product"}],"replies":[{"embeddable":true,"href":"https:\/\/neuzamariano.com\/loja\/wp-json\/wp\/v2\/comments?post=59563"}],"wp:featuredmedia":[{"embeddable":true,"href":"https:\/\/neuzamariano.com\/loja\/wp-json\/wp\/v2\/media\/71021"}],"wp:attachment":[{"href":"https:\/\/neuzamariano.com\/loja\/wp-json\/wp\/v2\/media?parent=59563"}],"wp:term":[{"taxonomy":"product_brand","embeddable":true,"href":"https:\/\/neuzamariano.com\/loja\/wp-json\/wp\/v2\/products\/brands?post=59563"},{"taxonomy":"product_cat","embeddable":true,"href":"https:\/\/neuzamariano.com\/loja\/wp-json\/wp\/v2\/product_cat?post=59563"},{"taxonomy":"product_tag","embeddable":true,"href":"https:\/\/neuzamariano.com\/loja\/wp-json\/wp\/v2\/product_tag?post=59563"}],"curies":[{"name":"wp","href":"https:\/\/api.w.org\/{rel}","templated":true}]}}