{"id":58589,"date":"2022-04-13T18:37:21","date_gmt":"2022-04-13T11:37:21","guid":{"rendered":"https:\/\/neuzamariano.com\/loja-cosmetica-asiatica\/?post_type=product&#038;p=58589"},"modified":"2026-03-19T16:30:30","modified_gmt":"2026-03-19T09:30:30","slug":"patches-de-olhos-osmanthus-e-ouro","status":"publish","type":"product","link":"https:\/\/neuzamariano.com\/loja\/patches-de-olhos-osmanthus-e-ouro\/","title":{"rendered":"Patches de Olhos Osmanthus e Ouro"},"content":{"rendered":"<p style=\"text-align: justify;\">A delicada pele das p\u00e1lpebras, devido \u00e0 aus\u00eancia de gordura subcut\u00e2nea, envelhece mais cedo do que o resto do rosto e precisa de cuidados m\u00e1ximos e delicados.<br \/>\nContendo Extrato de Osmanthus Dourado, Hamam\u00e9lis, \u00c1cido Hialur\u00f4nico e Col\u00e1geno , esta m\u00e1scara para os olhos n\u00e3o apenas <strong>remove efetivamente olheiras, incha\u00e7os e bolsas sob os olhos, mas tamb\u00e9m reduz as rugas e hidrata a pele das p\u00e1lpebras.<\/strong><\/p>\n<p style=\"text-align: justify;\"><strong>O principal ingrediente ativo da m\u00e1scara \u00e9 o extrato natural de Golden Osmanthus, famoso por suas propriedades regeneradoras e calmantes.<\/strong><\/p>\n<p style=\"text-align: justify;\">Tamb\u00e9m penetra em todas as camadas da pele e a nutre por dentro. Os adesivos cont\u00eam p\u00e9talas e, no pr\u00f3prio frasco, o l\u00edquido com seu extrato \u00e9 a dosagem ideal para uma transforma\u00e7\u00e3o instant\u00e2nea de seus olhos.<\/p>\n<p style=\"text-align: justify;\">Al\u00e9m disso, a composi\u00e7\u00e3o cont\u00e9m Snail Mucin \u2013 ilumina, suaviza e aperta a pele.<br \/>\n<strong>Col\u00e1geno \u2013<\/strong> torna a pele macia e firme.<br \/>\n<strong>Extrato de algas, mel, hamam\u00e9lis, azeite \u2013<\/strong> todos esses componentes tamb\u00e9m nutrem, hidratam e acalmam a pele, protegendo contra influ\u00eancias ambientais negativas.<\/p>\n<p style=\"text-align: justify;\">Os patches s\u00e3o feitos em forma de c\u00edrculos com aberturas para os olhos e, diferentemente dos patches padr\u00e3o que cobrem apenas a p\u00e1lpebra inferior, eles cuidam de toda a \u00e1rea periorbital.<br \/>\nO banco cont\u00e9m 80 patches, suficientes para 40 procedimentos \u2013 isso \u00e9 cerca de 3 meses, desde que sejam usados \u200b\u200b2-3 vezes por semana.<br \/>\nO conjunto inclui pin\u00e7as projetadas para remover manchas suavemente.<\/p>\n<p style=\"text-align: justify;\">Como usar:<br \/>\nUsa a pin\u00e7a inclu\u00edda no kit para remover os adesivos de tecido. Retira suavemente os adesivos, coloque-os na pele limpa e seca dos olhos, relaxa por 15-20 minutos at\u00e9 que comecem a secar, depois remova e massageia o resto da pele. Em seguida, aplica um s\u00e9rum ou creme para os olhos.<\/p>\n<p style=\"text-align: justify;\">Podes us\u00e1-los diariamente at\u00e9 obter o resultado desejado e, em seguida, 2-3 vezes por semana para mant\u00ea-lo.<\/p>\n<ul style=\"text-align: justify;\">\n<li>Reduz rugas e linhas de express\u00e3o em toda a zona ocular<\/li>\n<li>Reduz olheira escura<\/li>\n<li>Clareia a zona da olheira<\/li>\n<li>Pele mais firme<\/li>\n<li>Pele mais luminosa<\/li>\n<li>Reduz bolsas<\/li>\n<li>Trata da pele cansada<\/li>\n<li>Aumenta a produ\u00e7\u00e3o de colag\u00e9nio<\/li>\n<li>Hidrata a regi\u00e3o ocular<\/li>\n<\/ul>\n<p style=\"text-align: justify;\">F\u00f3rmula biol\u00f3gica<\/p>\n<p style=\"text-align: justify;\">Cont\u00e9m 80 patches<\/p>\n<p><a href=\"https:\/\/incidecoder.com\/products\/bioaqua-golden-osmanthus-eye-mask\" target=\"_blank\" rel=\"noopener\">Ingredientes.<\/a><\/p>\n","protected":false},"excerpt":{"rendered":"<p>face gel<\/p>\n","protected":false},"featured_media":71022,"comment_status":"open","ping_status":"closed","template":"","meta":{"inline_featured_image":false},"products\/brands":[],"product_cat":[5115,8700,8765],"product_tag":[5038,4432,4182],"class_list":{"0":"post-58589","1":"product","2":"type-product","3":"status-publish","4":"has-post-thumbnail","6":"product_cat-cuidados-de-pele","7":"product_cat-hidratacao-facial","8":"product_cat-olhos-hidratacao-facial","9":"product_tag-armazem-krabi","10":"product_tag-cuidado-de-olhos","11":"product_tag-patches-de-olhos-osmanthus-e-ouro","12":"product_shipping_class-armazem-tailandia","14":"first","15":"instock","16":"featured","17":"taxable","18":"shipping-taxable","19":"purchasable","20":"product-type-simple"},"_links":{"self":[{"href":"https:\/\/neuzamariano.com\/loja\/wp-json\/wp\/v2\/product\/58589","targetHints":{"allow":["GET"]}}],"collection":[{"href":"https:\/\/neuzamariano.com\/loja\/wp-json\/wp\/v2\/product"}],"about":[{"href":"https:\/\/neuzamariano.com\/loja\/wp-json\/wp\/v2\/types\/product"}],"replies":[{"embeddable":true,"href":"https:\/\/neuzamariano.com\/loja\/wp-json\/wp\/v2\/comments?post=58589"}],"wp:featuredmedia":[{"embeddable":true,"href":"https:\/\/neuzamariano.com\/loja\/wp-json\/wp\/v2\/media\/71022"}],"wp:attachment":[{"href":"https:\/\/neuzamariano.com\/loja\/wp-json\/wp\/v2\/media?parent=58589"}],"wp:term":[{"taxonomy":"product_brand","embeddable":true,"href":"https:\/\/neuzamariano.com\/loja\/wp-json\/wp\/v2\/products\/brands?post=58589"},{"taxonomy":"product_cat","embeddable":true,"href":"https:\/\/neuzamariano.com\/loja\/wp-json\/wp\/v2\/product_cat?post=58589"},{"taxonomy":"product_tag","embeddable":true,"href":"https:\/\/neuzamariano.com\/loja\/wp-json\/wp\/v2\/product_tag?post=58589"}],"curies":[{"name":"wp","href":"https:\/\/api.w.org\/{rel}","templated":true}]}}