{"id":58462,"date":"2022-04-12T21:17:25","date_gmt":"2022-04-12T14:17:25","guid":{"rendered":"https:\/\/neuzamariano.com\/loja-cosmetica-asiatica\/?post_type=product&#038;p=58462"},"modified":"2026-03-19T16:31:09","modified_gmt":"2026-03-19T09:31:09","slug":"sulwhasoo-first-care-activating-serum","status":"publish","type":"product","link":"https:\/\/neuzamariano.com\/loja\/sulwhasoo-first-care-activating-serum\/","title":{"rendered":"Sulwhasoo First Care Activating Serum VI"},"content":{"rendered":"<blockquote>\n<p style=\"text-align: justify;\">Nos \u00faltimos 50 anos, a <em>Sulwhasoo<\/em> tornou-se uma das principais marcas de beleza na Coreia do Sul e em toda a \u00c1sia. A marca \u00e9 considerada um dos emblemas da beleza coreana.<\/p>\n<\/blockquote>\n<p style=\"text-align: justify;\"><strong>1 embalagem vendida a cada 10 segundos.<\/strong><\/p>\n<p style=\"text-align: justify;\">Um produto de culto na cosm\u00e9tica Asi\u00e1tica e com assinatura da Sulwhasoo. <strong>23 anos de pesquisa foram canalizados para este produto<\/strong>, feito \u00e0 base de\u00a0fitoter\u00e1picos. Esta \u00e9<strong> a quinta gera\u00e7\u00e3o<\/strong> do JAUM Activator \u2122 est\u00e1 mais poderoso do que nunca, resulta como um impulsionador antienvelhecimento essencial que <strong>estimula a capacidade natural da pele de rejuvenescer<\/strong> a si mesma todos os dias.<\/p>\n<p style=\"text-align: justify;\">\u00c9 o s\u00e9rum mais vendido. \u00c9 o primeiro passo para aumentar a efici\u00eancia e habilidade do tratamento da pele com JAUM Balancing Complex das melhores plantas medicinais coreanas. Selecionado entre mais de 3.000 esp\u00e9cies, cuidadosamente pesquisadas em 5 variedades excelentes: Raiz de ruibarbo, Raiz de pe\u00f4nia chinesa, Semente de l\u00f3tus indiana, L\u00edrio branco e Selo de Salom\u00e3o. Leva 18 horas para ferver.<\/p>\n<p style=\"text-align: justify;\">Um puro soro que combate os<strong> 5 sinais do envelhecimento: elasticidade, vitalidade, esplendor, vitalidade e firmeza.<\/strong> Use-o como primeiro passo ap\u00f3s limpar a pele. O s\u00e9rum aumentar\u00e1 a absor\u00e7\u00e3o e proporcionar\u00e1 melhores resultados do pr\u00f3ximo produto para a pele.<\/p>\n<p style=\"text-align: justify;\">O poderoso JAUM Activator \u2122 de quinta gera\u00e7\u00e3o foi desenvolvido usando a \u201cYouth Master Technology\u201d, a mais recente forma de biotecnologia de Sulwhasoo.<br \/>\nO JAUM Activator \u2122 cuida de todo o ecossistema ao redor da pele e cria uma base firme e saud\u00e1vel.<\/p>\n<p style=\"text-align: justify;\"><strong>O ic\u00f4nico soro best-seller da Sulwhasoo<\/strong> passou por uma reformula\u00e7\u00e3o, pois a marca continua mantendo sua presen\u00e7a como pioneira em f\u00f3rmulas luxuosas e de alto desempenho enraizadas na sabedoria tradicional asi\u00e1tica.<\/p>\n<p style=\"text-align: justify;\">A nova f\u00f3rmula ainda oferece tudo o que a f\u00f3rmula anterior oferecia, mas com <strong>benef\u00edcios antienvelhecimento<\/strong> aprimorados que ajudam a deixar sua <strong>pele mais radiante<\/strong> do que nunca.<\/p>\n<p style=\"text-align: justify;\">O S\u00e9rum Ativador First Care \u00e9 formulado para o uso di\u00e1rio imediatamente ap\u00f3s a lavagem do rosto, pois aumenta o poder regenerativo e a barreira protetora da pele para alcan\u00e7ar aquele visual suave e radiante.<\/p>\n<p style=\"text-align: justify;\">Fragr\u00e2ncia e textura exclusivas, refrescantes e facilmente absorvidas pela pele.<\/p>\n<p style=\"text-align: justify;\">A f\u00f3rmula luxuosa hidrata, nutre e firma visivelmente, enquanto aumenta a absor\u00e7\u00e3o dos produtos subsequentes aplicados por cima.<\/p>\n<p style=\"text-align: justify;\">A tecnologia avan\u00e7ada de f\u00f3rmulas de Sulwhasoo \u00e9 usada para desenvolver um produto que pode ser facilmente absorvido por qualquer tipo de pele. Infundiu um perfume suave para aumentar a efic\u00e1cia da f\u00f3rmula e proporcionar aos clientes uma excelente experi\u00eancia.<\/p>\n<p style=\"text-align: justify;\"><strong>Novo JAUM Activator\u2122<\/strong><br \/>\nUma propor\u00e7\u00e3o \u00e1urea de L\u00f3tus, L\u00edrio Branco, Selo de Salom\u00e3o, Pe\u00f4nia e Rehmannia foram cuidadosamente selecionados por meio de minera\u00e7\u00e3o de dados de 3.912 combina\u00e7\u00f5es de 1.041ervas tradicionais coreanas.<\/p>\n<p style=\"text-align: justify;\">O Sulwhasoo First Care Activating Serum \u00e9 um soro de prepara\u00e7\u00e3o exclusivo, projetado para ser o primeiro passo p\u00f3s-limpeza de manh\u00e3 e \u00e0 noite<\/p>\n<p><img fetchpriority=\"high\" decoding=\"async\" class=\"aligncenter wp-image-75255 size-large\" src=\"https:\/\/neuzamariano.com\/loja\/wp-content\/uploads\/sites\/2\/2022\/04\/Sulwhasoo-First-Care-Activating-Serum-VI-4-1024x432.jpg\" alt=\"Sulwhasoo First Care Activating Serum VI\" width=\"1024\" height=\"432\" title=\"\" srcset=\"https:\/\/neuzamariano.com\/loja\/wp-content\/uploads\/sites\/2\/2022\/04\/Sulwhasoo-First-Care-Activating-Serum-VI-4-1024x432.jpg 1024w, https:\/\/neuzamariano.com\/loja\/wp-content\/uploads\/sites\/2\/2022\/04\/Sulwhasoo-First-Care-Activating-Serum-VI-4-670x283.jpg 670w, https:\/\/neuzamariano.com\/loja\/wp-content\/uploads\/sites\/2\/2022\/04\/Sulwhasoo-First-Care-Activating-Serum-VI-4-300x127.jpg 300w, https:\/\/neuzamariano.com\/loja\/wp-content\/uploads\/sites\/2\/2022\/04\/Sulwhasoo-First-Care-Activating-Serum-VI-4-768x324.jpg 768w, https:\/\/neuzamariano.com\/loja\/wp-content\/uploads\/sites\/2\/2022\/04\/Sulwhasoo-First-Care-Activating-Serum-VI-4.jpg 1100w\" sizes=\"(max-width: 1024px) 100vw, 1024px\" \/><\/p>\n<p style=\"text-align: justify;\">15 ml<\/p>\n<p><a href=\"https:\/\/incidecoder.com\/products\/sulwhasoo-first-care-activating-serum-ex\" target=\"_blank\" rel=\"noopener\">Ingredientes<\/a><\/p>\n","protected":false},"excerpt":{"rendered":"<p>face gel<\/p>\n","protected":false},"featured_media":75251,"comment_status":"open","ping_status":"closed","template":"","meta":{"inline_featured_image":false},"products\/brands":[4178],"product_cat":[5115,8703,8700],"product_tag":[5038,22519,2092,2339,3997,4444,4448,4436,4464,4449],"class_list":{"0":"post-58462","1":"product","2":"type-product","3":"status-publish","4":"has-post-thumbnail","6":"product_brand-sulwhasoo","7":"product_cat-cuidados-de-pele","8":"product_cat-essencias-soros-e-ampolas","9":"product_cat-hidratacao-facial","10":"product_tag-armazem-krabi","11":"product_tag-compra-1-leva-1","12":"product_tag-cosmetica-asiatica","13":"product_tag-cosmetica-coreana","14":"product_tag-k-beauty","15":"product_tag-pele-seca","16":"product_tag-produtos-para-rosto","17":"product_tag-sinais-de-envelhecimento","18":"product_tag-tonicos","19":"product_tag-essencias-e-seruns","20":"product_shipping_class-armazem-tailandia","22":"first","23":"instock","24":"featured","25":"taxable","26":"shipping-taxable","27":"purchasable","28":"product-type-variable"},"_links":{"self":[{"href":"https:\/\/neuzamariano.com\/loja\/wp-json\/wp\/v2\/product\/58462","targetHints":{"allow":["GET"]}}],"collection":[{"href":"https:\/\/neuzamariano.com\/loja\/wp-json\/wp\/v2\/product"}],"about":[{"href":"https:\/\/neuzamariano.com\/loja\/wp-json\/wp\/v2\/types\/product"}],"replies":[{"embeddable":true,"href":"https:\/\/neuzamariano.com\/loja\/wp-json\/wp\/v2\/comments?post=58462"}],"wp:featuredmedia":[{"embeddable":true,"href":"https:\/\/neuzamariano.com\/loja\/wp-json\/wp\/v2\/media\/75251"}],"wp:attachment":[{"href":"https:\/\/neuzamariano.com\/loja\/wp-json\/wp\/v2\/media?parent=58462"}],"wp:term":[{"taxonomy":"product_brand","embeddable":true,"href":"https:\/\/neuzamariano.com\/loja\/wp-json\/wp\/v2\/products\/brands?post=58462"},{"taxonomy":"product_cat","embeddable":true,"href":"https:\/\/neuzamariano.com\/loja\/wp-json\/wp\/v2\/product_cat?post=58462"},{"taxonomy":"product_tag","embeddable":true,"href":"https:\/\/neuzamariano.com\/loja\/wp-json\/wp\/v2\/product_tag?post=58462"}],"curies":[{"name":"wp","href":"https:\/\/api.w.org\/{rel}","templated":true}]}}