{"id":57605,"date":"2025-12-30T10:43:20","date_gmt":"2025-12-30T03:43:20","guid":{"rendered":"https:\/\/neuzamariano.com\/loja-cosmetica-asiatica\/?post_type=product&#038;p=57605"},"modified":"2026-03-19T10:34:10","modified_gmt":"2026-03-19T03:34:10","slug":"cosrx-favorites-best-sellers-set","status":"publish","type":"product","link":"https:\/\/neuzamariano.com\/loja\/cosrx-favorites-best-sellers-set\/","title":{"rendered":"Cosrx Favorites Best Sellers Set"},"content":{"rendered":"<blockquote><p>Cosrx favorites best sellers set<\/p><\/blockquote>\n<p style=\"text-align: justify\">\ud83c\udf38 Cosrx \u00e9 uma marca sul Coreana, dedicada \u00e0 cria\u00e7\u00e3o de produtos com altas concentra\u00e7\u00f5es de activos.<\/p>\n<p style=\"text-align: justify\">\ud83c\udf38 O Cosrx Favorites Best Sellers Set \u00e9 um conjunto de quatro pe\u00e7as que inclui os itens essenciais de cuidados com a pele mais vendidos da COSRX. Produtos que suavizam, acalmam e hidrataram a pele. Purifica a pele com ingredientes bot\u00e2nicos suaves, incluindo peles sens\u00edveis.<\/p>\n<p style=\"text-align: justify\">Apropriado para todos os tipos de pele<br \/>\nTestado por dermatologistas, hipoalerg\u00e9nico e livre de crueldade animal<br \/>\nLivre de parabenos, Ftalatos, Sulfatos, \u00d3leo Mineral, Fragr\u00e2ncia Artificial e \u00c1lcool<\/p>\n<p style=\"text-align: justify\">Os produtos est\u00e3o por ordem de aplica\u00e7\u00e3o.<\/p>\n<p style=\"text-align: justify\"><strong>\ud83c\udf38 Low pH Good Morning Gel Cleanser (20ml) \u2013<\/strong> Um gel de limpeza 2 em 1, que limpa e esfolia respeitando o PH fisiol\u00f3gico da pele. Elimine suavemente as c\u00e9lulas mortas da pele e o excesso de sebo que se acumula na pele. Cont\u00e9m propriedades purificantes, ajudando a eliminar o sebo produzido pela pele.<\/p>\n<p style=\"text-align: justify\">Cosrx Low pH Good Morning Gel Cleanser \u00e9 um gel de limpeza super suave que \u00e9 \u00f3ptimo para a lavagem matinal. textura mais flex\u00edvel e clara. \u00c9 feito com todos os ingredientes naturais para acalmar, esfoliar e hidratar. Sua f\u00f3rmula com pH 5,0 ~ 6,0 semelhante ao n\u00edvel de pH natural da pele foi projectada para restaurar o equil\u00edbrio ideal do pH da pele para limpar sem irrita\u00e7\u00e3o. \u00c9 \u00f3ptimo para qualquer tipo de pele e especialmente para peles sens\u00edveis. Cont\u00e9m \u00f3leo de tea tree para controlar a pele oleosa e reduzir o tamanho dos poros, tamb\u00e9m cont\u00e9m BHA natural para refinar a textura da pele.<\/p>\n<p style=\"text-align: justify\"><strong>\ud83c\udf38 AHA \/ BHA Clarifying Treatment Toner (20 ml)<\/strong> \u2013 penetra eficazmente na pele e limpa os poros entupidos. Tamb\u00e9m ajuda a pele a manter a hidrata\u00e7\u00e3o. \u00c9 um t\u00f3nico esfoliante. AHA (\u00e1cido glic\u00f3lico), BHA (Salicilato de Beta\u00edna). Uniformiza a pele, elimina pontos negros e trata poros dilatados.<\/p>\n<p style=\"text-align: justify\">Cosrx AHA\/BHA Clarifying Treatment Toner \u00e9 formulado com AHA, BHA e Ingredientes Bot\u00e2nicos Purificantes para rejuvenescer e deixar a pele mais saud\u00e1vel. Este toner \u00e9 formulado apenas com ingredientes naturais e com \u00e1gua mineral para mais do que apenas um simples toner. Este toner funciona para acalmar, refrescar e suavizar a pele. Mant\u00e9m o n\u00edvel de pH ideal da pele. Esta f\u00f3rmula de baixo pH atua para refrescar e suavizar a pele e ajuda a prevenir a forma\u00e7\u00e3o de futuras espinhas, cravos e manchas para a pele perfeita e impec\u00e1vel que voc\u00ea merece. Na formula\u00e7\u00e3o do AHA\/BHA Clarifying Treatment Toner, \u00e1gua mineral (em oposi\u00e7\u00e3o \u00e0 \u00e1gua purificada) para a sa\u00fade da sua pele, AHA natural para uniformizar o tom da pele e BHA natural para suavizar e suavizar a pele. \u00c9 adequado para todos os tipos de pele e para uso esfoliante di\u00e1rio.<\/p>\n<p style=\"text-align: justify\"><strong>\ud83c\udf38 Advanced Snail 96 Mucin Power Essence (20 ml) \u2013<\/strong> Ess\u00eancia leve que \u00e9 absorvida rapidamente pela pele e d\u00e1 brilho natural de dentro pra fora. Contem 96% de secre\u00e7\u00e3o de caracol filtrada. \u00c9 um dos segredos de beleza mais bem guardado da Coreia. \u00c9 muito hidratante, repara e revitaliza a pele seca e danificada. Por outro lado,\u00a0 fornece benef\u00edcios anti idade para ajudar a minimizar a apar\u00eancia de linhas finas e rugas. Conte com uma pele lisa e radiante, com mais elasticidade.<\/p>\n<p style=\"text-align: justify\"><strong>\ud83c\udf38 Oil Free Ultra Moisturizing Lotion (20 ml) \u2013<\/strong> A lo\u00e7\u00e3o subtil e leve, que \u00e9 um ingrediente natural amigo da pele, cheio de vitaminas e antioxidantes, acalma o e trata a pele irritada, fornecendo a nutri\u00e7\u00e3o necess\u00e1ria.<\/p>\n","protected":false},"excerpt":{"rendered":"<p>face gel<\/p>\n","protected":false},"featured_media":57673,"comment_status":"open","ping_status":"closed","template":"","meta":{"inline_featured_image":false},"products\/brands":[4647],"product_cat":[22809,8724],"product_tag":[5038,4430,2339,4159,4154,4156,4155,4158,4157,3997,4443,4454,4444,4445,4437,4448,4436,4456],"class_list":{"0":"post-57605","1":"product","2":"type-product","3":"status-publish","4":"has-post-thumbnail","6":"product_brand-cosrx","7":"product_cat-kits-de-viagem","8":"product_cat-kits-e-conjuntos","9":"product_tag-armazem-krabi","10":"product_tag-borbulhas-e-pontos-negros","11":"product_tag-cosmetica-coreana","12":"product_tag-cosrx-europe","13":"product_tag-cosrx-favorites-best-sellers-set","14":"product_tag-cosrx-gift-set","15":"product_tag-cosrx-mini","16":"product_tag-cosrx-portugal","17":"product_tag-cosrx-snail-mucin","18":"product_tag-k-beauty","19":"product_tag-mista-ou-oleosa","20":"product_tag-normal","21":"product_tag-pele-seca","22":"product_tag-pele-sensivel-e-reativa","23":"product_tag-poros-dilatados","24":"product_tag-produtos-para-rosto","25":"product_tag-sinais-de-envelhecimento","26":"product_tag-skin-care-sets","27":"product_shipping_class-armazem-tailandia","29":"first","30":"instock","31":"taxable","32":"shipping-taxable","33":"purchasable","34":"product-type-simple"},"_links":{"self":[{"href":"https:\/\/neuzamariano.com\/loja\/wp-json\/wp\/v2\/product\/57605","targetHints":{"allow":["GET"]}}],"collection":[{"href":"https:\/\/neuzamariano.com\/loja\/wp-json\/wp\/v2\/product"}],"about":[{"href":"https:\/\/neuzamariano.com\/loja\/wp-json\/wp\/v2\/types\/product"}],"replies":[{"embeddable":true,"href":"https:\/\/neuzamariano.com\/loja\/wp-json\/wp\/v2\/comments?post=57605"}],"wp:featuredmedia":[{"embeddable":true,"href":"https:\/\/neuzamariano.com\/loja\/wp-json\/wp\/v2\/media\/57673"}],"wp:attachment":[{"href":"https:\/\/neuzamariano.com\/loja\/wp-json\/wp\/v2\/media?parent=57605"}],"wp:term":[{"taxonomy":"product_brand","embeddable":true,"href":"https:\/\/neuzamariano.com\/loja\/wp-json\/wp\/v2\/products\/brands?post=57605"},{"taxonomy":"product_cat","embeddable":true,"href":"https:\/\/neuzamariano.com\/loja\/wp-json\/wp\/v2\/product_cat?post=57605"},{"taxonomy":"product_tag","embeddable":true,"href":"https:\/\/neuzamariano.com\/loja\/wp-json\/wp\/v2\/product_tag?post=57605"}],"curies":[{"name":"wp","href":"https:\/\/api.w.org\/{rel}","templated":true}]}}