{"id":57592,"date":"2022-03-23T17:47:18","date_gmt":"2022-03-23T10:47:18","guid":{"rendered":"https:\/\/neuzamariano.com\/loja-cosmetica-asiatica\/?post_type=product&#038;p=57592"},"modified":"2026-05-01T17:52:02","modified_gmt":"2026-05-01T10:52:02","slug":"medi-peel-melanon-melasma","status":"publish","type":"product","link":"https:\/\/neuzamariano.com\/loja\/medi-peel-melanon-melasma\/","title":{"rendered":"MEDI-PEEL Melanon"},"content":{"rendered":"<blockquote><p>MEDI-PEEL Melanon<\/p><\/blockquote>\n<p style=\"text-align: justify;\">MEDI-PEEL \u00e9 uma marca de\u00a0<em>homecare<\/em>\u00a0de cuidados est\u00e9ticos de alta gama. Converge a derma-tecnologia patenteada e ingredientes de alta qualidade que s\u00e3o cuidadosamente selecionados pelos mestres da beleza. Com base no\u00a0<em>know-how<\/em>\u00a0de d\u00e9cadas de\u00a0<em>peeling<\/em>\u00a0dos especialistas em est\u00e9tica coreanos.<\/p>\n<p style=\"text-align: justify;\">O sistema de clareamento exclusivo da Medi-peel com ingredientes clareadores eficazes far\u00e1 com que sua pele pare\u00e7a brilhante e brilhante.<\/p>\n<p style=\"text-align: justify;\">Creme noturno para peles com melasma, manchas escuras, cicatrizes e acne Este poderoso creme clareador funciona enquanto dormes, ilumina e desintoxica a pele.<\/p>\n<p style=\"text-align: justify;\"><strong> Este creme:<\/strong><\/p>\n<ul style=\"text-align: justify;\">\n<li>Clareia a pele<\/li>\n<li>Deixa a pele radiante<\/li>\n<li>Creme noturno para peles com melasma, manchas escuras, cicatrizes e acne<\/li>\n<li>Trata manchas solares<\/li>\n<li>Proporciona uma esfolia\u00e7\u00e3o gradual e cont\u00ednua que revela uma nova pele, esta f\u00f3rmula \u00e9 adequada para todos os tipos de pele, mesmo os mais sens\u00edveis<\/li>\n<li>O arbutin alfa elimina as c\u00e9lulas mortas da pele suavemente. O extrato de broussonetia impede que o pigmento melanina deposite na pele e suprime a forma\u00e7\u00e3o de manchas e sardas, e age como um tom de pele luminoso<\/li>\n<li>Pontos escuros e imperfei\u00e7\u00f5es desaparecem, a textura da pele \u00e9 refinada e os poros s\u00e3o apertados.<\/li>\n<\/ul>\n<p style=\"text-align: justify;\"><strong>Ingredientes estrela:<\/strong><\/p>\n<p style=\"text-align: justify;\"><strong>Arbutina:<\/strong> Inibibe a s\u00edntese de melanina, suavizando a apar\u00eancia de manchas;, melasma e sardas, uniformiza e ilumina o tom da pele, promove o rejuvenescimento da pele.<\/p>\n<p style=\"text-align: justify;\"><strong>Vitamina C:<\/strong> A vitamina C apresenta propriedades que auxiliam no clareamento da pele por inibir a forma\u00e7\u00e3o de melanina \u2013 enzima que aumenta a pigmenta\u00e7\u00e3o. Est\u00e1 comprovado que a subst\u00e2ncia ajuda a clarear manchas de pele, como o melasma e marcas de acne<\/p>\n<p style=\"text-align: justify;\"><strong>Niacinamida:<\/strong> Estimula a renova\u00e7\u00e3o celular, favorece a uniformiza\u00e7\u00e3o da pele e \u00e9 um antioxidante.<\/p>\n<p style=\"text-align: justify;\"><strong>\u00c1cido tranex\u00e2mico:<\/strong> Eficaz no tratamento de manchas escuras.<\/p>\n<p style=\"text-align: justify;\"><strong>Como usar<\/strong><br \/>\nEspalha suavemente a quantidade desejada do centro do rosto para fora do mesmo. Deve ser usado na rotina de noite.<\/p>\n<p style=\"text-align: justify;\">Ingredients<br \/>\nWater, Butyrospermum Parkii Butter, Butylene Glycol, Caprylic\/Capric Triglyceride, Betaine, Hydrogenated Polydecene, Dimethicone, Niacinamide, Polyglyceryl-3 methylglucose distearate, Cetearyl Alcohol, Glyceryl Stearate, Beeswax, Alpha-Arbutin, Magnesium Ascorbyl Phosphate, Glycyrrhiza, PEG-100 Stearate, Dimethicone\/, Vinyl Dimethicone Crosspolymer, Sorbitan Stearate, Sucrose cocoate, Cysteine, Ascorbic Acid, Carnitine, Tranexamic Acid, Thuja Orientalis Leaf Extract, Polygonum Cuspidatum Root Extract, Hamamelis Virginiana Extract, Morus Alba Bark Extract, Phyllanthus Emblica Fruit Extract, Trichosanthes kirilowii, Vitis vinifera, Simmondsia Chinensis Seed Oil, Hydroxyacetophenone, Ozokerite, Tocopheryl Acetate, Arginine, Ethylhexylglycerin, Carbomer, Sodium Hyaluronate, SH-Oligopeptide-1, SH-Oligopeptide-2, SH-Polypeptide-1, Sh-polypeptide-3, Adenosine, Xanthan Gum, Disodium EDTA, Fragrance, 1,2-Hexanediol, Glycerin, Propanediol, Broussonetia Extract, Aletris Farinosa Root Extract, Zanthoxylum Schinifolium Leaf Extract, sh-Polypeptide-16<\/p>\n<p style=\"text-align: justify;\">Tamanho 30ml<\/p>\n<p>Registrado pela FDA<\/p>\n","protected":false},"excerpt":{"rendered":"<p>face cream<\/p>\n","protected":false},"featured_media":57599,"comment_status":"open","ping_status":"closed","template":"","meta":{"inline_featured_image":false},"products\/brands":[4658],"product_cat":[5115,8769],"product_tag":[4989,5038,2339,4452,3997,4441,4152,4153,4445,4437],"class_list":{"0":"post-57592","1":"product","2":"type-product","3":"status-publish","4":"has-post-thumbnail","6":"product_brand-medi-peel","7":"product_cat-cuidados-de-pele","8":"product_cat-tratamentos-acne-e-manchas","9":"product_tag-anti-idade","10":"product_tag-armazem-krabi","11":"product_tag-cosmetica-coreana","12":"product_tag-creme-de-dia-e-de-noite","13":"product_tag-k-beauty","14":"product_tag-manchas","15":"product_tag-medi-peel","16":"product_tag-medi-peel-melanon","17":"product_tag-pele-sensivel-e-reativa","18":"product_tag-poros-dilatados","19":"product_shipping_class-armazem-tailandia","21":"first","22":"instock","23":"taxable","24":"shipping-taxable","25":"purchasable","26":"product-type-simple"},"_links":{"self":[{"href":"https:\/\/neuzamariano.com\/loja\/wp-json\/wp\/v2\/product\/57592","targetHints":{"allow":["GET"]}}],"collection":[{"href":"https:\/\/neuzamariano.com\/loja\/wp-json\/wp\/v2\/product"}],"about":[{"href":"https:\/\/neuzamariano.com\/loja\/wp-json\/wp\/v2\/types\/product"}],"replies":[{"embeddable":true,"href":"https:\/\/neuzamariano.com\/loja\/wp-json\/wp\/v2\/comments?post=57592"}],"wp:featuredmedia":[{"embeddable":true,"href":"https:\/\/neuzamariano.com\/loja\/wp-json\/wp\/v2\/media\/57599"}],"wp:attachment":[{"href":"https:\/\/neuzamariano.com\/loja\/wp-json\/wp\/v2\/media?parent=57592"}],"wp:term":[{"taxonomy":"product_brand","embeddable":true,"href":"https:\/\/neuzamariano.com\/loja\/wp-json\/wp\/v2\/products\/brands?post=57592"},{"taxonomy":"product_cat","embeddable":true,"href":"https:\/\/neuzamariano.com\/loja\/wp-json\/wp\/v2\/product_cat?post=57592"},{"taxonomy":"product_tag","embeddable":true,"href":"https:\/\/neuzamariano.com\/loja\/wp-json\/wp\/v2\/product_tag?post=57592"}],"curies":[{"name":"wp","href":"https:\/\/api.w.org\/{rel}","templated":true}]}}