{"id":57539,"date":"2022-03-22T15:42:00","date_gmt":"2022-03-22T08:42:00","guid":{"rendered":"https:\/\/neuzamariano.com\/loja-cosmetica-asiatica\/?post_type=product&#038;p=57539"},"modified":"2026-03-19T16:33:46","modified_gmt":"2026-03-19T09:33:46","slug":"serum-de-vitamina-e","status":"publish","type":"product","link":"https:\/\/neuzamariano.com\/loja\/serum-de-vitamina-e\/","title":{"rendered":"YANHEE S\u00e9rum de Vitamina E"},"content":{"rendered":"<p>S\u00e9rum de Vitamina E<\/p>\n<p><strong>Para que serve a Vitamina E<\/strong><\/p>\n<p>Para se manter saud\u00e1vel e equilibrada, a\u00a0<b>pele<\/b>\u00a0precisa da reposi\u00e7\u00e3o de\u00a0<b>vitaminas<\/b>, inclusive\u00a0<b>vitamina<\/b>\u00a0E. Tamb\u00e9m conhecida como tocoferol, ela \u00e9 rica em propriedades antioxidantes, que diminui os danos causados pelos radicais livres, combate o envelhecimento precoce e melhora a apar\u00eancia da\u00a0<b>pele<\/b>, conferindo hidrata\u00e7\u00e3o.<\/p>\n<p>\u2022 Reduz o aparecimento de rugas<\/p>\n<p>\u2022 Resolve problemas de pele sem brilho<\/p>\n<p>\u2022 Restaura a humidade da pele, revelando uma pele firme, suave e radiante<\/p>\n<p>\u2022 Ajuda a restaurar e nutrir as c\u00e9lulas da pele<\/p>\n<p>\u2022 Estimula a cria\u00e7\u00e3o de novas c\u00e9lulas da pele<\/p>\n<p>\u2022 Fortalece as c\u00e9lulas da pele. e ajudam a suportar melhor os raios UV na luz solar<\/p>\n<p>\u2022 Adiciona humidade \u00e0 pele.<\/p>\n<p>\u2022 Ajuda a reduzir a inflama\u00e7\u00e3o da pele<\/p>\n<p>\u2022 Reduz as rugas. e cicatrizes de acne<\/p>\n<p>\u2022 Atribui mais flexibilidade \u00e0 pele<\/p>\n<p><strong>Modo de usar:<\/strong> Deve ser usado ap\u00f3s a limpeza do rosto. Aplica no rosto e pesco\u00e7o, antes do teu creme hidratante. Pode ser usado diariamente, de manh\u00e3 e \u00e0 noite<\/p>\n<p>Indicado para todos os tipos de pele<\/p>\n<p>20g<\/p>\n<p>Marca Tailandesa<\/p>\n<p>Indicado para todos os tipos de pele<\/p>\n","protected":false},"excerpt":{"rendered":"<p>face gel<\/p>\n","protected":false},"featured_media":70931,"comment_status":"open","ping_status":"closed","template":"","meta":{"inline_featured_image":false},"products\/brands":[4659],"product_cat":[5115,8703,8700],"product_tag":[5038,4430,22519,2092,4441,4443,4454,4444,4445,4448,4148,4436,4464,4449],"class_list":{"0":"post-57539","1":"product","2":"type-product","3":"status-publish","4":"has-post-thumbnail","6":"product_brand-yanhee","7":"product_cat-cuidados-de-pele","8":"product_cat-essencias-soros-e-ampolas","9":"product_cat-hidratacao-facial","10":"product_tag-armazem-krabi","11":"product_tag-borbulhas-e-pontos-negros","12":"product_tag-compra-1-leva-1","13":"product_tag-cosmetica-asiatica","14":"product_tag-manchas","15":"product_tag-mista-ou-oleosa","16":"product_tag-normal","17":"product_tag-pele-seca","18":"product_tag-pele-sensivel-e-reativa","19":"product_tag-produtos-para-rosto","20":"product_tag-serum-de-vitamina-e","21":"product_tag-sinais-de-envelhecimento","22":"product_tag-tonicos","23":"product_tag-essencias-e-seruns","24":"product_shipping_class-armazem-tailandia","26":"first","27":"instock","28":"taxable","29":"shipping-taxable","30":"purchasable","31":"product-type-simple"},"_links":{"self":[{"href":"https:\/\/neuzamariano.com\/loja\/wp-json\/wp\/v2\/product\/57539","targetHints":{"allow":["GET"]}}],"collection":[{"href":"https:\/\/neuzamariano.com\/loja\/wp-json\/wp\/v2\/product"}],"about":[{"href":"https:\/\/neuzamariano.com\/loja\/wp-json\/wp\/v2\/types\/product"}],"replies":[{"embeddable":true,"href":"https:\/\/neuzamariano.com\/loja\/wp-json\/wp\/v2\/comments?post=57539"}],"wp:featuredmedia":[{"embeddable":true,"href":"https:\/\/neuzamariano.com\/loja\/wp-json\/wp\/v2\/media\/70931"}],"wp:attachment":[{"href":"https:\/\/neuzamariano.com\/loja\/wp-json\/wp\/v2\/media?parent=57539"}],"wp:term":[{"taxonomy":"product_brand","embeddable":true,"href":"https:\/\/neuzamariano.com\/loja\/wp-json\/wp\/v2\/products\/brands?post=57539"},{"taxonomy":"product_cat","embeddable":true,"href":"https:\/\/neuzamariano.com\/loja\/wp-json\/wp\/v2\/product_cat?post=57539"},{"taxonomy":"product_tag","embeddable":true,"href":"https:\/\/neuzamariano.com\/loja\/wp-json\/wp\/v2\/product_tag?post=57539"}],"curies":[{"name":"wp","href":"https:\/\/api.w.org\/{rel}","templated":true}]}}