{"id":57392,"date":"2025-12-30T10:43:19","date_gmt":"2025-12-30T03:43:19","guid":{"rendered":"https:\/\/neuzamariano.com\/loja-cosmetica-asiatica\/?post_type=product&#038;p=57392"},"modified":"2026-03-19T10:34:26","modified_gmt":"2026-03-19T03:34:26","slug":"innisfree-jeju-orchid-special-kit","status":"publish","type":"product","link":"https:\/\/neuzamariano.com\/loja\/innisfree-jeju-orchid-special-kit\/","title":{"rendered":"Innisfree Jeju Orchid Special Kit"},"content":{"rendered":"<blockquote><p>Innisfree Jeju Orchid Special Kit &#8211; Pele Madura ou Seca<\/p><\/blockquote>\n<p style=\"text-align: justify\">O poderoso conjunto de cuidados com a pele <strong>antienvelhecimento<\/strong> formulado com a vitalidade da orqu\u00eddea Jeju para corre\u00e7\u00e3o de rugas, elasticidade, tom de pele, hidrata\u00e7\u00e3o e cuidado dos poros.<br \/>\nA vitalidade da orqu\u00eddea Jeju, que d\u00e1 flores mesmo no frio intenso <strong>Orchidelixir2.0<\/strong>\u2122, uma subst\u00e2ncia adquirida da orqu\u00eddea Jeju, \u00e9 um poderoso <strong>antioxidante<\/strong> que torna a pele seca radiante e fortalece o sistema de defesa da pele.<br \/>\nCuidado <strong>antirrugas<\/strong>, <strong>resili\u00eancia, corre\u00e7\u00e3o do tom da pele, nutri\u00e7\u00e3o e cuidado dos poros.<\/strong><\/p>\n<p style=\"text-align: justify\"><strong>SEU PODER ANTIOXIDANTE E REAFIRMANTE<\/strong><br \/>\nA Orqu\u00eddea da Ilha JEJU, rica em sua extraordin\u00e1ria vitalidade que lhe permite perfurar a neve no auge do inverno, tem poderosos efeitos anti-envelhecimento. A tecnologia Orchidelixir \u2122 maximiza a efic\u00e1cia dos flavon\u00f3ides que minimizam o estresse na pele. Adenosina, pept\u00eddeos e \u00e1cido hialur\u00f4nico s\u00e3o aliados conhecidos por restaurar a elasticidade da pele, para uma pele mais lisa, firme e radiante.<br \/>\n<strong>A GAMA DE CUIDADOS<\/strong><br \/>\nEncontra todas as propriedades firmadoras e el\u00e1sticas da pele na linha de cuidados com a pele JEJU Orchid. Escolhe o creme que se adapta ao teu tipo de pele: escolhe o gel para pele mista para oleosa, o creme para pele normal a seca e o creme rico para pele madura ou seca.<\/p>\n<p style=\"text-align: justify\">Com muita nutri\u00e7\u00e3o, aumenta a resili\u00eancia da pele e corrige rugas vis\u00edveis e equilibra o tom da pele, uma pele radiante e saud\u00e1vel.<\/p>\n<p style=\"text-align: justify\"><strong>1 &#8211; Jeju Orchid Skin<\/strong><br \/>\nCom poderosos ativos antienvelhecimento, formulada com a vitalidade da orqu\u00eddea de Jeju para melhorar as rugas, elasticidade, tom de pele, hidrata\u00e7\u00e3o e fechar os poros.<\/p>\n<p style=\"text-align: justify\"><strong>2 &#8211; Jeju Orchid Lotion<\/strong><br \/>\nA poderosa emuls\u00e3o antienvelhecimento formulada com a vitalidade da orqu\u00eddea Jeju para melhorar as rugas, elasticidade, tom da pele, hidrata\u00e7\u00e3o e cuidado dos poros.<\/p>\n<p style=\"text-align: justify\"><strong>3 &#8211; Jeju Orchid Enriched Essence<\/strong><br \/>\nA poderosa ess\u00eancia antienvelhecimento.<\/p>\n<p style=\"text-align: justify\"><strong>Jeju Orchid Enriched Cream<\/strong><br \/>\nUm creme antienvelhecimento que suaviza rugas, fortalece, ilumina, nutre e melhora o gr\u00e3o da pele.<\/p>\n<p style=\"text-align: justify\">Indicado para todos os tipos de pele<\/p>\n<p style=\"text-align: justify\">Jeju Orchid Skin 25ml<\/p>\n<p style=\"text-align: justify\">Jeju Orchid Lotion 25ml<\/p>\n<p style=\"text-align: justify\">Jeju Orchid Enriched Essence 15ml<\/p>\n<p style=\"text-align: justify\">Jeju Orchid Enriched Cream 10ml<\/p>\n<p>Pode ser usado na rotina da manh\u00e3 e da noite<\/p>\n","protected":false},"excerpt":{"rendered":"<p>face cream<\/p>\n","protected":false},"featured_media":66430,"comment_status":"open","ping_status":"closed","template":"","meta":{"inline_featured_image":false},"products\/brands":[4414],"product_cat":[22809,8724],"product_tag":[5038,2339,4077,4144,3997,4441,4443,4454,4444,4445,4437,4448,4436,4456],"class_list":{"0":"post-57392","1":"product","2":"type-product","3":"status-publish","4":"has-post-thumbnail","6":"product_brand-innisfree","7":"product_cat-kits-de-viagem","8":"product_cat-kits-e-conjuntos","9":"product_tag-armazem-krabi","10":"product_tag-cosmetica-coreana","11":"product_tag-innisfree","12":"product_tag-innisfree-jeju-orchid-special-kit","13":"product_tag-k-beauty","14":"product_tag-manchas","15":"product_tag-mista-ou-oleosa","16":"product_tag-normal","17":"product_tag-pele-seca","18":"product_tag-pele-sensivel-e-reativa","19":"product_tag-poros-dilatados","20":"product_tag-produtos-para-rosto","21":"product_tag-sinais-de-envelhecimento","22":"product_tag-skin-care-sets","23":"product_shipping_class-armazem-tailandia","25":"first","26":"instock","27":"taxable","28":"shipping-taxable","29":"purchasable","30":"product-type-simple"},"_links":{"self":[{"href":"https:\/\/neuzamariano.com\/loja\/wp-json\/wp\/v2\/product\/57392","targetHints":{"allow":["GET"]}}],"collection":[{"href":"https:\/\/neuzamariano.com\/loja\/wp-json\/wp\/v2\/product"}],"about":[{"href":"https:\/\/neuzamariano.com\/loja\/wp-json\/wp\/v2\/types\/product"}],"replies":[{"embeddable":true,"href":"https:\/\/neuzamariano.com\/loja\/wp-json\/wp\/v2\/comments?post=57392"}],"wp:featuredmedia":[{"embeddable":true,"href":"https:\/\/neuzamariano.com\/loja\/wp-json\/wp\/v2\/media\/66430"}],"wp:attachment":[{"href":"https:\/\/neuzamariano.com\/loja\/wp-json\/wp\/v2\/media?parent=57392"}],"wp:term":[{"taxonomy":"product_brand","embeddable":true,"href":"https:\/\/neuzamariano.com\/loja\/wp-json\/wp\/v2\/products\/brands?post=57392"},{"taxonomy":"product_cat","embeddable":true,"href":"https:\/\/neuzamariano.com\/loja\/wp-json\/wp\/v2\/product_cat?post=57392"},{"taxonomy":"product_tag","embeddable":true,"href":"https:\/\/neuzamariano.com\/loja\/wp-json\/wp\/v2\/product_tag?post=57392"}],"curies":[{"name":"wp","href":"https:\/\/api.w.org\/{rel}","templated":true}]}}