{"id":56537,"date":"2022-03-01T17:56:36","date_gmt":"2022-03-01T10:56:36","guid":{"rendered":"https:\/\/neuzamariano.com\/loja-cosmetica-asiatica\/?post_type=product&#038;p=56537"},"modified":"2026-03-19T16:43:30","modified_gmt":"2026-03-19T09:43:30","slug":"serum-capilar-de-coco-organico","status":"publish","type":"product","link":"https:\/\/neuzamariano.com\/loja\/serum-capilar-de-coco-organico\/","title":{"rendered":"S\u00e9rum Capilar de Coco Org\u00e2nico"},"content":{"rendered":"<p style=\"text-align: justify;\">S\u00e9rum Capilar \u00e0 base de \u00f3leo de coco org\u00e2nico com extratos ricos em queratina e ginseng, bardana e fungo Polypore, al\u00e9m de conter vitamina Biotina para cabelo.<\/p>\n<ul style=\"text-align: justify;\">\n<li>S\u00e9rum Capilar de Coco Org\u00e2nico<\/li>\n<li>Extra\u00e7\u00e3o a frio<\/li>\n<li>Restaura o cabelo<\/li>\n<li>Protege o fio das agress\u00f5es<\/li>\n<li>Ajuda a repor os \u00f3leos naturais<\/li>\n<li>Reduz o frizz<\/li>\n<li>Com prote\u00e7\u00e3o UV de &#8220;Double UV Shield&#8221;<\/li>\n<li>Reduz a queda de cabelo<\/li>\n<\/ul>\n<p style=\"text-align: justify;\">Tamanho: 35ml<\/p>\n<p style=\"text-align: justify;\">Tem Queratina, Nanocol\u00e1geno e Biotina<\/p>\n<p style=\"text-align: justify;\">Modo de usar: Coloca 1-2 gotas na palma da m\u00e3o, esfregua-as e aplica no cabelo.<\/p>\n<p style=\"text-align: justify;\">Cyclopentasiloxane, Dimethiconol, C12-15 Alkyl Benzoate, Cocos Nucifera (Coconut) Oil, Caprylyl Methicone, Fragrance, Ethylhexyl Methoxycinnamate, Polysorbate 85, Butyl Methoxydbenzoylmethane, Water, Hydrolezed Keratin, Butylene Glycol, Trametes Versicolor Extract, Panax Ginseng Root Extract, Arginine, PEG-12 Dimethicone, Arcitum Majus Root Extract, Zinc Gluconate, Acetyl Tyrosine, Hydrolyzed Soy Protein, Polyquatemium-11, Calcium Pantothenate, Leuconocstoc. Radish Root Ferment Filtrate, Hydrolyzed Collagen, Ornithine HCI, Methylparaben, Niacinamide, Glucosamine HCI, Citruline, Chlorphenesin, Biotin, Ethylparaben.<\/p>\n<p>&nbsp;<\/p>\n","protected":false},"excerpt":{"rendered":"<p>face cream<\/p>\n","protected":false},"featured_media":70983,"comment_status":"open","ping_status":"closed","template":"","meta":{"inline_featured_image":false},"products\/brands":[],"product_cat":[5115,8703,8700],"product_tag":[5038,22519,2020,4447,4088],"class_list":{"0":"post-56537","1":"product","2":"type-product","3":"status-publish","4":"has-post-thumbnail","6":"product_cat-cuidados-de-pele","7":"product_cat-essencias-soros-e-ampolas","8":"product_cat-hidratacao-facial","9":"product_tag-armazem-krabi","10":"product_tag-compra-1-leva-1","11":"product_tag-produtos-da-tailandia","12":"product_tag-produtos-para-cabelo","13":"product_tag-serum-capilar-de-coco-organico","14":"product_shipping_class-armazem-tailandia","16":"first","17":"instock","18":"featured","19":"taxable","20":"shipping-taxable","21":"purchasable","22":"product-type-simple"},"_links":{"self":[{"href":"https:\/\/neuzamariano.com\/loja\/wp-json\/wp\/v2\/product\/56537","targetHints":{"allow":["GET"]}}],"collection":[{"href":"https:\/\/neuzamariano.com\/loja\/wp-json\/wp\/v2\/product"}],"about":[{"href":"https:\/\/neuzamariano.com\/loja\/wp-json\/wp\/v2\/types\/product"}],"replies":[{"embeddable":true,"href":"https:\/\/neuzamariano.com\/loja\/wp-json\/wp\/v2\/comments?post=56537"}],"wp:featuredmedia":[{"embeddable":true,"href":"https:\/\/neuzamariano.com\/loja\/wp-json\/wp\/v2\/media\/70983"}],"wp:attachment":[{"href":"https:\/\/neuzamariano.com\/loja\/wp-json\/wp\/v2\/media?parent=56537"}],"wp:term":[{"taxonomy":"product_brand","embeddable":true,"href":"https:\/\/neuzamariano.com\/loja\/wp-json\/wp\/v2\/products\/brands?post=56537"},{"taxonomy":"product_cat","embeddable":true,"href":"https:\/\/neuzamariano.com\/loja\/wp-json\/wp\/v2\/product_cat?post=56537"},{"taxonomy":"product_tag","embeddable":true,"href":"https:\/\/neuzamariano.com\/loja\/wp-json\/wp\/v2\/product_tag?post=56537"}],"curies":[{"name":"wp","href":"https:\/\/api.w.org\/{rel}","templated":true}]}}