{"id":56402,"date":"2025-12-30T10:43:19","date_gmt":"2025-12-30T03:43:19","guid":{"rendered":"https:\/\/neuzamariano.com\/loja-cosmetica-asiatica\/?post_type=product&#038;p=56402"},"modified":"2026-04-26T17:23:45","modified_gmt":"2026-04-26T10:23:45","slug":"innisfree-cauliflower-mushroom-vital-special-kit-4-artigos","status":"publish","type":"product","link":"https:\/\/neuzamariano.com\/loja\/innisfree-cauliflower-mushroom-vital-special-kit-4-artigos\/","title":{"rendered":"Innisfree Cauliflower Mushroom Vital Special Kit &#8211; 4 Artigos"},"content":{"rendered":"<p style=\"text-align: justify\">Este conjunto ajudar\u00e1 a combater as rugas e tem efeito clareador. Com 9 ingredientes bot\u00e2nicos da Ilha de Jeju que s\u00e3o valiosos para cuidar e acalmar a pele. Tem tamb\u00e9m o foco em antienvelhecimento.<\/p>\n<p>Cogumelo couve-flor &#8211; cont\u00e9m um cogumelo rico em <strong>beta-glucano<\/strong>. Este \u00e9 um componente eficaz que combate os sinais da idade, perfeito para todos os tipos de pele.<\/p>\n<p>\ud83e\udd0e Poderosa linha antioxidante de cogumelo e couve-flor fermentados da ilha de Jeju<\/p>\n<p>\ud83e\udd0e Combate as rugas e tem efeito clareador<\/p>\n<p>\ud83e\udd0e Beta-glucano \u00e9 um componente eficaz que combate os sinais da idade, perfeito para todos os tipos de pele<\/p>\n<p>\ud83e\udd0e Altamente hidratante e nutritivo mant\u00e9m a textura da pele suave e h\u00famida<\/p>\n<p>\ud83e\udd0e Pele mais flexivel<\/p>\n<p>\ud83e\udd0e Fornece hidrata\u00e7\u00e3o instant\u00e2nea \u00e0 sua pele, pois \u00e9 absorvida facilmente<\/p>\n<p>\ud83e\udd0e Pele mais luminosa e com o tom uniforme<\/p>\n<p>\ud83e\udd0e Esta linha regenera a pele<\/p>\n<p>\ud83e\udd0e Ajuda na recupera\u00e7\u00e3o da barreira cut\u00e2nea<\/p>\n<p>\ud83e\udd0e\u00a0Preven\u00e7\u00e3o do envelhecimento precoce e melhora das linhas finas. O beta-glucan estimula a s\u00edntese de procol\u00e1geno, col\u00e1geno e de \u00e1cido hialur\u00f4nico da pele<\/p>\n<p>&nbsp;<\/p>\n<p style=\"text-align: justify\">Ordem dos produtos: Na embalagem, os produtos est\u00e3o na ordem que devem ser aplicados.<\/p>\n<p style=\"text-align: justify\">INNISFREE Cauliflower Mushroom Vital Skin &#8211; 25ml<br \/>\nINNISFREE Cauliflower Mushroom Vital Lotion &#8211; 25ml<br \/>\nINNISFREE Cauliflower Mushroom Vital Cream &#8211; 10ml<br \/>\nINNISFREE Cauliflower Mushroom Vital Serum- 15ml<\/p>\n<p>Indicado para todos os tipos de pele.<\/p>\n","protected":false},"excerpt":{"rendered":"<p>face gel<\/p>\n","protected":false},"featured_media":56403,"comment_status":"open","ping_status":"closed","template":"","meta":{"inline_featured_image":false},"products\/brands":[4414],"product_cat":[22805,8724],"product_tag":[5038,2339,4077,4084,3997,4441,4454,4444,4445,4448,4436,4456],"class_list":{"0":"post-56402","1":"product","2":"type-product","3":"status-publish","4":"has-post-thumbnail","6":"product_brand-innisfree","7":"product_cat-conjuntos-anti-idade","8":"product_cat-kits-e-conjuntos","9":"product_tag-armazem-krabi","10":"product_tag-cosmetica-coreana","11":"product_tag-innisfree","12":"product_tag-innisfree-cauliflower-mushroom-vital-special-kit","13":"product_tag-k-beauty","14":"product_tag-manchas","15":"product_tag-normal","16":"product_tag-pele-seca","17":"product_tag-pele-sensivel-e-reativa","18":"product_tag-produtos-para-rosto","19":"product_tag-sinais-de-envelhecimento","20":"product_tag-skin-care-sets","21":"product_shipping_class-armazem-tailandia","23":"first","24":"outofstock","25":"taxable","26":"shipping-taxable","27":"purchasable","28":"product-type-simple"},"_links":{"self":[{"href":"https:\/\/neuzamariano.com\/loja\/wp-json\/wp\/v2\/product\/56402","targetHints":{"allow":["GET"]}}],"collection":[{"href":"https:\/\/neuzamariano.com\/loja\/wp-json\/wp\/v2\/product"}],"about":[{"href":"https:\/\/neuzamariano.com\/loja\/wp-json\/wp\/v2\/types\/product"}],"replies":[{"embeddable":true,"href":"https:\/\/neuzamariano.com\/loja\/wp-json\/wp\/v2\/comments?post=56402"}],"wp:featuredmedia":[{"embeddable":true,"href":"https:\/\/neuzamariano.com\/loja\/wp-json\/wp\/v2\/media\/56403"}],"wp:attachment":[{"href":"https:\/\/neuzamariano.com\/loja\/wp-json\/wp\/v2\/media?parent=56402"}],"wp:term":[{"taxonomy":"product_brand","embeddable":true,"href":"https:\/\/neuzamariano.com\/loja\/wp-json\/wp\/v2\/products\/brands?post=56402"},{"taxonomy":"product_cat","embeddable":true,"href":"https:\/\/neuzamariano.com\/loja\/wp-json\/wp\/v2\/product_cat?post=56402"},{"taxonomy":"product_tag","embeddable":true,"href":"https:\/\/neuzamariano.com\/loja\/wp-json\/wp\/v2\/product_tag?post=56402"}],"curies":[{"name":"wp","href":"https:\/\/api.w.org\/{rel}","templated":true}]}}