{"id":56394,"date":"2025-12-30T10:43:18","date_gmt":"2025-12-30T03:43:18","guid":{"rendered":"https:\/\/neuzamariano.com\/loja-cosmetica-asiatica\/?post_type=product&#038;p=56394"},"modified":"2026-04-26T17:23:54","modified_gmt":"2026-04-26T10:23:54","slug":"innisfree-black-tea-special-kit-kit-4-artigos","status":"publish","type":"product","link":"https:\/\/neuzamariano.com\/loja\/innisfree-black-tea-special-kit-kit-4-artigos\/","title":{"rendered":"Innisfree Black Tea Special Kit &#8211; Kit 4 Artigos"},"content":{"rendered":"<p style=\"text-align: justify\"><strong>Ch\u00e1 verde preto &#8211; tem propriedades antioxidantes. Firma a pele e combate os primeiros sinais de envelhecimento.<\/strong><\/p>\n<p style=\"text-align: justify\">O segredo do efeito antioxidante. O ch\u00e1 preto fermentado \u00e9 o ingrediente especial desta linha.<br \/>\nCh\u00e1 preto fermentado 80% com forte poder antioxidante na pele.<\/p>\n<p style=\"text-align: justify\">Innisfree Black Tea Special Kit fornece cuidado antienvelhecimento intensivo com <strong>Reset Concentrate\u2122<\/strong> que alivia os sinais de fadiga da pele ap\u00f3s um dia longo e cansativo e aumenta a vitalidade e o brilho da pele como se tivesses uma boa noite de sono.<\/p>\n<p style=\"text-align: justify\">*Reset Concentrate\u2122: ingrediente ativo do pr\u00f3prio innisfree extra\u00eddo do ch\u00e1 preto que alivia a fadiga da pele. Seus poderosos benef\u00edcios antioxidantes e antienvelhecimento ajudam a pele estressada a se recuperar rapidamente ap\u00f3s um dia longo e cansativo.<\/p>\n<p style=\"text-align: justify\">O ch\u00e1 preto \u00e9 extra\u00eddo em \u00e1gua mineral a 80\u00baC por 12 horas.<br \/>\nEste Concentrado proporciona um poderoso efeito de recupera\u00e7\u00e3o da condi\u00e7\u00e3o da pele.<\/p>\n<p style=\"text-align: justify\">Indicado para todos os tipos de pele.<\/p>\n<p style=\"text-align: justify\">Para usar \u00e0 noite<\/p>\n<p style=\"text-align: justify\"><strong>Ordem dos produtos:<\/strong><\/p>\n<p style=\"text-align: justify\">Black Tea Youth Enhancing Skin \u2013 25ml<br \/>\nBlack Tea Youth Enhancing Lotion \u2013 25ml<br \/>\nBlack Tea Youth Enhancing Ampoule \u2013 15 ml<br \/>\nBlack Tea Youth Enhancing Cream \u2013 10ml<\/p>\n","protected":false},"excerpt":{"rendered":"<p>face cream<\/p>\n","protected":false},"featured_media":56395,"comment_status":"open","ping_status":"closed","template":"","meta":{"inline_featured_image":false},"products\/brands":[4414],"product_cat":[22805,8724],"product_tag":[5038,2092,2339,4077,4083,3997,4441,4454,4444,4445,4448,4436,4456],"class_list":{"0":"post-56394","1":"product","2":"type-product","3":"status-publish","4":"has-post-thumbnail","6":"product_brand-innisfree","7":"product_cat-conjuntos-anti-idade","8":"product_cat-kits-e-conjuntos","9":"product_tag-armazem-krabi","10":"product_tag-cosmetica-asiatica","11":"product_tag-cosmetica-coreana","12":"product_tag-innisfree","13":"product_tag-innisfree-black-tea-special-kit","14":"product_tag-k-beauty","15":"product_tag-manchas","16":"product_tag-normal","17":"product_tag-pele-seca","18":"product_tag-pele-sensivel-e-reativa","19":"product_tag-produtos-para-rosto","20":"product_tag-sinais-de-envelhecimento","21":"product_tag-skin-care-sets","22":"product_shipping_class-armazem-tailandia","24":"first","25":"outofstock","26":"taxable","27":"shipping-taxable","28":"purchasable","29":"product-type-simple"},"_links":{"self":[{"href":"https:\/\/neuzamariano.com\/loja\/wp-json\/wp\/v2\/product\/56394","targetHints":{"allow":["GET"]}}],"collection":[{"href":"https:\/\/neuzamariano.com\/loja\/wp-json\/wp\/v2\/product"}],"about":[{"href":"https:\/\/neuzamariano.com\/loja\/wp-json\/wp\/v2\/types\/product"}],"replies":[{"embeddable":true,"href":"https:\/\/neuzamariano.com\/loja\/wp-json\/wp\/v2\/comments?post=56394"}],"wp:featuredmedia":[{"embeddable":true,"href":"https:\/\/neuzamariano.com\/loja\/wp-json\/wp\/v2\/media\/56395"}],"wp:attachment":[{"href":"https:\/\/neuzamariano.com\/loja\/wp-json\/wp\/v2\/media?parent=56394"}],"wp:term":[{"taxonomy":"product_brand","embeddable":true,"href":"https:\/\/neuzamariano.com\/loja\/wp-json\/wp\/v2\/products\/brands?post=56394"},{"taxonomy":"product_cat","embeddable":true,"href":"https:\/\/neuzamariano.com\/loja\/wp-json\/wp\/v2\/product_cat?post=56394"},{"taxonomy":"product_tag","embeddable":true,"href":"https:\/\/neuzamariano.com\/loja\/wp-json\/wp\/v2\/product_tag?post=56394"}],"curies":[{"name":"wp","href":"https:\/\/api.w.org\/{rel}","templated":true}]}}