{"id":56384,"date":"2022-03-11T21:28:00","date_gmt":"2022-03-11T14:28:00","guid":{"rendered":"https:\/\/neuzamariano.com\/loja-cosmetica-asiatica\/?post_type=product&#038;p=56384"},"modified":"2026-03-19T16:41:46","modified_gmt":"2026-03-19T09:41:46","slug":"innisfree-my-real-squeeze-mask-bamboo","status":"publish","type":"product","link":"https:\/\/neuzamariano.com\/loja\/innisfree-my-real-squeeze-mask-bamboo\/","title":{"rendered":"Innisfree My Real Squeeze Mask Bamboo"},"content":{"rendered":"<p style=\"text-align: justify\"><strong>100% celulose &amp; folha de ajuste perfeito \u00e0 pele<\/strong><br \/>\nEsta m\u00e1scara de folha fina \u00e9 feita de eucalipto, com melhor ader\u00eancia na pele, efetivamente entrega ess\u00eancia na pele.<\/p>\n<p>Embebido com Green Complex* da Ilha de Jeju e fabricado a frio.<\/p>\n<p>EXTRA HIDRATANTE<br \/>\nEnriquecido com a humidade abundante do bamboo vitalizante. Deixa a pele seca hidratada.<\/p>\n<p style=\"text-align: justify\">\u2022 Folha de celulose 100% natural, folha fina e transparente de eucalipto que n\u00e3o rasga facilmente. Fixa-se \u00e0 pele e fornece uma ess\u00eancia nutritiva eficaz. Ecologicamente correto e biodegrad\u00e1vel na natureza<\/p>\n<p style=\"text-align: justify\">\u2022 Processo de extra\u00e7\u00e3o a frio para manter o frescor das mat\u00e9rias-primas. Extratos de mat\u00e9rias-primas naturais permanecem frescos por processo de extra\u00e7\u00e3o a frio.<\/p>\n","protected":false},"excerpt":{"rendered":"<p>face gel<\/p>\n","protected":false},"featured_media":71028,"comment_status":"open","ping_status":"closed","template":"","meta":{"inline_featured_image":false},"products\/brands":[4414],"product_cat":[5115,8739,8706],"product_tag":[5038,22519,2092,2339,4703,4451,4077,4417,3997,5786,4454,4444,4448,4081,4455,4436],"class_list":{"0":"post-56384","1":"product","2":"type-product","3":"status-publish","4":"has-post-thumbnail","6":"product_brand-innisfree","7":"product_cat-cuidados-de-pele","8":"product_cat-mascaras-de-folha","9":"product_cat-mascaras-faciais","10":"product_tag-armazem-krabi","11":"product_tag-compra-1-leva-1","12":"product_tag-cosmetica-asiatica","13":"product_tag-cosmetica-coreana","14":"product_tag-menos-15-euros","15":"product_tag-esfoliantes-e-mascaras-faciais","16":"product_tag-innisfree","17":"product_tag-innisfree-my-real-squeeze-mask-bamboo","18":"product_tag-k-beauty","19":"product_tag-leva-3-paga-2","20":"product_tag-normal","21":"product_tag-pele-seca","22":"product_tag-produtos-para-rosto","23":"product_tag-sheet-mask-de-bamboo","24":"product_tag-sheet-masks","25":"product_tag-sinais-de-envelhecimento","26":"product_shipping_class-armazem-tailandia","28":"first","29":"instock","30":"taxable","31":"shipping-taxable","32":"purchasable","33":"product-type-simple"},"_links":{"self":[{"href":"https:\/\/neuzamariano.com\/loja\/wp-json\/wp\/v2\/product\/56384","targetHints":{"allow":["GET"]}}],"collection":[{"href":"https:\/\/neuzamariano.com\/loja\/wp-json\/wp\/v2\/product"}],"about":[{"href":"https:\/\/neuzamariano.com\/loja\/wp-json\/wp\/v2\/types\/product"}],"replies":[{"embeddable":true,"href":"https:\/\/neuzamariano.com\/loja\/wp-json\/wp\/v2\/comments?post=56384"}],"wp:featuredmedia":[{"embeddable":true,"href":"https:\/\/neuzamariano.com\/loja\/wp-json\/wp\/v2\/media\/71028"}],"wp:attachment":[{"href":"https:\/\/neuzamariano.com\/loja\/wp-json\/wp\/v2\/media?parent=56384"}],"wp:term":[{"taxonomy":"product_brand","embeddable":true,"href":"https:\/\/neuzamariano.com\/loja\/wp-json\/wp\/v2\/products\/brands?post=56384"},{"taxonomy":"product_cat","embeddable":true,"href":"https:\/\/neuzamariano.com\/loja\/wp-json\/wp\/v2\/product_cat?post=56384"},{"taxonomy":"product_tag","embeddable":true,"href":"https:\/\/neuzamariano.com\/loja\/wp-json\/wp\/v2\/product_tag?post=56384"}],"curies":[{"name":"wp","href":"https:\/\/api.w.org\/{rel}","templated":true}]}}