{"id":55889,"date":"2022-02-18T18:00:00","date_gmt":"2022-02-18T11:00:00","guid":{"rendered":"https:\/\/neuzamariano.com\/loja-cosmetica-asiatica\/?post_type=product&#038;p=55889"},"modified":"2026-03-19T16:46:20","modified_gmt":"2026-03-19T09:46:20","slug":"lip-balm-himalaya","status":"publish","type":"product","link":"https:\/\/neuzamariano.com\/loja\/lip-balm-himalaya\/","title":{"rendered":"Lip Balm Himalaya"},"content":{"rendered":"<blockquote><p><em><strong>A marca Himalaya tem a propriedade da f\u00f3rmula Medicinal Aiurveda<\/strong><\/em><\/p><\/blockquote>\n<p>Nutre os l\u00e1bios, o Lip Balm Himalaya foi projetado com as ervas e produtos naturais. Trata os l\u00e1bios secos e rachados, especialmente durante o inverno.<\/p>\n<p><strong>\u00d3leo de semente de cenoura<\/strong><br \/>\nO \u00f3leo de semente de cenoura \u00e9 rico em vitamina A na forma de beta-caroteno, conhecido por proteger contra queimaduras solares. A cenoura \u00e9 um excelente antioxidante natural, que elimina os radicais livres.<\/p>\n<p><strong>\u00d3leo de ric\u00ednio\u00a0<\/strong><br \/>\nO \u00f3leo de r\u00edcino \u00e9 usado externamente para aliviar v\u00e1rias condi\u00e7\u00f5es da pele, como pele seca, rachaduras e queimaduras solares.<\/p>\n<p><strong>\u00d3leo de coco<\/strong><br \/>\nO \u00f3leo de coco \u00e9 um emoliente eficaz e usado externamente para suavizar os l\u00e1bios. Al\u00e9m disso, \u00e9 um hidratante eficaz para todos os tipos de pele, incluindo a pele seca.<\/p>\n<p><strong>Doce Indrajao<\/strong><br \/>\nSweet Indrajao \u00e9 usado em sistemas tradicionais de medicina por seus m\u00faltiplos benef\u00edcios de cuidados com a pele. Sua propriedade adstringente e anti-inflamat\u00f3ria ajuda a controlar as condi\u00e7\u00f5es da pele.<\/p>\n<p><strong>\u00d3leo de g\u00e9rmen de trigo<\/strong><br \/>\nO \u00f3leo de g\u00e9rmen de trigo \u00e9 uma rica fonte de vitamina E natural que nutre a pele e previne a perda de umidade. Apresenta excelente atividade de condicionamento da pele que tonifica e suaviza os l\u00e1bios.<\/p>\n<p>Cont\u00e9m 10g<\/p>\n","protected":false},"excerpt":{"rendered":"<p>balm<\/p>\n","protected":false},"featured_media":71073,"comment_status":"open","ping_status":"closed","template":"","meta":{"inline_featured_image":false},"products\/brands":[4411],"product_cat":[5115,8700,8766],"product_tag":[5038,22519,4703,4440,5786,4066],"class_list":{"0":"post-55889","1":"product","2":"type-product","3":"status-publish","4":"has-post-thumbnail","6":"product_brand-himalaya","7":"product_cat-cuidados-de-pele","8":"product_cat-hidratacao-facial","9":"product_cat-labios-hidratacao-facial","10":"product_tag-armazem-krabi","11":"product_tag-compra-1-leva-1","12":"product_tag-menos-15-euros","13":"product_tag-labios","14":"product_tag-leva-3-paga-2","15":"product_tag-lip-balm-himalaya","16":"product_shipping_class-armazem-tailandia","18":"first","19":"instock","20":"taxable","21":"shipping-taxable","22":"purchasable","23":"product-type-simple"},"_links":{"self":[{"href":"https:\/\/neuzamariano.com\/loja\/wp-json\/wp\/v2\/product\/55889","targetHints":{"allow":["GET"]}}],"collection":[{"href":"https:\/\/neuzamariano.com\/loja\/wp-json\/wp\/v2\/product"}],"about":[{"href":"https:\/\/neuzamariano.com\/loja\/wp-json\/wp\/v2\/types\/product"}],"replies":[{"embeddable":true,"href":"https:\/\/neuzamariano.com\/loja\/wp-json\/wp\/v2\/comments?post=55889"}],"wp:featuredmedia":[{"embeddable":true,"href":"https:\/\/neuzamariano.com\/loja\/wp-json\/wp\/v2\/media\/71073"}],"wp:attachment":[{"href":"https:\/\/neuzamariano.com\/loja\/wp-json\/wp\/v2\/media?parent=55889"}],"wp:term":[{"taxonomy":"product_brand","embeddable":true,"href":"https:\/\/neuzamariano.com\/loja\/wp-json\/wp\/v2\/products\/brands?post=55889"},{"taxonomy":"product_cat","embeddable":true,"href":"https:\/\/neuzamariano.com\/loja\/wp-json\/wp\/v2\/product_cat?post=55889"},{"taxonomy":"product_tag","embeddable":true,"href":"https:\/\/neuzamariano.com\/loja\/wp-json\/wp\/v2\/product_tag?post=55889"}],"curies":[{"name":"wp","href":"https:\/\/api.w.org\/{rel}","templated":true}]}}