{"id":53900,"date":"2025-12-30T10:43:17","date_gmt":"2025-12-30T03:43:17","guid":{"rendered":"https:\/\/neuzamariano.com\/loja-cosmetica-asiatica\/?post_type=product&#038;p=53900"},"modified":"2026-03-19T10:35:52","modified_gmt":"2026-03-19T03:35:52","slug":"sulwhasoo-signature-beauty-routine-kit-5-artigos","status":"publish","type":"product","link":"https:\/\/neuzamariano.com\/loja\/sulwhasoo-signature-beauty-routine-kit-5-artigos\/","title":{"rendered":"Sulwhasoo Signature Beauty Routine Kit [5 Artigos]"},"content":{"rendered":"<blockquote><p>Nos \u00faltimos 50 anos, a <em>Sulwhasoo<\/em> tornou-se uma das principais marcas de beleza na Coreia do Sul e em toda a \u00c1sia. A marca \u00e9 considerada um dos emblemas da beleza coreana.<\/p><\/blockquote>\n<p>\u00a0<\/p>\n<p style=\"text-align: justify\">Este kit promete transformar a pele. \u00c9 um conjunto facial de 5 etapas da Sulwhasoo, que \u00e9 um sucesso de vendas. Combinando o valor nutritivo do ginseng e das ervas coreanas.<\/p>\n<h5 style=\"text-align: justify\">1 \u2013 Sulwhasoo First Care Activating Serum 8ml<\/h5>\n<p style=\"text-align: justify\">\u00c9 o s\u00e9rum mais vendido. \u00c9 o primeiro passo para aumentar a efici\u00eancia e habilidade do tratamento da pele com JAUM Balancing Complex das melhores plantas medicinais coreanas. Selecionado entre mais de 3.000 esp\u00e9cies, cuidadosamente pesquisadas em 5 variedades excelentes: Raiz de ruibarbo, Raiz de pe\u00f4nia chinesa, Semente de l\u00f3tus indiana, L\u00edrio branco e Selo de Salom\u00e3o. Leva 18 horas para ferver. Um puro soro que combate os 5 sinais do envelhecimento: elasticidade, vitalidade, esplendor, esplendor. e firmeza Use-o como primeiro passo ap\u00f3s limpar a pele. O s\u00e9rum aumentar\u00e1 a absor\u00e7\u00e3o e proporcionar\u00e1 melhores resultados do pr\u00f3ximo produto para a pele.<\/p>\n<h5 style=\"text-align: justify\">2 \u2013 Os toners Sulwhasoo Essential Balancing Water 15ml<\/h5>\n<p style=\"text-align: justify\">Ajuda a preparar a tua pele para ser hidratada e saud\u00e1vel em profundidade.<\/p>\n<h5 style=\"text-align: justify\">3 \u2013 Sulwhasoo Essential Balancing Emulsion 15ml<\/h5>\n<p style=\"text-align: justify\">Emuls\u00e3o mant\u00e9m a pele h\u00famida e macia ao toque. Ajuda a criar uma barreira protetora para a pele<\/p>\n<h5 style=\"text-align: justify\">4 \u2013 Sulwhasoo Concentrado Ginseng Renewing Serum 5ml<\/h5>\n<p style=\"text-align: justify\">S\u00e9rum para reduzir as rugas com a mais recente f\u00f3rmula. Combina o poder das microc\u00e1psulas inovadoras GinsenisphereTM e macroc\u00e1psulas ricas em ginseng concentrado. Ajuda a preencher as linhas de express\u00e3o. Ajuda a que a pele fique mais lisa e firme.<\/p>\n<h5 style=\"text-align: justify\">5 \u2013 Sulwhasoo Creme Renovador de Ginseng Concentrado 5ml<\/h5>\n<p style=\"text-align: justify\">Um creme antienvelhecimento enriquecido com ingredientes de ginseng concentrado. Cobre todos os sinais de envelhecimento e melhora o rejuvenescimento da pele. Ajuda a fortalecer a barreira protetora da pele. Revitaliza e reduz as rugas nas zonas marcadas. Incluindo entre as sobrancelhas, testa, contorno dos olhos, l\u00e1bios, bigode chin\u00eas.<\/p>\n<p style=\"text-align: justify\">Nota: Na embalagem, os produtos est\u00e3o na ordem que devem ser aplicados.<\/p>\n<p style=\"text-align: justify\">Marca: Sulwhasoo<br \/>\nTamanhos: 8ml + 15ml + 15ml + 5ml + 5ml<br \/>\nMarca Coreana<\/p>\n","protected":false},"excerpt":{"rendered":"<p>face cream<\/p>\n","protected":false},"featured_media":53901,"comment_status":"open","ping_status":"closed","template":"","meta":{"inline_featured_image":false},"products\/brands":[4178],"product_cat":[22805,8724],"product_tag":[5038,2092,2339,4005,4006,3997,4454,4444,4445,4436,4004,4003],"class_list":{"0":"post-53900","1":"product","2":"type-product","3":"status-publish","4":"has-post-thumbnail","6":"product_brand-sulwhasoo","7":"product_cat-conjuntos-anti-idade","8":"product_cat-kits-e-conjuntos","9":"product_tag-armazem-krabi","10":"product_tag-cosmetica-asiatica","11":"product_tag-cosmetica-coreana","12":"product_tag-cosmetica-do-japao","13":"product_tag-cosmetica-korea","14":"product_tag-k-beauty","15":"product_tag-normal","16":"product_tag-pele-seca","17":"product_tag-pele-sensivel-e-reativa","18":"product_tag-sinais-de-envelhecimento","19":"product_tag-sulwhasoo","20":"product_tag-sulwhasoo-signature-beauty-routine-kit","21":"product_shipping_class-armazem-tailandia","23":"first","24":"instock","25":"featured","26":"taxable","27":"shipping-taxable","28":"purchasable","29":"product-type-simple"},"_links":{"self":[{"href":"https:\/\/neuzamariano.com\/loja\/wp-json\/wp\/v2\/product\/53900","targetHints":{"allow":["GET"]}}],"collection":[{"href":"https:\/\/neuzamariano.com\/loja\/wp-json\/wp\/v2\/product"}],"about":[{"href":"https:\/\/neuzamariano.com\/loja\/wp-json\/wp\/v2\/types\/product"}],"replies":[{"embeddable":true,"href":"https:\/\/neuzamariano.com\/loja\/wp-json\/wp\/v2\/comments?post=53900"}],"wp:featuredmedia":[{"embeddable":true,"href":"https:\/\/neuzamariano.com\/loja\/wp-json\/wp\/v2\/media\/53901"}],"wp:attachment":[{"href":"https:\/\/neuzamariano.com\/loja\/wp-json\/wp\/v2\/media?parent=53900"}],"wp:term":[{"taxonomy":"product_brand","embeddable":true,"href":"https:\/\/neuzamariano.com\/loja\/wp-json\/wp\/v2\/products\/brands?post=53900"},{"taxonomy":"product_cat","embeddable":true,"href":"https:\/\/neuzamariano.com\/loja\/wp-json\/wp\/v2\/product_cat?post=53900"},{"taxonomy":"product_tag","embeddable":true,"href":"https:\/\/neuzamariano.com\/loja\/wp-json\/wp\/v2\/product_tag?post=53900"}],"curies":[{"name":"wp","href":"https:\/\/api.w.org\/{rel}","templated":true}]}}