{"id":53607,"date":"2021-12-15T16:40:42","date_gmt":"2021-12-15T09:40:42","guid":{"rendered":"https:\/\/neuzamariano.com\/loja-cosmetica-asiatica\/?post_type=product&#038;p=53607"},"modified":"2026-03-19T16:57:26","modified_gmt":"2026-03-19T09:57:26","slug":"patches-para-olhos-de-pessego","status":"publish","type":"product","link":"https:\/\/neuzamariano.com\/loja\/patches-para-olhos-de-pessego\/","title":{"rendered":"Patches para Olhos de P\u00eassego"},"content":{"rendered":"<h2 style=\"text-align: center;\">Patches para Olhos de P\u00eassego<\/h2>\n<h5 style=\"text-align: justify;\">O que s\u00e3o os Patches para Olhos?<\/h5>\n<p style=\"text-align: justify;\">Desenvolvidos pela cosm\u00e9tica Asi\u00e1tica, podem ter v\u00e1rios ingredientes, uns de pano e outros de gel. O seu desenho encaixa na perfei\u00e7\u00e3o na zona das olheiras. Por\u00e9m, podem ser usados noutras zonas, como no bigode chin\u00eas ou mesmo nas linhas de express\u00e3o da testa.<\/p>\n<h5 style=\"text-align: justify;\"><span id=\"Porque_os_Patches_para_Olhos_sao_tao_bons\" class=\"ez-toc-section\"><\/span>Porque os Patches para Olhos s\u00e3o t\u00e3o bons?<\/h5>\n<p style=\"text-align: justify;\">Nada se pode comprar a este artigo. S\u00e3o embebidos em ess\u00eancias e ingredientes activos para serem deveras eficazes e potentes. Existem\u00a0<em>patches<\/em>\u00a0para v\u00e1rias finalidades, que podem ser por exemplo: reduzir sinais de envelhecimento, activar a circula\u00e7\u00e3o na zona, tonificar, regenerar a pele, eliminar papos, neutralizar a cor escura da olheira, entre outros.<\/p>\n<h5 style=\"text-align: justify;\"><span id=\"Como_usar_os_Patches_para_Olhos\" class=\"ez-toc-section\"><\/span>Como usar os Patches para Olhos?<\/h5>\n<p style=\"text-align: justify;\">Aconselho que os uses duas vezes por semana, sei que pode parecer tentador usar mais do que isso. Mas pensa que eles s\u00e3o um refor\u00e7o ao teu auto-cuidado. N\u00e3o se pode comparar a um creme de olhos, pois em nada s\u00e3o parecidos. O creme de olhos podes, e deves usar, todos os dias. Tanto na tua rotina de cuidados de pele diurna como na nocturna. J\u00e1 o Patches para Olhos s\u00e3o um refor\u00e7o extra. Ir\u00e3o conferir \u00e0 tua pele aquela ajuda extra para resolver algumas quest\u00f5es.<\/p>\n<h5 style=\"text-align: justify;\"><span id=\"Em_que_altura_devo_usar_o_Patches_para_Olhos\" class=\"ez-toc-section\"><\/span>Em que altura devo usar o Patches para Olhos?<\/h5>\n<p style=\"text-align: justify;\">Podes usar quando quiseres. Eu gosto de os usar em dois momentos espec\u00edficos do meu dia. Ou logo de manh\u00e3 mal acordo, ou antes de me deitar. Uma dica que talvez gostes, \u00e9 guardar os teus\u00a0<em>Patches<\/em>\u00a0para Olhos no teu frigor\u00edfico. Assim quando os aplicares estar\u00e3o frescos e para al\u00e9m de actuarem consoante as suas indica\u00e7\u00f5es, ir\u00e3o ajudar a congestionar a zona precisamente por estarem frescos.<\/p>\n<p style=\"text-align: justify;\">Para al\u00e9m destes artigos terem caracter\u00edsticas f\u00edsicas incompar\u00e1veis, que nenhum creme de olhos poder\u00e1 oferecer, lembra-te que enquanto tiveres os Patches na regi\u00e3o pretendida, a tua pele estar\u00e1 a receber aqueles nutrientes. \u00c9 um cuidado acess\u00f3rio em complemento com o teu creme de olhos.<\/p>\n<p style=\"text-align: justify;\">Cont\u00e9m 60 m\u00e1scaras<\/p>\n<p style=\"text-align: justify;\">Indicado para todos os tipos de pele<\/p>\n<p style=\"text-align: justify;\">Conhece os benef\u00edcios da utiliza\u00e7\u00e3o de <a href=\"https:\/\/neuzamariano.com\/patches-para-olhos-o-segredo-contra-as-rugas-e-papos\/\" target=\"_blank\" rel=\"noopener\">Patches para Olhos<\/a>.<\/p>\n","protected":false},"excerpt":{"rendered":"<p>face cream<\/p>\n","protected":false},"featured_media":53611,"comment_status":"open","ping_status":"closed","template":"","meta":{"inline_featured_image":false},"products\/brands":[],"product_cat":[5115,8700,8765],"product_tag":[5038,22519,2092,4432,3960,3976,3975],"class_list":{"0":"post-53607","1":"product","2":"type-product","3":"status-publish","4":"has-post-thumbnail","6":"product_cat-cuidados-de-pele","7":"product_cat-hidratacao-facial","8":"product_cat-olhos-hidratacao-facial","9":"product_tag-armazem-krabi","10":"product_tag-compra-1-leva-1","11":"product_tag-cosmetica-asiatica","12":"product_tag-cuidado-de-olhos","13":"product_tag-japao","14":"product_tag-patches-para-olhos","15":"product_tag-patches-para-olhos-de-pessego","16":"product_shipping_class-armazem-tailandia","18":"first","19":"instock","20":"featured","21":"taxable","22":"shipping-taxable","23":"purchasable","24":"product-type-simple"},"_links":{"self":[{"href":"https:\/\/neuzamariano.com\/loja\/wp-json\/wp\/v2\/product\/53607","targetHints":{"allow":["GET"]}}],"collection":[{"href":"https:\/\/neuzamariano.com\/loja\/wp-json\/wp\/v2\/product"}],"about":[{"href":"https:\/\/neuzamariano.com\/loja\/wp-json\/wp\/v2\/types\/product"}],"replies":[{"embeddable":true,"href":"https:\/\/neuzamariano.com\/loja\/wp-json\/wp\/v2\/comments?post=53607"}],"wp:featuredmedia":[{"embeddable":true,"href":"https:\/\/neuzamariano.com\/loja\/wp-json\/wp\/v2\/media\/53611"}],"wp:attachment":[{"href":"https:\/\/neuzamariano.com\/loja\/wp-json\/wp\/v2\/media?parent=53607"}],"wp:term":[{"taxonomy":"product_brand","embeddable":true,"href":"https:\/\/neuzamariano.com\/loja\/wp-json\/wp\/v2\/products\/brands?post=53607"},{"taxonomy":"product_cat","embeddable":true,"href":"https:\/\/neuzamariano.com\/loja\/wp-json\/wp\/v2\/product_cat?post=53607"},{"taxonomy":"product_tag","embeddable":true,"href":"https:\/\/neuzamariano.com\/loja\/wp-json\/wp\/v2\/product_tag?post=53607"}],"curies":[{"name":"wp","href":"https:\/\/api.w.org\/{rel}","templated":true}]}}