{"id":51335,"date":"2021-11-14T15:40:00","date_gmt":"2021-11-14T08:40:00","guid":{"rendered":"https:\/\/neuzamariano.com\/?post_type=product&#038;p=51335"},"modified":"2026-03-19T17:00:50","modified_gmt":"2026-03-19T10:00:50","slug":"essencia-de-abacate-%f0%9f%a5%91","status":"publish","type":"product","link":"https:\/\/neuzamariano.com\/loja\/essencia-de-abacate-%f0%9f%a5%91\/","title":{"rendered":"Ess\u00eancia de Abacate \ud83e\udd51"},"content":{"rendered":"<p>\ud83e\udd51 Cont\u00e9m extrato de abacate, extrato de hortel\u00e3, nicotinamida de polipept\u00eddeo de levedura<br \/>\n\ud83e\udd51 S\u00e3o ricos em vitaminas, e antioxidantes, tem \u00e1cidos graxos e minerais<br \/>\n\ud83e\udd51 Rejuvenescimento eficaz da pele refrescar, hidrata, n\u00e3o permite que a hidrata\u00e7\u00e3o da pele evapore<br \/>\n\ud83e\udd51 Equilibra a oleosidade da pele<br \/>\n\ud83e\udd51 Ajuda a diminuir a apar\u00eancia dos poros<br \/>\n\ud83e\udd51 Enriquecido com vitamina A e E, fornece hidrata\u00e7\u00e3o, repara e clareia a pele. Macio, suave e aumentar a flexibilidade<br \/>\n\ud83e\udd51 D\u00e1 mais elasticidade \u00e0 pele<br \/>\n\ud83e\udd51 Cont\u00e9m \u00f3leo de abacate<br \/>\n\ud83e\udd51 Trata a acne<br \/>\n\ud83e\udd51 Poderoso anti envelhecimento<br \/>\n\ud83e\udd51 Aumenta a firmeza da pele<\/p>\n<p>&nbsp;<\/p>\n<p>\ud83e\udd51 Indicado para todos os tipos de pele.<\/p>\n<p>\ud83e\udd51 Pode ser aplicado na rotina de dia e de noite<\/p>\n<p>\ud83e\udd51 Cont\u00e9m 30 ml<\/p>\n<p>&nbsp;<\/p>\n","protected":false},"excerpt":{"rendered":"<p>face cream<\/p>\n","protected":false},"featured_media":70944,"comment_status":"open","ping_status":"closed","template":"","meta":{"inline_featured_image":false},"products\/brands":[8417],"product_cat":[5115,8703,8700],"product_tag":[5038,4430,22519,2092,3956,3954,3960,4443,4454,4444,4437,4448,3961,4436,4464,4449],"class_list":{"0":"post-51335","1":"product","2":"type-product","3":"status-publish","4":"has-post-thumbnail","6":"product_brand-nm","7":"product_cat-cuidados-de-pele","8":"product_cat-essencias-soros-e-ampolas","9":"product_cat-hidratacao-facial","10":"product_tag-armazem-krabi","11":"product_tag-borbulhas-e-pontos-negros","12":"product_tag-compra-1-leva-1","13":"product_tag-cosmetica-asiatica","14":"product_tag-essencia","15":"product_tag-essencia-de-abacate","16":"product_tag-japao","17":"product_tag-mista-ou-oleosa","18":"product_tag-normal","19":"product_tag-pele-seca","20":"product_tag-poros-dilatados","21":"product_tag-produtos-para-rosto","22":"product_tag-seruns-e-essencias","23":"product_tag-sinais-de-envelhecimento","24":"product_tag-tonicos","25":"product_tag-essencias-e-seruns","26":"product_shipping_class-armazem-tailandia","28":"first","29":"instock","30":"taxable","31":"shipping-taxable","32":"purchasable","33":"product-type-simple"},"_links":{"self":[{"href":"https:\/\/neuzamariano.com\/loja\/wp-json\/wp\/v2\/product\/51335","targetHints":{"allow":["GET"]}}],"collection":[{"href":"https:\/\/neuzamariano.com\/loja\/wp-json\/wp\/v2\/product"}],"about":[{"href":"https:\/\/neuzamariano.com\/loja\/wp-json\/wp\/v2\/types\/product"}],"replies":[{"embeddable":true,"href":"https:\/\/neuzamariano.com\/loja\/wp-json\/wp\/v2\/comments?post=51335"}],"wp:featuredmedia":[{"embeddable":true,"href":"https:\/\/neuzamariano.com\/loja\/wp-json\/wp\/v2\/media\/70944"}],"wp:attachment":[{"href":"https:\/\/neuzamariano.com\/loja\/wp-json\/wp\/v2\/media?parent=51335"}],"wp:term":[{"taxonomy":"product_brand","embeddable":true,"href":"https:\/\/neuzamariano.com\/loja\/wp-json\/wp\/v2\/products\/brands?post=51335"},{"taxonomy":"product_cat","embeddable":true,"href":"https:\/\/neuzamariano.com\/loja\/wp-json\/wp\/v2\/product_cat?post=51335"},{"taxonomy":"product_tag","embeddable":true,"href":"https:\/\/neuzamariano.com\/loja\/wp-json\/wp\/v2\/product_tag?post=51335"}],"curies":[{"name":"wp","href":"https:\/\/api.w.org\/{rel}","templated":true}]}}