{"id":50211,"date":"2021-05-27T17:09:00","date_gmt":"2021-05-27T10:09:00","guid":{"rendered":"https:\/\/neuzamariano.com\/?post_type=product&#038;p=50211"},"modified":"2026-03-19T17:05:32","modified_gmt":"2026-03-19T10:05:32","slug":"pos-tradicionais-tailandeses-mascaras-faciais","status":"publish","type":"product","link":"https:\/\/neuzamariano.com\/loja\/pos-tradicionais-tailandeses-mascaras-faciais\/","title":{"rendered":"P\u00f3s Tradicionais Tailandeses &#8211; M\u00e1scaras Faciais"},"content":{"rendered":"<blockquote>\n<p style=\"text-align: center\">P\u00f3s Tradicionais Tailandeses &#8211; M\u00e1scaras Faciais<\/p>\n<\/blockquote>\n<p style=\"text-align: justify\">As peles das Tailandesas s\u00e3o conhecidas por serem as mais bonitas, e as que demoram mais tempo a envelhecer. Podemos atribuir culpas \u00e0 gen\u00e9tica. Por\u00e9m, ap\u00f3s estes anos aqui na Tail\u00e2ndia, constatei que os cuidados de pele, e as massagens, n\u00e3o s\u00e3o consideradas como opcionais, ou at\u00e9 algo associado \u00e0 est\u00e9tica. Aqui, cuidar da pele \u00e9 sa\u00fade. Estamos a falar do maior \u00f3rg\u00e3o do corpo humano.<\/p>\n<p style=\"text-align: justify\">Estes p\u00f3s s\u00e3o fabricados de uma forma sustent\u00e1vel e s\u00e3o de origem org\u00e2nica. Todos eles t\u00eam mat\u00e9ria-prima nativa e s\u00e3o elementos bot\u00e2nicos que trazem muitos benef\u00edcios \u00e0 pele. Cada embalagem cont\u00e9m apenas um ingrediente, por exemplo, a embalagem de centella asi\u00e1tica, contem apenas centella asi\u00e1tica.<\/p>\n<p><img fetchpriority=\"high\" decoding=\"async\" class=\"alignnone wp-image-50317 size-full\" src=\"https:\/\/neuzamariano.com\/wp-content\/uploads\/2021\/05\/Pos-Tradicionais-Tailandeses-Mascaras-Faciais-6.png\" alt=\"P\u00f3s Tradicionais Tailandeses - M\u00e1scaras Faciais\" width=\"2000\" height=\"647\" title=\"\" srcset=\"https:\/\/neuzamariano.com\/loja\/wp-content\/uploads\/sites\/2\/2021\/05\/Pos-Tradicionais-Tailandeses-Mascaras-Faciais-6.png 2000w, https:\/\/neuzamariano.com\/loja\/wp-content\/uploads\/sites\/2\/2021\/05\/Pos-Tradicionais-Tailandeses-Mascaras-Faciais-6-670x217.png 670w, https:\/\/neuzamariano.com\/loja\/wp-content\/uploads\/sites\/2\/2021\/05\/Pos-Tradicionais-Tailandeses-Mascaras-Faciais-6-300x97.png 300w, https:\/\/neuzamariano.com\/loja\/wp-content\/uploads\/sites\/2\/2021\/05\/Pos-Tradicionais-Tailandeses-Mascaras-Faciais-6-768x248.png 768w, https:\/\/neuzamariano.com\/loja\/wp-content\/uploads\/sites\/2\/2021\/05\/Pos-Tradicionais-Tailandeses-Mascaras-Faciais-6-1024x331.png 1024w, https:\/\/neuzamariano.com\/loja\/wp-content\/uploads\/sites\/2\/2021\/05\/Pos-Tradicionais-Tailandeses-Mascaras-Faciais-6-1536x497.png 1536w\" sizes=\"(max-width: 2000px) 100vw, 2000px\" \/><\/p>\n<p style=\"text-align: justify\"><strong>Como aplicar:<\/strong><\/p>\n<p style=\"text-align: justify\">Num pequeno pote mistura duas a tr\u00eas colheres de caf\u00e9 do teu p\u00f3 tradicional, vai adicionado \u00e1gua at\u00e9 se formar uma pasta.<\/p>\n<p style=\"text-align: justify\">Aplica esta pasta no teu rosto, poder\u00e1s faz\u00ea-lo com os dedos limpos, uma esp\u00e1tula, ou com um pincel.<\/p>\n<p style=\"text-align: justify\">Deixa o produto atuar uns minutos na tua pele. Antes de a mistura secar, molha os dedos, e faz movimentos circulares no teu rosto. Insiste na zona T: Testa, nariz e queixo.<\/p>\n<p style=\"text-align: justify\">Depois \u00e9 s\u00f3 removeres o produto da tua pele com \u00e1gua e caso tenhas, com a tua <a href=\"https:\/\/neuzamariano.com\/loja-de-produtos-naturais\/esponja-konjac\/\">esponja konjac<\/a>.<\/p>\n<p style=\"text-align: justify\">Produto natural e org\u00e2nico<\/p>\n<p>Os pre\u00e7os variam conforme a quantidade.<\/p>\n<p>9,90 euros: cont\u00e9m 20g<\/p>\n<p>15,90: cont\u00e9m 50g<\/p>\n<p>&nbsp;<\/p>\n<h3 style=\"text-align: justify\">Como usar os P\u00f3s Tradicionais Tailandeses<\/h3>\n<p style=\"text-align: justify\"><strong>M\u00e1scara para todos os tipos de Pele<\/strong><\/p>\n<p style=\"text-align: justify\">Num recipiente mistura uma colher de sobremesa do p\u00f3 e mistura com \u00e1gua at\u00e9 teres uma pasta consistente. Aplica em todo o teu rosto e pesco\u00e7o. Deixa actuar durante 15 minutos e remove com \u00e1gua corrente.<\/p>\n<p style=\"text-align: justify\"><strong>M\u00e1scara para Pele Oleosa<\/strong><\/p>\n<p style=\"text-align: justify\">Num recipiente mistura uma colher de sobremesa do p\u00f3 e mistura com iogurte, mistura at\u00e9 teres uma pasta consistente. Aplica em todo o teu rosto e pesco\u00e7o. Deixa actuar durante 15 minutos e remove com \u00e1gua corrente.<\/p>\n<p style=\"text-align: justify\"><strong>M\u00e1scara\u00a0 para Pele Seca<\/strong><\/p>\n<p style=\"text-align: justify\">Num recipiente mistura uma colher de sobremesa do p\u00f3 e mistura com Mel e iogurte, e mistura at\u00e9 teres uma pasta consistente. Aplica em todo o teu rosto e pesco\u00e7o. Deixa actuar durante 15 minutos e remove com \u00e1gua corrente.<\/p>\n<p style=\"text-align: justify\"><b>Podes criar a tua m\u00e1scara de acordo com as tuas necessidades, para isso basta misturares ingredientes selecionados por ti a este p\u00f3. Na \u00c1sia \u00e9 comum misturarem com: iogurte, mel, \u00f3leo de coco, sumo de lima ou lim\u00e3o, azeite, \u00f3leos essenciais, aloe vera, entre outros.<\/b><\/p>\n<p style=\"text-align: justify\">CENTELLA ASI\u00c1TICA<br \/>\nIndicado para todos os tipos pele.<br \/>\nA Centella Asi\u00e1tica \u00e9 considerada um elixir da juventude.<br \/>\nRepara e regenera a pele. Tamb\u00e9m \u00e9 rica em vitaminas A, do complexo B e C.<br \/>\nTem a\u00e7\u00e3o cicatrizante, anti-inflamat\u00f3ria e antioxidante.<br \/>\nTrata a acne<br \/>\nAntienvelhecimento<br \/>\nAumenta a produ\u00e7\u00e3o de colag\u00e9nio<br \/>\nA Cica \u00e9 considerada um ingrediente potente para o antienvelhecimento, devido aos antioxidantes e produ\u00e7\u00e3o de col\u00e1geno, al\u00e9m de auxiliar no tratamento da pele acneica e\/ou inflamada, por seu fator anti-inflamat\u00f3rio.<\/p>\n<p>THANAKA<br \/>\nEm Mianmar, Thanaka \u00e9 o segredo feminino para uma pele saud\u00e1vel.<br \/>\nSuaviza a pele, previne o aparecimento de rugas<br \/>\nElimina manchas da pele, sejam do acne ou idade<br \/>\nThanaka \u00e9 uma pasta densa em nutrientes e rica em vitamina E, que protege a pele contra a polui\u00e7\u00e3o do ar e os radicais livres, compostos inst\u00e1veis \u200b\u200bque danificam a estrutura celular.<br \/>\nAl\u00e9m disso, thanaka \u00e9 um hidratante eficaz e seus efeitos hidratantes e refrescantes o tornam ideal para a p\u00f3s-exposi\u00e7\u00e3o ao sol.<\/p>\n<p>C\u00daRCUMA<br \/>\nPoderoso antioxidante<br \/>\nTrata a acne<br \/>\nTrata a inflama\u00e7\u00e3o<br \/>\nCura feridas<br \/>\nPrevenir fungos<br \/>\nCombater o eczema e a psor\u00edase<br \/>\nReduz cicatrizes de acne<br \/>\nIlumina olheiras<br \/>\nReal\u00e7a o brilho natural da pele<\/p>\n<p>GROSELHA INDIANA<br \/>\nPoderosas propriedades antioxidantes, \u00e9 frequentemente usado como em medicamentos ayurv\u00e9dicos para melhorar a sa\u00fade da pele e do cabelo e tamb\u00e9m a imunidade geral do corpo.<br \/>\nReduz o n\u00famero de radicais livres no corpo atrav\u00e9s de suas qualidades antioxidantes. Vitamina C e antioxidantes ajudam a eliminar os radicais livres; os radicais livres est\u00e3o associados a sinais de envelhecimento, como rugas e manchas da idade.<br \/>\nRemove manchas da idade.<\/p>\n<p>Pueraria Mirifica<br \/>\nAumenta a firmeza e elasticidade da pele, retarda o envelhecimento da pele e restaura a sa\u00fade da pele.<\/p>\n<p>Quando introduzimos um produto novo na nossa rotina, devemos sempre fazer um teste. Aplicar o produto numa pequena regi\u00e3o da nossa pele, e aguardar 30m para que possamos constatar alguma eventual alergia. Mesmo quando falamos de produtos naturais, existem sempre casos raros de alergia.<\/p>\n","protected":false},"excerpt":{"rendered":"<p>facial mask<\/p>\n","protected":false},"featured_media":50217,"comment_status":"open","ping_status":"closed","template":"","meta":{"inline_featured_image":false},"products\/brands":[],"product_cat":[5115,8706,8741],"product_tag":[5038,4430,22519,2092,3963,3102,4703,4451,5786,4441,4443,4437,2020,4448],"class_list":{"0":"post-50211","1":"product","2":"type-product","3":"status-publish","4":"has-post-thumbnail","6":"product_cat-cuidados-de-pele","7":"product_cat-mascaras-faciais","8":"product_cat-mascaras-lavaveis","9":"product_tag-armazem-krabi","10":"product_tag-borbulhas-e-pontos-negros","11":"product_tag-compra-1-leva-1","12":"product_tag-cosmetica-asiatica","13":"product_tag-cosmetica-natural-tailandesa","14":"product_tag-cosmetica-tailandia","15":"product_tag-menos-15-euros","16":"product_tag-esfoliantes-e-mascaras-faciais","17":"product_tag-leva-3-paga-2","18":"product_tag-manchas","19":"product_tag-mista-ou-oleosa","20":"product_tag-poros-dilatados","21":"product_tag-produtos-da-tailandia","22":"product_tag-produtos-para-rosto","23":"product_shipping_class-armazem-tailandia","25":"first","26":"instock","27":"taxable","28":"shipping-taxable","29":"purchasable","30":"product-type-variable","31":"has-default-attributes"},"_links":{"self":[{"href":"https:\/\/neuzamariano.com\/loja\/wp-json\/wp\/v2\/product\/50211","targetHints":{"allow":["GET"]}}],"collection":[{"href":"https:\/\/neuzamariano.com\/loja\/wp-json\/wp\/v2\/product"}],"about":[{"href":"https:\/\/neuzamariano.com\/loja\/wp-json\/wp\/v2\/types\/product"}],"replies":[{"embeddable":true,"href":"https:\/\/neuzamariano.com\/loja\/wp-json\/wp\/v2\/comments?post=50211"}],"wp:featuredmedia":[{"embeddable":true,"href":"https:\/\/neuzamariano.com\/loja\/wp-json\/wp\/v2\/media\/50217"}],"wp:attachment":[{"href":"https:\/\/neuzamariano.com\/loja\/wp-json\/wp\/v2\/media?parent=50211"}],"wp:term":[{"taxonomy":"product_brand","embeddable":true,"href":"https:\/\/neuzamariano.com\/loja\/wp-json\/wp\/v2\/products\/brands?post=50211"},{"taxonomy":"product_cat","embeddable":true,"href":"https:\/\/neuzamariano.com\/loja\/wp-json\/wp\/v2\/product_cat?post=50211"},{"taxonomy":"product_tag","embeddable":true,"href":"https:\/\/neuzamariano.com\/loja\/wp-json\/wp\/v2\/product_tag?post=50211"}],"curies":[{"name":"wp","href":"https:\/\/api.w.org\/{rel}","templated":true}]}}