{"id":50048,"date":"2025-12-30T10:43:18","date_gmt":"2025-12-30T03:43:18","guid":{"rendered":"https:\/\/neuzamariano.com\/?post_type=product&#038;p=50048"},"modified":"2026-03-19T10:35:37","modified_gmt":"2026-03-19T03:35:37","slug":"water-bank-blue-hyaluronic-4-step-essential-kit","status":"publish","type":"product","link":"https:\/\/neuzamariano.com\/loja\/water-bank-blue-hyaluronic-4-step-essential-kit\/","title":{"rendered":"Laneige Water Bank Blue Hyaluronic 4 Step Essential Kit"},"content":{"rendered":"<p>\ud83d\udca6 <strong>LANEIGE Water Bank Blue Hyaluronic Essence Toner<\/strong><\/p>\n<p><span data-sheets-value=\"{&quot;1&quot;:2,&quot;2&quot;:&quot;Oh so soft! A first-step exfoliating toner that gently exfoliates, helps rebalance skin, and delivers lightweight hydration.&quot;}\" data-sheets-userformat=\"{&quot;2&quot;:15299,&quot;3&quot;:{&quot;1&quot;:0},&quot;4&quot;:{&quot;1&quot;:2,&quot;2&quot;:16777215},&quot;9&quot;:1,&quot;10&quot;:1,&quot;11&quot;:4,&quot;12&quot;:0,&quot;14&quot;:{&quot;1&quot;:2,&quot;2&quot;:0},&quot;15&quot;:&quot;IBM Plex Sans Condensed&quot;,&quot;16&quot;:12}\">Um toner esfoliante de primeira etapa que esfolia suavemente, ajuda a reequilibrar a pele e proporciona hidrata\u00e7\u00e3o leve. <\/span><strong style=\"color: var(--rz-text-color); font-family: var(--rz-font-family-primary);\">Ingredientes chave:<\/strong><span style=\"color: var(--rz-text-color); font-family: var(--rz-font-family-primary);\">\u00c1cido Hialur\u00f4nico Azul.<\/span><\/p>\n<p>Este toner esfoliante leve deixa a pele extra macia e visivelmente suave, pronta para absorver melhor o resto dos seus cuidados com a pele! O PHA trabalha para esfoliar suavemente enquanto o \u00e1cido hialur\u00f4nico azul, fermentado com algas do fundo do mar e um processo de microfiltra\u00e7\u00e3o de 10 etapas, absorve instantaneamente para uma hidrata\u00e7\u00e3o profunda e intensa.<\/p>\n<p>\u2013 Esfolia e hidrata suavemente como o primeiro passo em sua rotina de cuidados com a pele<br \/>\n\u2013 Suaviza e suaviza visivelmente<br \/>\n\u2013 Ajuda a absorver melhor os cuidados com a pele a seguir.<\/p>\n<p>O que \u00e9 \u00e1cido hialur\u00f4nico azul?<br \/>\nHidrate melhor e mais r\u00e1pido com \u00e1cido hialur\u00f4nico azul<br \/>\nBlue HA \u2014 \u00c1cido Hialur\u00f4nico Azul \u2014 \u00e9 nosso novo ingrediente de hidrata\u00e7\u00e3o de \u00faltima gera\u00e7\u00e3o, propriet\u00e1rio da Laneige!<\/p>\n<p>Pegamos \u00e1cido hialur\u00f4nico regular e amplificamos seu poder de hidrata\u00e7\u00e3o atrav\u00e9s de um processo \u00fanico de dupla fermenta\u00e7\u00e3o com Fucoidan, um agente hidratante derivado de algas marinhas profundas. Em seguida, passamos por um processo de refino de microfiltra\u00e7\u00e3o de 10 etapas.<\/p>\n<p>O resultado? \u00c1cido hialur\u00f4nico azul min\u00fasculo, mais poderoso, de tamanho micro, que absorve melhor e mais r\u00e1pido para uma hidrata\u00e7\u00e3o verdadeiramente profunda e duradoura.<\/p>\n<p>\ud83d\udca6 <strong>LANEIGE Water Bank Blue Hyaluronic Emulsion<\/strong><\/p>\n<p>O Water Bank Blue Hyaluronic \u00e9 absorvido profundamente pela pele, adicionando hidrata\u00e7\u00e3o espessa, enquanto o Pantenol e os probi\u00f3ticos ajudam a criar uma barreira cut\u00e2nea saud\u00e1vel.<br \/>\nhidrata\u00e7\u00e3o de \u00faltima gera\u00e7\u00e3o !<br \/>\n#1\/2000 \u00e1cido hialur\u00f4nico de tamanho micro*<br \/>\n# Emuls\u00e3o barreira hidratante<br \/>\n#Refor\u00e7o de brilho e nutri\u00e7\u00e3o<br \/>\nO forte poder do \u00e1cido hialur\u00f4nico azul<br \/>\npara reparar e hidratar<\/p>\n<p>Repara\u00e7\u00e3o poderosa ** por 1\/2000* de \u00e1cido hialur\u00f4nico azul<br \/>\nmicro-dimensionado para uma barreira da pele danificada<\/p>\n<p>Hidrata\u00e7\u00e3o profunda e rica<br \/>\npara uma barreira cut\u00e2nea mais forte<\/p>\n<p>A f\u00f3rmula adequada para pele seca\/normal suaviza a descama\u00e7\u00e3o para adicionar suavidade ao toque.<\/p>\n<p>F\u00f3rmula suave adequada<br \/>\npara peles sens\u00edveis<\/p>\n<p>\u00c1cido hialur\u00f4nico azul de tamanho micro, aprimorado usando o processo de fabrica\u00e7\u00e3o<br \/>\npatenteado da LANEIGE<\/p>\n<p>\ud83d\udca6<strong> LANEIGE Water Bank Blue Hyaluronic Serum<\/strong><\/p>\n<p>S\u00e9rum hidratante instant\u00e2neo com uma f\u00f3rmula de fus\u00e3o suave<br \/>\nque instantaneamente reabastece a pele com umidade<br \/>\ne aumenta a firmeza para revelar uma apar\u00eancia viva.<\/p>\n<p>#1\/2000 \u00e1cido hialur\u00f4nico de tamanho micro!*<br \/>\n#575% de preenchimento de humidade**<br \/>\n#Firming e reparo de barreira<\/p>\n<p>\ud83d\udca6<strong> LANEIGE Water Bank Blue Hyaluronic Cream<\/strong><\/p>\n<p>Um hidratante intensivo de dia para noite para pele sens\u00edvel, seca ou desidratada. Este her\u00f3i aprimorado oferece hidrata\u00e7\u00e3o de \u00faltima gera\u00e7\u00e3o com \u00e1cido hialur\u00f4nico azul \u2012 fermentado com algas do fundo do mar e submetido a um processo de microfiltra\u00e7\u00e3o de 10 etapas, \u00e9 micro-dimensionado para absorver melhor e mais rapidamente para uma hidrata\u00e7\u00e3o profunda e duradoura. Hipoalerg\u00eanico, testado por dermatologistas e adequado para peles sens\u00edveis.<\/p>\n<p>Hidratante intensivo de dia para noite para peles sens\u00edveis, secas ou desidratadas. Este her\u00f3i aprimorado oferece hidrata\u00e7\u00e3o de \u00faltima gera\u00e7\u00e3o com \u00e1cido hialur\u00f4nico azul \u2013 fermentado com algas marinhas profundas e submetido a um processo de microfiltra\u00e7\u00e3o de 10 etapas, \u00e9 microdimensionado para absorver melhor e mais rapidamente para uma hidrata\u00e7\u00e3o profunda e duradoura.<\/p>\n<p>\u2013 Proporciona um aumento instant\u00e2neo de hidrata\u00e7\u00e3o +196%*<br \/>\n\u2013 Refor\u00e7a a barreira de hidrata\u00e7\u00e3o da pele +62%**<br \/>\n\u2013 Firma visivelmente<br \/>\n\u2013 Reduz eficazmente a perda de hidrata\u00e7\u00e3o ao longo do dia<br \/>\n\u2013 Acalma a pele stressada<\/p>\n<p>LANEIGE Water Bank Blue Hyaluronic Essence Toner 25ml<br \/>\nLANEIGE Water Bank Blue Hyaluronic Emulsion 25ml<br \/>\nLANEIGE Water Bank Blue Hyaluronic Serum 10ml<br \/>\nLANEIGE Water Bank Blue Hyaluronic Cream 10ml<\/p>\n<p>\u00a0<\/p>\n<p>GOOD FOR VEGAN<br \/>\nProdutos vegan, sem ingredientes de origem animal.<\/p>\n<p>Perda de firmeza<br \/>\nMelhora a pele oleosa, mista e normal<br \/>\nHidratante<br \/>\nMelhor para pele seca, mista e normal<br \/>\nBom para: Todos os tipos de pele<\/p>\n<p>\u00a0<\/p>\n","protected":false},"excerpt":{"rendered":"<p>face gel<\/p>\n","protected":false},"featured_media":193579,"comment_status":"open","ping_status":"closed","template":"","meta":{"inline_featured_image":false},"products\/brands":[4649],"product_cat":[22805,8724],"product_tag":[5038,2339,3997,2386,3787,4454,4444,4445,4436,4456],"class_list":{"0":"post-50048","1":"product","2":"type-product","3":"status-publish","4":"has-post-thumbnail","6":"product_brand-laneige","7":"product_cat-conjuntos-anti-idade","8":"product_cat-kits-e-conjuntos","9":"product_tag-armazem-krabi","10":"product_tag-cosmetica-coreana","11":"product_tag-k-beauty","12":"product_tag-laneige","13":"product_tag-laneige-basic-new-water-bank","14":"product_tag-normal","15":"product_tag-pele-seca","16":"product_tag-pele-sensivel-e-reativa","17":"product_tag-sinais-de-envelhecimento","18":"product_tag-skin-care-sets","19":"product_shipping_class-armazem-coreia","21":"first","22":"instock","23":"taxable","24":"shipping-taxable","25":"purchasable","26":"product-type-simple"},"_links":{"self":[{"href":"https:\/\/neuzamariano.com\/loja\/wp-json\/wp\/v2\/product\/50048","targetHints":{"allow":["GET"]}}],"collection":[{"href":"https:\/\/neuzamariano.com\/loja\/wp-json\/wp\/v2\/product"}],"about":[{"href":"https:\/\/neuzamariano.com\/loja\/wp-json\/wp\/v2\/types\/product"}],"replies":[{"embeddable":true,"href":"https:\/\/neuzamariano.com\/loja\/wp-json\/wp\/v2\/comments?post=50048"}],"wp:featuredmedia":[{"embeddable":true,"href":"https:\/\/neuzamariano.com\/loja\/wp-json\/wp\/v2\/media\/193579"}],"wp:attachment":[{"href":"https:\/\/neuzamariano.com\/loja\/wp-json\/wp\/v2\/media?parent=50048"}],"wp:term":[{"taxonomy":"product_brand","embeddable":true,"href":"https:\/\/neuzamariano.com\/loja\/wp-json\/wp\/v2\/products\/brands?post=50048"},{"taxonomy":"product_cat","embeddable":true,"href":"https:\/\/neuzamariano.com\/loja\/wp-json\/wp\/v2\/product_cat?post=50048"},{"taxonomy":"product_tag","embeddable":true,"href":"https:\/\/neuzamariano.com\/loja\/wp-json\/wp\/v2\/product_tag?post=50048"}],"curies":[{"name":"wp","href":"https:\/\/api.w.org\/{rel}","templated":true}]}}