{"id":49938,"date":"2021-05-15T17:03:00","date_gmt":"2021-05-15T10:03:00","guid":{"rendered":"https:\/\/neuzamariano.com\/?post_type=product&#038;p=49938"},"modified":"2026-03-19T17:06:31","modified_gmt":"2026-03-19T10:06:31","slug":"laneige-clear-c-peeling","status":"publish","type":"product","link":"https:\/\/neuzamariano.com\/loja\/laneige-clear-c-peeling\/","title":{"rendered":"Laneige Clear-C Peeling"},"content":{"rendered":"<blockquote>\n<p style=\"text-align: center\">Laneige Clear-C Peeling<\/p>\n<\/blockquote>\n<h4 style=\"text-align: justify\">Clear-C Peeling Mask<\/h4>\n<p style=\"text-align: justify\">M\u00e1scara <em>peeling<\/em> tipo wash-off com sementes de morango e mananas suaves que cuidam delicadamente das c\u00e9lulas mortas da pele para deixar a pele macia e h\u00famida.<\/p>\n<p style=\"text-align: justify\"><img fetchpriority=\"high\" decoding=\"async\" class=\"alignnone wp-image-49946 size-full\" src=\"https:\/\/neuzamariano.com\/wp-content\/uploads\/2021\/05\/Laneige-Clear-C-Peeling.png\" alt=\"Laneige Clear-C Peeling\" width=\"1186\" height=\"362\" title=\"\" srcset=\"https:\/\/neuzamariano.com\/loja\/wp-content\/uploads\/sites\/2\/2021\/05\/Laneige-Clear-C-Peeling.png 1186w, https:\/\/neuzamariano.com\/loja\/wp-content\/uploads\/sites\/2\/2021\/05\/Laneige-Clear-C-Peeling-670x205.png 670w, https:\/\/neuzamariano.com\/loja\/wp-content\/uploads\/sites\/2\/2021\/05\/Laneige-Clear-C-Peeling-300x92.png 300w, https:\/\/neuzamariano.com\/loja\/wp-content\/uploads\/sites\/2\/2021\/05\/Laneige-Clear-C-Peeling-768x234.png 768w, https:\/\/neuzamariano.com\/loja\/wp-content\/uploads\/sites\/2\/2021\/05\/Laneige-Clear-C-Peeling-1024x313.png 1024w\" sizes=\"(max-width: 1186px) 100vw, 1186px\" \/><\/p>\n<h3 style=\"text-align: justify\"><strong>SEGREDO 1.<\/strong><\/h3>\n<p style=\"text-align: justify\">Cuida da textura macia da pele com sementes de morango vis\u00edveis.<br \/>\nIngredientes como sementes de morango e pequenos gr\u00e2nulos de <em>konjac<\/em> fornecem um efeito de massagem e removem eficazmente as c\u00e9lulas mortas da pele ap\u00f3s lavar o rosto.<\/p>\n<h3 style=\"text-align: justify\"><strong>SEGREDO 2.<\/strong><\/h3>\n<p style=\"text-align: justify\">M\u00e1scara de <em>peeling<\/em> sem deixar a pele seca<br \/>\nDepois de lavar o rosto, massageia a pele e lave-a com \u00e1gua para tornar a textura da pele macia e hidratada instantaneamente.<\/p>\n<h3 style=\"text-align: justify\"><strong>SEGREDO 3.<\/strong><\/h3>\n<p style=\"text-align: justify\">M\u00e1scara <em>peeling<\/em> de \u00e1cido m\u00e1lico AHA.<br \/>\nO ingrediente de \u00e1cido m\u00e1lico derivado de plantas AHA torna a camada cornificada saud\u00e1vel e el\u00e1stica e remove as c\u00e9lulas mortas escamosas.<\/p>\n<h4 style=\"text-align: justify\">Como usar a m\u00e1scara de peeling Clear-C<\/h4>\n<p style=\"text-align: justify\">PASSO 1.<br \/>\nAp\u00f3s lavares o rosto, aplica a m\u00e1scara no rosto seco. Deixa atuar por 3 minutos.<\/p>\n<p style=\"text-align: justify\">Usa 2-3 vezes por semana.<\/p>\n<p style=\"text-align: justify\">PASSO 2.<br \/>\nAp\u00f3s a aplica\u00e7\u00e3o no rosto, massageia suavemente a pele, come\u00e7ando nas \u00e1reas com muitas c\u00e9lulas mortas da pele e trabalhando externamente na dire\u00e7\u00e3o da textura da pele.<\/p>\n<p style=\"text-align: justify\">ETAPA 3.<br \/>\nAp\u00f3s a massagem, remove o excesso de produto com um algod\u00e3o, <a href=\"https:\/\/neuzamariano.com\/loja-de-produtos-naturais\/esponja-konjac\/\">esponja konjac<\/a>, ou um pano limpo e lava com \u00e1gua.<\/p>\n<p style=\"text-align: justify\">Ingredient<br \/>\nAqua, Propanediol, Glycerin, Dipropylene Glycol, Glycereth-26, Sodium Polyacrylate, Kaolin, Mannan, Acerola Fruit Extract, Vaccinium myrtillus Fruit Extract, Euterpe oleracea Fruit Extract, Yeast Ferment Extract, Sugar Cane Extract, Sugar Maple Extract, Lemon Fruit Extract, Orange Fruit Extract, Strawberry Seed, Silica, Xanthan Gum, Lactobacillus\/Soybean Ferment Extract, Cocoa Extract, Dextrin, Ammonium Acryloyldimethyltaurate\/VP Copolymer, Sodium Carbomer, Ethylhexylglycerin, Sodium Magnesium Silicate, 1,2-Hexanediol, Glutathione, PEG-60 Hydrogenated Castor Oil, Disodium EDTA, Aromatics<\/p>\n<p style=\"text-align: justify\">Cont\u00e9m 15g<\/p>\n<h1 style=\"text-align: justify\">Clear C Advanced Effector_EX<\/h1>\n<p style=\"text-align: justify\">Ess\u00eancia que aumenta a anti oxida\u00e7\u00e3o, com extrato de superberry para uma tez brilhante e impec\u00e1vel.<\/p>\n<p style=\"text-align: justify\"><img decoding=\"async\" class=\"alignnone wp-image-49947 size-full\" src=\"https:\/\/neuzamariano.com\/wp-content\/uploads\/2021\/05\/Laneige-Clear-C-Peeling-1.png\" alt=\"Laneige Clear-C Peeling\" width=\"789\" height=\"290\" title=\"\" srcset=\"https:\/\/neuzamariano.com\/loja\/wp-content\/uploads\/sites\/2\/2021\/05\/Laneige-Clear-C-Peeling-1.png 789w, https:\/\/neuzamariano.com\/loja\/wp-content\/uploads\/sites\/2\/2021\/05\/Laneige-Clear-C-Peeling-1-670x246.png 670w, https:\/\/neuzamariano.com\/loja\/wp-content\/uploads\/sites\/2\/2021\/05\/Laneige-Clear-C-Peeling-1-300x110.png 300w, https:\/\/neuzamariano.com\/loja\/wp-content\/uploads\/sites\/2\/2021\/05\/Laneige-Clear-C-Peeling-1-768x282.png 768w\" sizes=\"(max-width: 789px) 100vw, 789px\" \/><\/p>\n<h3 style=\"text-align: justify\">SEGREDO 1.<\/h3>\n<p style=\"text-align: justify\">Efeito antioxidante do extrato de superberry rico em vitamina C. Extratos de superberry cerca de quatro vezes mais eficazes como antioxidantes do que a vitamina C, incluindo acerola e A\u00e7a\u00ed, criam uma pele impec\u00e1vel e brilhante.<\/p>\n<h3 style=\"text-align: justify\">SEGREDO 2.<\/h3>\n<p style=\"text-align: justify\">Booster tipo \u00e1gua de absor\u00e7\u00e3o r\u00e1pida.<br \/>\n\u00c9 um tipo de ess\u00eancia de \u00e1gua que \u00e9 rapidamente absorvido pela pele e a mant\u00e9m hidratada.<\/p>\n<p style=\"text-align: justify\">Cont\u00e9m 15 ml<\/p>\n<h1 style=\"text-align: justify\">Clear-C Peeling Serum<\/h1>\n<p style=\"text-align: justify\">Um s\u00e9rum que esfolia a pele para torn\u00e1-la lisa e macia. Com ingredientes naturais. Para uma pele radiante, macia e suave, rica em hidrata\u00e7\u00e3o.<\/p>\n<p style=\"text-align: justify\">1. O s\u00e9rum esfolia a pele para ficar lisa e macia, mais suave a cada dia.<\/p>\n<p style=\"text-align: justify\">&#8211; Cont\u00e9m ingredientes naturais AHA de frutas derivadas de a\u00e7\u00facar, cana-de-a\u00e7\u00facar, laranja, lim\u00e3o e mirtilo. Remover as c\u00e9lulas mortas da pele e fortalece com\u00a0 o condicionamento da queratina.<\/p>\n<p style=\"text-align: justify\">2. Combinado com ingredientes naturais que esfoliam suavemente a pele.<\/p>\n<p style=\"text-align: justify\">&#8211; Enriquecido com enzimas que ajudam a remover as c\u00e9lulas mortas da pele de maneira suave, mas eficiente.<br \/>\nPode ser usado todos os dias.<\/p>\n<p style=\"text-align: justify\">Cont\u00e9m 10 ml<\/p>\n<p style=\"text-align: justify\">Indicado para: peles sem brilho e para deixar tua pele macia e hidratada<\/p>\n<p style=\"text-align: justify\">O primeiro produto a ser aplicado \u00e9 a m\u00e1scara. Ap\u00f3s o uso da mesma, o rosto ter\u00e1 de ser lavado com \u00e1gua. Depois aplicas a ess\u00eancia e por fim a ess\u00eancia. De seguida aplicas o teu creme de hidrata\u00e7\u00e3o.<\/p>\n","protected":false},"excerpt":{"rendered":"<p>face cream<\/p>\n","protected":false},"featured_media":67138,"comment_status":"open","ping_status":"closed","template":"","meta":{"inline_featured_image":false},"products\/brands":[4649],"product_cat":[5115,8700,8767],"product_tag":[5038,3779,2339,3997,2386,3778,4441,4443,4454,3780,4437,4456],"class_list":{"0":"post-49938","1":"product","2":"type-product","3":"status-publish","4":"has-post-thumbnail","6":"product_brand-laneige","7":"product_cat-cuidados-de-pele","8":"product_cat-hidratacao-facial","9":"product_cat-tonicos-e-pads","10":"product_tag-armazem-krabi","11":"product_tag-clear-c-peeling","12":"product_tag-cosmetica-coreana","13":"product_tag-k-beauty","14":"product_tag-laneige","15":"product_tag-laneige-clear-c-peeling","16":"product_tag-manchas","17":"product_tag-mista-ou-oleosa","18":"product_tag-normal","19":"product_tag-peeling","20":"product_tag-poros-dilatados","21":"product_tag-skin-care-sets","22":"product_shipping_class-armazem-tailandia","24":"first","25":"instock","26":"taxable","27":"shipping-taxable","28":"purchasable","29":"product-type-simple"},"_links":{"self":[{"href":"https:\/\/neuzamariano.com\/loja\/wp-json\/wp\/v2\/product\/49938","targetHints":{"allow":["GET"]}}],"collection":[{"href":"https:\/\/neuzamariano.com\/loja\/wp-json\/wp\/v2\/product"}],"about":[{"href":"https:\/\/neuzamariano.com\/loja\/wp-json\/wp\/v2\/types\/product"}],"replies":[{"embeddable":true,"href":"https:\/\/neuzamariano.com\/loja\/wp-json\/wp\/v2\/comments?post=49938"}],"wp:featuredmedia":[{"embeddable":true,"href":"https:\/\/neuzamariano.com\/loja\/wp-json\/wp\/v2\/media\/67138"}],"wp:attachment":[{"href":"https:\/\/neuzamariano.com\/loja\/wp-json\/wp\/v2\/media?parent=49938"}],"wp:term":[{"taxonomy":"product_brand","embeddable":true,"href":"https:\/\/neuzamariano.com\/loja\/wp-json\/wp\/v2\/products\/brands?post=49938"},{"taxonomy":"product_cat","embeddable":true,"href":"https:\/\/neuzamariano.com\/loja\/wp-json\/wp\/v2\/product_cat?post=49938"},{"taxonomy":"product_tag","embeddable":true,"href":"https:\/\/neuzamariano.com\/loja\/wp-json\/wp\/v2\/product_tag?post=49938"}],"curies":[{"name":"wp","href":"https:\/\/api.w.org\/{rel}","templated":true}]}}