{"id":49631,"date":"2021-05-10T15:44:04","date_gmt":"2021-05-10T08:44:04","guid":{"rendered":"https:\/\/neuzamariano.com\/?post_type=product&#038;p=49631"},"modified":"2026-03-19T17:07:58","modified_gmt":"2026-03-19T10:07:58","slug":"lama-de-beringela-e-centella-asiatica","status":"publish","type":"product","link":"https:\/\/neuzamariano.com\/loja\/lama-de-beringela-e-centella-asiatica\/","title":{"rendered":"Lama de Beringela e Centella Asi\u00e1tica"},"content":{"rendered":"<h2 style=\"text-align: center;\"><\/h2>\n<ul>\n<li style=\"text-align: justify;\">Reduz a apar\u00eancia de poros dilatados<\/li>\n<li style=\"text-align: justify;\">Trata manchas<\/li>\n<li style=\"text-align: justify;\">Trata acne<\/li>\n<li style=\"text-align: justify;\">Controla a produ\u00e7\u00e3o de oleosidade<\/li>\n<li style=\"text-align: justify;\">Reduz linhas de express\u00e3o<\/li>\n<li>Anti idade<\/li>\n<li>Cont\u00e9m antioxidantes<\/li>\n<li>Acalma a pele<\/li>\n<li style=\"text-align: justify;\">Limpa a pele<\/li>\n<li style=\"text-align: justify;\">Faz uma esfolia\u00e7\u00e3o suave \u00e0 pele<\/li>\n<li style=\"text-align: justify;\">Indicado para todos os tipos de pele<\/li>\n<li>Melhora o estado geral da pele<\/li>\n<\/ul>\n<p><strong>Como usar<\/strong><br \/>\nA caixa cont\u00e9m 10 saquetas, cada saqueta d\u00e1 para uma utiliza\u00e7\u00e3o.<\/p>\n<ol>\n<li>Tem o rosto bem limpo<\/li>\n<li>Aplica uma saqueta pelo teu rosto<\/li>\n<li>Deixa atuar durante 5 a 10m<\/li>\n<li>Depois do produto atuar, molha as pontas dos dedos<\/li>\n<li>Passa os dedos pelo rosto em movimentos circulares e dissolve a lama no teu rosto<\/li>\n<li>Remove com \u00e1gua<\/li>\n<\/ol>\n<p>\u00a0<\/p>\n<p style=\"text-align: justify;\">Cont\u00e9m 10 saquetas, cada uma com 7g<\/p>\n<p style=\"text-align: justify;\">Produto da Coreia do Sul<\/p>\n","protected":false},"excerpt":{"rendered":"<p>face cream<\/p>\n","protected":false},"featured_media":70893,"comment_status":"open","ping_status":"closed","template":"","meta":{"inline_featured_image":false},"products\/brands":[],"product_cat":[5115,8706,8741],"product_tag":[4989,5038,4430,22519,2339,3997,3766,4441,4443,4454,4437,2020,4448],"class_list":{"0":"post-49631","1":"product","2":"type-product","3":"status-publish","4":"has-post-thumbnail","6":"product_cat-cuidados-de-pele","7":"product_cat-mascaras-faciais","8":"product_cat-mascaras-lavaveis","9":"product_tag-anti-idade","10":"product_tag-armazem-krabi","11":"product_tag-borbulhas-e-pontos-negros","12":"product_tag-compra-1-leva-1","13":"product_tag-cosmetica-coreana","14":"product_tag-k-beauty","15":"product_tag-lama-de-beringela-e-centella-asiatica","16":"product_tag-manchas","17":"product_tag-mista-ou-oleosa","18":"product_tag-normal","19":"product_tag-poros-dilatados","20":"product_tag-produtos-da-tailandia","21":"product_tag-produtos-para-rosto","22":"product_shipping_class-armazem-tailandia","24":"first","25":"instock","26":"taxable","27":"shipping-taxable","28":"purchasable","29":"product-type-simple"},"_links":{"self":[{"href":"https:\/\/neuzamariano.com\/loja\/wp-json\/wp\/v2\/product\/49631","targetHints":{"allow":["GET"]}}],"collection":[{"href":"https:\/\/neuzamariano.com\/loja\/wp-json\/wp\/v2\/product"}],"about":[{"href":"https:\/\/neuzamariano.com\/loja\/wp-json\/wp\/v2\/types\/product"}],"replies":[{"embeddable":true,"href":"https:\/\/neuzamariano.com\/loja\/wp-json\/wp\/v2\/comments?post=49631"}],"wp:featuredmedia":[{"embeddable":true,"href":"https:\/\/neuzamariano.com\/loja\/wp-json\/wp\/v2\/media\/70893"}],"wp:attachment":[{"href":"https:\/\/neuzamariano.com\/loja\/wp-json\/wp\/v2\/media?parent=49631"}],"wp:term":[{"taxonomy":"product_brand","embeddable":true,"href":"https:\/\/neuzamariano.com\/loja\/wp-json\/wp\/v2\/products\/brands?post=49631"},{"taxonomy":"product_cat","embeddable":true,"href":"https:\/\/neuzamariano.com\/loja\/wp-json\/wp\/v2\/product_cat?post=49631"},{"taxonomy":"product_tag","embeddable":true,"href":"https:\/\/neuzamariano.com\/loja\/wp-json\/wp\/v2\/product_tag?post=49631"}],"curies":[{"name":"wp","href":"https:\/\/api.w.org\/{rel}","templated":true}]}}