{"id":49069,"date":"2021-04-21T16:20:00","date_gmt":"2021-04-21T09:20:00","guid":{"rendered":"https:\/\/neuzamariano.com\/?post_type=product&#038;p=49069"},"modified":"2026-03-19T17:12:14","modified_gmt":"2026-03-19T10:12:14","slug":"sheet-mask-para-o-pescoco","status":"publish","type":"product","link":"https:\/\/neuzamariano.com\/loja\/sheet-mask-para-o-pescoco\/","title":{"rendered":"Sheet Mask para o Pesco\u00e7o \u231b"},"content":{"rendered":"<p>O pesco\u00e7o requer os seus cuidados, com o passar do tempo esta regi\u00e3o come\u00e7a a ficar mais fl\u00e1cida e ganha rugas. Assim sendo, \u00e9 fundamental que os cuidados com o pesco\u00e7o comecem desde cedo. Este produto tem uma f\u00f3rmula muito intensa e eficaz. E n\u00e3o dispensa a utiliza\u00e7\u00e3o di\u00e1ria de creme.<\/p>\n<p>\u231b Hidrata a pele<\/p>\n<p>\u231b Combate sinais de envelhecimento<\/p>\n<p>\u231b Reduz a apar\u00eancia das rugas e linhas de express\u00e3o<\/p>\n<p><strong>Como usar:<\/strong><\/p>\n<ol>\n<li>Limpa bem o teu pesco\u00e7o<\/li>\n<li>Aplica a Sheet Mask para o Pesco\u00e7o<\/li>\n<li>Deixa atuar entre 10m a 20m<\/li>\n<li>Remove a m\u00e1scara<\/li>\n<li>Aplica um creme hidratante<\/li>\n<\/ol>\n<p>\u00a0<\/p>\n<p>Indicado para todos os tipos de pele<\/p>\n<p>Pode ser usado todos os dias<\/p>\n<p>Tem extrato de baba de caracol<\/p>\n","protected":false},"excerpt":{"rendered":"<p>face cream<\/p>\n","protected":false},"featured_media":73078,"comment_status":"open","ping_status":"closed","template":"","meta":{"inline_featured_image":false},"products\/brands":[],"product_cat":[5115,8739,8706],"product_tag":[5038,17371,22519,4703,5786,4037,4448,3741,4455],"class_list":{"0":"post-49069","1":"product","2":"type-product","3":"status-publish","4":"has-post-thumbnail","6":"product_cat-cuidados-de-pele","7":"product_cat-mascaras-de-folha","8":"product_cat-mascaras-faciais","9":"product_tag-armazem-krabi","10":"product_tag-black-friday","11":"product_tag-compra-1-leva-1","12":"product_tag-menos-15-euros","13":"product_tag-leva-3-paga-2","14":"product_tag-menos-10e","15":"product_tag-produtos-para-rosto","16":"product_tag-sheet-mask-para-o-pescoco","17":"product_tag-sheet-masks","18":"product_shipping_class-armazem-tailandia","20":"first","21":"instock","22":"taxable","23":"shipping-taxable","24":"purchasable","25":"product-type-simple"},"_links":{"self":[{"href":"https:\/\/neuzamariano.com\/loja\/wp-json\/wp\/v2\/product\/49069","targetHints":{"allow":["GET"]}}],"collection":[{"href":"https:\/\/neuzamariano.com\/loja\/wp-json\/wp\/v2\/product"}],"about":[{"href":"https:\/\/neuzamariano.com\/loja\/wp-json\/wp\/v2\/types\/product"}],"replies":[{"embeddable":true,"href":"https:\/\/neuzamariano.com\/loja\/wp-json\/wp\/v2\/comments?post=49069"}],"wp:featuredmedia":[{"embeddable":true,"href":"https:\/\/neuzamariano.com\/loja\/wp-json\/wp\/v2\/media\/73078"}],"wp:attachment":[{"href":"https:\/\/neuzamariano.com\/loja\/wp-json\/wp\/v2\/media?parent=49069"}],"wp:term":[{"taxonomy":"product_brand","embeddable":true,"href":"https:\/\/neuzamariano.com\/loja\/wp-json\/wp\/v2\/products\/brands?post=49069"},{"taxonomy":"product_cat","embeddable":true,"href":"https:\/\/neuzamariano.com\/loja\/wp-json\/wp\/v2\/product_cat?post=49069"},{"taxonomy":"product_tag","embeddable":true,"href":"https:\/\/neuzamariano.com\/loja\/wp-json\/wp\/v2\/product_tag?post=49069"}],"curies":[{"name":"wp","href":"https:\/\/api.w.org\/{rel}","templated":true}]}}