{"id":48945,"date":"2021-04-17T15:08:00","date_gmt":"2021-04-17T08:08:00","guid":{"rendered":"https:\/\/neuzamariano.com\/?post_type=product&#038;p=48945"},"modified":"2026-03-19T17:13:42","modified_gmt":"2026-03-19T10:13:42","slug":"essencia-facial-de-cha-verde","status":"publish","type":"product","link":"https:\/\/neuzamariano.com\/loja\/essencia-facial-de-cha-verde\/","title":{"rendered":"Ess\u00eancia Facial de Ch\u00e1 Verde \ud83d\uddfb"},"content":{"rendered":"<p style=\"text-align: justify\">As ess\u00eancias s\u00e3o produtos que fazem parte da <em>Skincare<\/em> Coreana, sendo o 5\u00ba passo da mesma. Geralmente v\u00eam em embalagens mais pequenas, comparativamente aos s\u00e9runs. Isto porque s\u00e3o muito concentradas.<\/p>\n<p style=\"text-align: justify\">Uma ess\u00eancia de cuidado da pele que cont\u00e9m subst\u00e2ncias valiosas de sementes de ch\u00e1 verde de excelente qualidade. <strong>O ch\u00e1 verde \u00e9 org\u00e2nico e cultivado na Ilha de Jeju<\/strong>.<\/p>\n<p style=\"text-align: justify\">O ch\u00e1 verde \u00e9 um ingrediente deveras especial e muito diferenciado de outros tipos de ch\u00e1. Este ch\u00e1 \u00e9 proveniente de uma planta que se chama Camellia sinensi. Esta mesma planta tamb\u00e9m \u00e9 a mesma que d\u00e1 origem ao ch\u00e1 preto e ao ch\u00e1 branco. Por\u00e9m, o processo de produ\u00e7\u00e3o \u00e9 diferenciado. No que diz respeito ao ch\u00e1 verde na altura de produ\u00e7\u00e3o, as suas folhas s\u00e3o colocadas a receber vapor. Ap\u00f3s esse processo s\u00e3o secas, o que atribui caracter\u00edsticas impares a este ch\u00e1. Este m\u00e9todo\u00a0<strong>previne a oxida\u00e7\u00e3o<\/strong>\u00a0dos ingredientes e tamb\u00e9m preserva os nutrientes da planta.<\/p>\n<p style=\"text-align: justify\">Originariamente era produzido na China, onde o seu consumo \u00e9 alt\u00edssimo. Todavia, hoje \u00e9 produzido em todo o muito e muito apreciado pelas suas caracter\u00edsticas \u00fanicas, tanto na sa\u00fade como na beleza. Por ser um ch\u00e1 t\u00e3o especial \u00e9 usado de variad\u00edssimas formas. No que se prende \u00e0 cosm\u00e9tica Asi\u00e1tica, o ch\u00e1 verde \u00e9 um dos ingredientes mais usados por excel\u00eancia. Neste artigo vamos dar-te algumas dicas de como podes usar o ch\u00e1 verde, tanto para obteres benef\u00edcios na sa\u00fade como na pele.<\/p>\n<ul style=\"text-align: justify\">\n<li>Hidrata profundamente a pele<\/li>\n<li>Combate radicais livres<\/li>\n<li>Trata e previne a Acne<\/li>\n<li>Diminui apar\u00eancia dos poros<\/li>\n<li>Retarda o Envelhecimento da Pele<\/li>\n<li>Reduz as olheiras<\/li>\n<li>Atribui mais elasticidade \u00e0 pele<\/li>\n<\/ul>\n<p style=\"text-align: justify\">Cont\u00e9m 15 ml<\/p>\n<p>Indicado para todos os tipos de pele<\/p>\n<p>Pode ser usado na rotina de cuidados de pele da manh\u00e3 e da noite. \u00c9 para ser aplicado antes do creme hidratante.<\/p>\n<p>Existe tamb\u00e9m o <a href=\"https:\/\/neuzamariano.com\/loja-de-produtos-naturais\/hidratante-facial-de-cha-verde\/\">Hidratante Facial de Ch\u00e1 Verde<\/a>.<\/p>\n<p>&nbsp;<\/p>\n","protected":false},"excerpt":{"rendered":"<p>herbal tea<\/p>\n","protected":false},"featured_media":66410,"comment_status":"open","ping_status":"closed","template":"","meta":{"inline_featured_image":false},"products\/brands":[4680],"product_cat":[5115,8703,8700],"product_tag":[5038,17371,4430,22519,2092,3731,3960,5786,4443,4454,4445,4448,3961,4464,4449],"class_list":{"0":"post-48945","1":"product","2":"type-product","3":"status-publish","4":"has-post-thumbnail","6":"product_brand-horec","7":"product_cat-cuidados-de-pele","8":"product_cat-essencias-soros-e-ampolas","9":"product_cat-hidratacao-facial","10":"product_tag-armazem-krabi","11":"product_tag-black-friday","12":"product_tag-borbulhas-e-pontos-negros","13":"product_tag-compra-1-leva-1","14":"product_tag-cosmetica-asiatica","15":"product_tag-essencia-facial-de-cha-verde","16":"product_tag-japao","17":"product_tag-leva-3-paga-2","18":"product_tag-mista-ou-oleosa","19":"product_tag-normal","20":"product_tag-pele-sensivel-e-reativa","21":"product_tag-produtos-para-rosto","22":"product_tag-seruns-e-essencias","23":"product_tag-tonicos","24":"product_tag-essencias-e-seruns","25":"product_shipping_class-armazem-tailandia","27":"first","28":"instock","29":"taxable","30":"shipping-taxable","31":"purchasable","32":"product-type-simple"},"_links":{"self":[{"href":"https:\/\/neuzamariano.com\/loja\/wp-json\/wp\/v2\/product\/48945","targetHints":{"allow":["GET"]}}],"collection":[{"href":"https:\/\/neuzamariano.com\/loja\/wp-json\/wp\/v2\/product"}],"about":[{"href":"https:\/\/neuzamariano.com\/loja\/wp-json\/wp\/v2\/types\/product"}],"replies":[{"embeddable":true,"href":"https:\/\/neuzamariano.com\/loja\/wp-json\/wp\/v2\/comments?post=48945"}],"wp:featuredmedia":[{"embeddable":true,"href":"https:\/\/neuzamariano.com\/loja\/wp-json\/wp\/v2\/media\/66410"}],"wp:attachment":[{"href":"https:\/\/neuzamariano.com\/loja\/wp-json\/wp\/v2\/media?parent=48945"}],"wp:term":[{"taxonomy":"product_brand","embeddable":true,"href":"https:\/\/neuzamariano.com\/loja\/wp-json\/wp\/v2\/products\/brands?post=48945"},{"taxonomy":"product_cat","embeddable":true,"href":"https:\/\/neuzamariano.com\/loja\/wp-json\/wp\/v2\/product_cat?post=48945"},{"taxonomy":"product_tag","embeddable":true,"href":"https:\/\/neuzamariano.com\/loja\/wp-json\/wp\/v2\/product_tag?post=48945"}],"curies":[{"name":"wp","href":"https:\/\/api.w.org\/{rel}","templated":true}]}}