{"id":47282,"date":"2021-03-12T13:08:00","date_gmt":"2021-03-12T06:08:00","guid":{"rendered":"https:\/\/neuzamariano.com\/?post_type=product&#038;p=47282"},"modified":"2026-03-19T17:18:24","modified_gmt":"2026-03-19T10:18:24","slug":"hada-labo-face-wash","status":"publish","type":"product","link":"https:\/\/neuzamariano.com\/loja\/hada-labo-face-wash\/","title":{"rendered":"Hada Labo Face Wash"},"content":{"rendered":"<p style=\"text-align: justify\">Combina propriedades de limpeza naturais com o ingrediente hidratante intensivo de <strong>\u00c1cido Hialur\u00f4nico<\/strong> para limpar profundamente a pele sem ressecar e ajuda a prevenir manchas para revelar uma tez radiante e lisa.<\/p>\n<p style=\"text-align: justify\">\u2022 Equil\u00edbrio do pH da pele.<\/p>\n<p style=\"text-align: justify\">\u2022 Irrita\u00e7\u00e3o baixa.<\/p>\n<p style=\"text-align: justify\">\u2022 Livre de fragr\u00e2ncias, \u00f3leo mineral, \u00e1lcool e corante.<\/p>\n<p>\u00a0<\/p>\n<p style=\"text-align: justify\">\ud83c\udf47 <strong>Vers\u00e3o Uva<\/strong><\/p>\n<p style=\"text-align: justify\">Limpeza suave e uma pele mais radiante Com extrato de uva vermelha. Toque suave e macio Com extrato de semente de sesamo.\u00a0 Reabastece e hidrata completamente a pele com \u00c1cido Hialur\u00f4nico F\u00f3rmula suave sem \u00e1lcool, \u00f3leo mineral, perfume e cor. Hidrata a pele, evitando que a mesma perca a hidrata\u00e7\u00e3o. A pele mant\u00e9m-se hidratada e luminosa, mesmo ap\u00f3s a lavagem.<\/p>\n<p style=\"text-align: justify\">\ud83e\udd5b <strong>Vers\u00e3o Argila da Amaz\u00f3nia<\/strong><\/p>\n<p style=\"text-align: justify\">Limpa completamente e hidrata intensamente com \u00c1cido Hialur\u00f4nico, Argila Branca da Amaz\u00f3nia e \u00c1cido Salic\u00edlico natural. Ajuda no controle de manchas.\u00a0 O extrato de Amor-perfeito Selvagem, para uma pele clara que brilha com sa\u00fade.<\/p>\n<p style=\"text-align: justify\"><strong>Argila branca da Amaz\u00f3nia<\/strong><\/p>\n<p style=\"text-align: justify\">Ajuda a fazer uma limpeza gentil na pele, limpa bem a pele, equilibra a produ\u00e7\u00e3o de oleosidade, e ajuda a cuidar das manchas e pigmenta\u00e7\u00e3o.<\/p>\n<p style=\"text-align: justify\"><strong>Ambas as vers\u00f5es t\u00eam \u00c1cido hialur\u00f4nico<\/strong><\/p>\n<p style=\"text-align: justify\">Hidrata a pele, evitando que a mesma perca a hidrata\u00e7\u00e3o. A pele mant\u00e9m-se hidratada e luminosa, mesmo ap\u00f3s a lavagem.<\/p>\n<p style=\"text-align: justify\">N\u00e3o causa irrita\u00e7\u00e3o, n\u00e3o tem \u00e1lcool, n\u00e3o tem fragr\u00e2ncias, n\u00e3o tem corantes nem \u00f3leos minerais.<\/p>\n<p><img fetchpriority=\"high\" decoding=\"async\" class=\"alignnone wp-image-47283 size-full\" src=\"https:\/\/neuzamariano.com\/wp-content\/uploads\/2021\/03\/Hada-Labo-Argila-Branca-da-Amazonia-1.jpg\" alt=\"Hada Labo Argila Branca da Amaz\u00f3nia\" width=\"750\" height=\"2091\" title=\"\" srcset=\"https:\/\/neuzamariano.com\/loja\/wp-content\/uploads\/sites\/2\/2021\/03\/Hada-Labo-Argila-Branca-da-Amazonia-1.jpg 750w, https:\/\/neuzamariano.com\/loja\/wp-content\/uploads\/sites\/2\/2021\/03\/Hada-Labo-Argila-Branca-da-Amazonia-1-670x1868.jpg 670w, https:\/\/neuzamariano.com\/loja\/wp-content\/uploads\/sites\/2\/2021\/03\/Hada-Labo-Argila-Branca-da-Amazonia-1-108x300.jpg 108w, https:\/\/neuzamariano.com\/loja\/wp-content\/uploads\/sites\/2\/2021\/03\/Hada-Labo-Argila-Branca-da-Amazonia-1-367x1024.jpg 367w, https:\/\/neuzamariano.com\/loja\/wp-content\/uploads\/sites\/2\/2021\/03\/Hada-Labo-Argila-Branca-da-Amazonia-1-551x1536.jpg 551w, https:\/\/neuzamariano.com\/loja\/wp-content\/uploads\/sites\/2\/2021\/03\/Hada-Labo-Argila-Branca-da-Amazonia-1-735x2048.jpg 735w\" sizes=\"(max-width: 750px) 100vw, 750px\" \/><\/p>\n<p style=\"text-align: justify\">Ingredientes:<\/p>\n<p style=\"text-align: justify\">\u00c1gua, \u00e1cido l\u00e1urico, glicerina, \u00e1cido este\u00e1rico, cocamidopropil beta\u00edna \/ \u00e1gua, hidr\u00f3xido de pot\u00e1ssio, butilenoglicol, \u00e1cido palm\u00edtico, acrilatos copol\u00edmero \/ \u00e1gua, glicol diestearato, poliquaternium-7, sulfato de s\u00f3dio, cocamida DEA, pot\u00e1ssio cocoil glicinato \/ \u00e1gua \u00c1cido \/ Disteardim\u00f4nio Hectorita, EDTA diss\u00f3dico, Metilisotiazolinona \/ Idopropinil Butilcarbamato \/ \u00c1gua, Glicerina \/ \u00c1gua \/ Extrato Tricolor de Viola, Hialuronato de S\u00f3dio.<\/p>\n<p style=\"text-align: justify\">Quantidade: 50g.<\/p>\n","protected":false},"excerpt":{"rendered":"<p>face cream<\/p>\n","protected":false},"featured_media":70898,"comment_status":"open","ping_status":"closed","template":"","meta":{"inline_featured_image":false},"products\/brands":[4661],"product_cat":[5115,8735,8705],"product_tag":[5038,22519,2525,3327,3763,3326,4739,3328,3960,4443,4454,4437,4448],"class_list":{"0":"post-47282","1":"product","2":"type-product","3":"status-publish","4":"has-post-thumbnail","6":"product_brand-hada-labo","7":"product_cat-cuidados-de-pele","8":"product_cat-espuma-gel-limpeza","9":"product_cat-limpeza","10":"product_tag-armazem-krabi","11":"product_tag-compra-1-leva-1","12":"product_tag-cosmetica-japonesa","13":"product_tag-hada-labo","14":"product_tag-hada-labo-gel-de-limpeza-de-rosto","15":"product_tag-hada-labo-argila-branca-da-amazonia","16":"product_tag-hada-labo-face-wash","17":"product_tag-hada-labo-portugal","18":"product_tag-japao","19":"product_tag-mista-ou-oleosa","20":"product_tag-normal","21":"product_tag-poros-dilatados","22":"product_tag-produtos-para-rosto","23":"product_shipping_class-armazem-tailandia","25":"first","26":"instock","27":"taxable","28":"shipping-taxable","29":"purchasable","30":"product-type-variable"},"_links":{"self":[{"href":"https:\/\/neuzamariano.com\/loja\/wp-json\/wp\/v2\/product\/47282","targetHints":{"allow":["GET"]}}],"collection":[{"href":"https:\/\/neuzamariano.com\/loja\/wp-json\/wp\/v2\/product"}],"about":[{"href":"https:\/\/neuzamariano.com\/loja\/wp-json\/wp\/v2\/types\/product"}],"replies":[{"embeddable":true,"href":"https:\/\/neuzamariano.com\/loja\/wp-json\/wp\/v2\/comments?post=47282"}],"wp:featuredmedia":[{"embeddable":true,"href":"https:\/\/neuzamariano.com\/loja\/wp-json\/wp\/v2\/media\/70898"}],"wp:attachment":[{"href":"https:\/\/neuzamariano.com\/loja\/wp-json\/wp\/v2\/media?parent=47282"}],"wp:term":[{"taxonomy":"product_brand","embeddable":true,"href":"https:\/\/neuzamariano.com\/loja\/wp-json\/wp\/v2\/products\/brands?post=47282"},{"taxonomy":"product_cat","embeddable":true,"href":"https:\/\/neuzamariano.com\/loja\/wp-json\/wp\/v2\/product_cat?post=47282"},{"taxonomy":"product_tag","embeddable":true,"href":"https:\/\/neuzamariano.com\/loja\/wp-json\/wp\/v2\/product_tag?post=47282"}],"curies":[{"name":"wp","href":"https:\/\/api.w.org\/{rel}","templated":true}]}}