{"id":41458,"date":"2020-05-30T11:53:00","date_gmt":"2020-05-30T04:53:00","guid":{"rendered":"https:\/\/neuzamariano.com\/?post_type=product&#038;p=41458"},"modified":"2026-03-19T17:28:57","modified_gmt":"2026-03-19T10:28:57","slug":"biore-pore-pack-black-charcoal","status":"publish","type":"product","link":"https:\/\/neuzamariano.com\/loja\/biore-pore-pack-black-charcoal\/","title":{"rendered":"Biore Pore Pack Black Charcoal"},"content":{"rendered":"<p style=\"text-align: justify\">Estas tiras para os pontos negros v\u00eam numa caixa com <strong>10 unidades<\/strong>. Podes usar em qualquer parte do rosto.<\/p>\n<ul style=\"text-align: justify\">\n<li>Remove pontos negros<\/li>\n<li>Limpeza profunda dos poros<\/li>\n<li>Remove as impurezas que obstruem os poros do nariz de forma eficaz<\/li>\n<li>Suave na pele<\/li>\n<li>Ajuda a apertar os poros<\/li>\n<li>Adequado a todos os tipos de pele<\/li>\n<li>Aconselh\u00e1vel usar uma a duas vezes por semana<\/li>\n<li>Funcionam como um \u00edman de pontos negros<\/li>\n<li>Infundidas com carv\u00e3o natural, essas inovadoras tiras de poros retiram o excesso de \u00f3leo para uma limpeza mais profunda<\/li>\n<li>Remover\u00e1 o acumulo de semanas e ver\u00e1 3x menos \u00f3leo na pele<\/li>\n<li>Com carv\u00e3o natural, conhecido por sua capacidade de extrair e reter impurezas profundas<\/li>\n<\/ul>\n<p><img fetchpriority=\"high\" decoding=\"async\" class=\"alignnone wp-image-41509 size-full\" src=\"https:\/\/neuzamariano.com\/wp-content\/uploads\/2020\/05\/Limpeza-Profunda-dos-Poros-Tiras-Para-Pontos-Negros-2.jpeg\" alt=\"Limpeza Profunda dos Poros\" width=\"1200\" height=\"592\" title=\"\"><\/p>\n<h5 style=\"text-align: justify\">Como usar:<\/h5>\n<ol>\n<li style=\"text-align: justify\">Molha a zona onde pretendes colocar a tira<\/li>\n<li style=\"text-align: justify\">Retira a pel\u00edcula protectora da tira<\/li>\n<li style=\"text-align: justify\">Aplica a tira na zona<\/li>\n<li style=\"text-align: justify\">Certifica-te que a tira est\u00e1 bem colada \u00e0 zona<\/li>\n<li style=\"text-align: justify\">Aguarda que a tira seque por completo, e podes remover.<\/li>\n<\/ol>\n","protected":false},"excerpt":{"rendered":"<p>face cream<\/p>\n","protected":false},"featured_media":70229,"comment_status":"open","ping_status":"closed","template":"","meta":{"inline_featured_image":false},"products\/brands":[4663],"product_cat":[5115,8706,8741,8770],"product_tag":[5038,4843,17371,4430,22519,4703,5786,4037,4443,4437,4448],"class_list":{"0":"post-41458","1":"product","2":"type-product","3":"status-publish","4":"has-post-thumbnail","6":"product_brand-baby-bright","7":"product_cat-cuidados-de-pele","8":"product_cat-mascaras-faciais","9":"product_cat-mascaras-lavaveis","10":"product_cat-patches-nariz","11":"product_tag-armazem-krabi","12":"product_tag-biore-pore-pack-black-charcoal","13":"product_tag-black-friday","14":"product_tag-borbulhas-e-pontos-negros","15":"product_tag-compra-1-leva-1","16":"product_tag-menos-15-euros","17":"product_tag-leva-3-paga-2","18":"product_tag-menos-10e","19":"product_tag-mista-ou-oleosa","20":"product_tag-poros-dilatados","21":"product_tag-produtos-para-rosto","22":"product_shipping_class-armazem-tailandia","24":"first","25":"instock","26":"taxable","27":"shipping-taxable","28":"purchasable","29":"product-type-simple"},"_links":{"self":[{"href":"https:\/\/neuzamariano.com\/loja\/wp-json\/wp\/v2\/product\/41458","targetHints":{"allow":["GET"]}}],"collection":[{"href":"https:\/\/neuzamariano.com\/loja\/wp-json\/wp\/v2\/product"}],"about":[{"href":"https:\/\/neuzamariano.com\/loja\/wp-json\/wp\/v2\/types\/product"}],"replies":[{"embeddable":true,"href":"https:\/\/neuzamariano.com\/loja\/wp-json\/wp\/v2\/comments?post=41458"}],"wp:featuredmedia":[{"embeddable":true,"href":"https:\/\/neuzamariano.com\/loja\/wp-json\/wp\/v2\/media\/70229"}],"wp:attachment":[{"href":"https:\/\/neuzamariano.com\/loja\/wp-json\/wp\/v2\/media?parent=41458"}],"wp:term":[{"taxonomy":"product_brand","embeddable":true,"href":"https:\/\/neuzamariano.com\/loja\/wp-json\/wp\/v2\/products\/brands?post=41458"},{"taxonomy":"product_cat","embeddable":true,"href":"https:\/\/neuzamariano.com\/loja\/wp-json\/wp\/v2\/product_cat?post=41458"},{"taxonomy":"product_tag","embeddable":true,"href":"https:\/\/neuzamariano.com\/loja\/wp-json\/wp\/v2\/product_tag?post=41458"}],"curies":[{"name":"wp","href":"https:\/\/api.w.org\/{rel}","templated":true}]}}