{"id":41187,"date":"2020-05-23T13:33:00","date_gmt":"2020-05-23T06:33:00","guid":{"rendered":"https:\/\/neuzamariano.com\/?post_type=product&#038;p=41187"},"modified":"2026-03-21T16:07:11","modified_gmt":"2026-03-21T09:07:11","slug":"mascara-facial-de-seda","status":"publish","type":"product","link":"https:\/\/neuzamariano.com\/loja\/mascara-facial-de-seda\/","title":{"rendered":"M\u00e1scara Facial de Seda &#8211; Pele Hidratada"},"content":{"rendered":"<p style=\"text-align: justify\">Os benef\u00edcios da M\u00e1scara Facial de Seda s\u00e3o:<\/p>\n<ol style=\"text-align: justify\">\n<li>Clareamento da pele<\/li>\n<li>Nutri\u00e7\u00e3o da pele<\/li>\n<li>Ret\u00e9m humidade da pele<\/li>\n<li>Elimina sinais de acne<\/li>\n<li>Torna a pele macia<\/li>\n<li>Anti envelhecimento<\/li>\n<\/ol>\n<p style=\"text-align: justify\">Ingredientes: Aloe vera, espinheiro mar, \u00c1cido hialur\u00f4nico. Clareia o tom da pele e aumenta a hidrata\u00e7\u00e3o. Melhora a qualidade da pele, reduz a secura, torna a pele hidratada e brilhante! A prote\u00edna de seda promove um rejuvenescimento nutritivo da pele.<\/p>\n<p style=\"text-align: justify\">Para tirares todo o partido da tua m\u00e1scara facial de seda l\u00ea este <a href=\"https:\/\/neuzamariano.com\/2019\/12\/mascaras-de-tecido-para-o-rosto-sabe-tudo-sobre.html\" target=\"_blank\" rel=\"noopener noreferrer\">artigo<\/a>.<\/p>\n<div class=\"woocommerce-tabs wc-tabs-wrapper\">\n<div id=\"tab-description\" class=\"woocommerce-Tabs-panel woocommerce-Tabs-panel--description panel entry-content wc-tab\" role=\"tabpanel\" aria-labelledby=\"tab-title-description\">\n<h5 style=\"text-align: justify\">O que s\u00e3o m\u00e1scaras de tecido para o rosto?<\/h5>\n<p style=\"text-align: justify\">Como falamos supra, s\u00e3o provenientes da Coreia, este pais \u00e9 o primeiro a trazer novidades para uma pele perfeita! Estas m\u00e1scaras s\u00e3o mesmo isso, m\u00e1scaras de pano embebidas em s\u00e9rum ou f\u00f3rmulas espec\u00edficas. Muitas delas s\u00e3o de tecido, outras de carv\u00e3o activado, hidrogel ou algod\u00e3o.<\/p>\n<h5 style=\"text-align: justify\">Posso usar estas m\u00e1scaras todos os dias?<\/h5>\n<p style=\"text-align: justify\">Depende do teu tipo de pele e das tuas necessidades. Mas numa primeira an\u00e1lise diria que n\u00e3o! Evidentemente que n\u00e3o invalida que as uses dias seguidos caso tenhas uma necessidade muito especifica, e limitada no tempo. Por exemplo, est\u00e1s com a pele mais seca por estares mais exposta ao frio. N\u00e3o h\u00e1 problema em fazeres estas m\u00e1scaras todos os dias, mas deve ser algo pontual e espa\u00e7ado.<\/p>\n<h5 style=\"text-align: justify\">Posso reutilizar as m\u00e1scaras de pano?<\/h5>\n<p style=\"text-align: justify\">Depende, as que conhe\u00e7o melhor s\u00e3o as Coreanas, Japonesas e as Tailandesas. E pela minha experi\u00eancia as da Tail\u00e2ndia t\u00eam imenso produto dentro da embalagem. Por isso, quando estou a usar a m\u00e1scara pela primeira vez, removo a m\u00e1scara de tecido com cuidado, e certifico-me que a retiro da embalagem apenas com o produto que necessito. Depois de a usar, volto a colocar o tecido dentro da embalagem e guardo no frigor\u00edfico. E est\u00e1 pronta para ser usada mais uma vez. Algumas consigo usar tr\u00eas vezes.<\/p>\n<h5 style=\"text-align: justify\">Fazem bem \u00e0 pele?<\/h5>\n<p style=\"text-align: justify\">Estas m\u00e1scaras aderem \u00e0 pele, e como est\u00e3o totalmente embebidas a absor\u00e7\u00e3o dos princ\u00edpios activos \u00e9 potenciada e, portanto, mais eficaz. Todavia, nem todas as m\u00e1scaras t\u00eam a mesma finalidade, podem ter v\u00e1rios intuitos, como por exemplo: hidratar, reparar, reafirmar, matificar, ajudar a combater o acne, dar luminosidade \u00e0 pele, restaurar e pele, entre outros.<\/p>\n<h5 style=\"text-align: justify\">Como devo usar as m\u00e1scaras de tecido?<\/h5>\n<p style=\"text-align: justify\">Pois bem, antes de mais certifica-te que escolheste um tipo de m\u00e1scara que cumpra um prop\u00f3sito que v\u00e1 acrescentar valor \u00e0 tua pele.<\/p>\n<p style=\"text-align: justify\">Inspira-te nas pr\u00f3ximas dicas, e aproveita ao m\u00e1ximo este momento de auto-cuidado!<\/p>\n<p style=\"text-align: justify\"><strong>1. Limpa bem a pele antes de aplicares a m\u00e1scara<\/strong><\/p>\n<p style=\"text-align: justify\">Para que a tua pele consiga efectivamente absorver todos os nutrientes da m\u00e1scara, \u00e9 mesmo muito importante que tenhas a pele bem limpa! N\u00e3o te esque\u00e7as que a nossa pele tem res\u00edduos \u00e0 base de \u00e1gua, e outros \u00e0 base de \u00f3leo, portanto, um gel de limpeza n\u00e3o deixar\u00e1 a tua pele limpa em profundidade. As Coreanas usam um m\u00e9todo que se chama \u201clavagem dupla\u201d, consiste em usares um m\u00e9todo que remova ambos os tipos de res\u00edduos. O que a rotina de skincare prop\u00f5e \u00e9 o uso de um\u00a0<a href=\"https:\/\/neuzamariano.com\/2019\/11\/cleansing-oil-o-1o-passo-da-beleza-coreana.html\" target=\"_blank\" rel=\"noopener noreferrer\">Cleansing Oil<\/a>\u00a0\u2013 O 1\u00ba Passo da\u00a0<a href=\"https:\/\/en.wikipedia.org\/wiki\/K-Beauty\" target=\"_blank\" rel=\"noopener noreferrer\">Beleza Coreana<\/a>.<\/p>\n<p style=\"text-align: justify\"><strong>2.\u00a0 Segue as instru\u00e7\u00f5es da m\u00e1scara<\/strong><\/p>\n<p style=\"text-align: justify\">Todas elas s\u00e3o diferentes, umas s\u00e3o para ser usadas de manh\u00e3, outras \u00e0 noite. Algumas precisam de estar no frigor\u00edfico uns minutes antes de usares, outras n\u00e3o. E outra coisa importante \u00e9 o tempo que deves deixar a m\u00e1scara agir na tua pele.<\/p>\n<p style=\"text-align: justify\"><strong>3. Certifica-te que a m\u00e1scara cobre o rosto por completo<\/strong><\/p>\n<p style=\"text-align: justify\">Regra geral, as m\u00e1scaras v\u00eam com furinhos na zona dos olhos, nariz e boca. H\u00e1 outras que v\u00eam separadas, a parte de cima do rosto, e a de baixo. \u00c9 importante que ela esteja bem esticada e que cobra de facto a tua pele e que fique bem juntinha \u00e0 mesma.<\/p>\n<p style=\"text-align: justify\"><strong>4. Aproveitar ao m\u00e1ximo<\/strong><\/p>\n<p style=\"text-align: justify\">Na minha opini\u00e3o, as boas m\u00e1scaras de pano v\u00eam completamente encharcadas, a pingar produto. Pois bem, aquilo que eu fa\u00e7o \u00e9 remover a m\u00e1scara de dentro da embalagem com cuidado, para que a m\u00e1scara traga somente a quantidade de produto que eu necessito. Depois de a m\u00e1scara agir, volto a colocar o tecido dentro da embalagem e guardo no frigor\u00edfico. E ela est\u00e1 pronta a ser usada uma segunda vez.<\/p>\n<p style=\"text-align: justify\"><strong>5. O tempo certo!<\/strong><\/p>\n<p style=\"text-align: justify\">Para que n\u00e3o hajam erros, p\u00f5e o cronometro no teu telem\u00f3vel para ele te avisar quando passar o tempo que estipulaste.<\/p>\n<p style=\"text-align: justify\"><strong>6. N\u00e3o laves o rosto<\/strong><\/p>\n<p style=\"text-align: justify\">Depois de removeres a m\u00e1scara do teu rosto n\u00e3o o laves! Porque, esse s\u00e9rum que tens na tua pele \u00e9 maravilhoso e deve ser potenciado. Se tens algum utens\u00edlio de massagem podes usar agora. Isto porque, \u00e9 uma excelente altura para massajar a pele, e como a tens molhada, a massagem ser\u00e1 ainda mais facilitada.<\/p>\n<p><img fetchpriority=\"high\" decoding=\"async\" class=\"alignnone wp-image-45522 size-full\" src=\"https:\/\/neuzamariano.com\/wp-content\/uploads\/2020\/12\/Mascara-Facial-de-Pessego-e-Probioticos-5.jpg\" alt=\"M\u00e1scara Facial de Seda - Pele Hidratada\" width=\"970\" height=\"600\" title=\"\" srcset=\"https:\/\/neuzamariano.com\/loja\/wp-content\/uploads\/sites\/2\/2020\/12\/Mascara-Facial-de-Pessego-e-Probioticos-5.jpg 970w, https:\/\/neuzamariano.com\/loja\/wp-content\/uploads\/sites\/2\/2020\/12\/Mascara-Facial-de-Pessego-e-Probioticos-5-670x414.jpg 670w, https:\/\/neuzamariano.com\/loja\/wp-content\/uploads\/sites\/2\/2020\/12\/Mascara-Facial-de-Pessego-e-Probioticos-5-300x186.jpg 300w, https:\/\/neuzamariano.com\/loja\/wp-content\/uploads\/sites\/2\/2020\/12\/Mascara-Facial-de-Pessego-e-Probioticos-5-768x475.jpg 768w\" sizes=\"(max-width: 970px) 100vw, 970px\" \/><\/p>\n<\/div>\n<\/div>\n","protected":false},"excerpt":{"rendered":"<p>facial mask<\/p>\n","protected":false},"featured_media":74144,"comment_status":"open","ping_status":"closed","template":"","meta":{"inline_featured_image":false},"products\/brands":[],"product_cat":[5115,8739,8706],"product_tag":[5038,17371,22519,2092,4703,4451,5786,2481,4037,4444,4448,2297,4455],"class_list":{"0":"post-41187","1":"product","2":"type-product","3":"status-publish","4":"has-post-thumbnail","6":"product_cat-cuidados-de-pele","7":"product_cat-mascaras-de-folha","8":"product_cat-mascaras-faciais","9":"product_tag-armazem-krabi","10":"product_tag-black-friday","11":"product_tag-compra-1-leva-1","12":"product_tag-cosmetica-asiatica","13":"product_tag-menos-15-euros","14":"product_tag-esfoliantes-e-mascaras-faciais","15":"product_tag-leva-3-paga-2","16":"product_tag-mascara-facial-de-seda","17":"product_tag-menos-10e","18":"product_tag-pele-seca","19":"product_tag-produtos-para-rosto","20":"product_tag-sheet-mask","21":"product_tag-sheet-masks","22":"product_shipping_class-armazem-tailandia","24":"first","25":"instock","26":"taxable","27":"shipping-taxable","28":"purchasable","29":"product-type-simple"},"_links":{"self":[{"href":"https:\/\/neuzamariano.com\/loja\/wp-json\/wp\/v2\/product\/41187","targetHints":{"allow":["GET"]}}],"collection":[{"href":"https:\/\/neuzamariano.com\/loja\/wp-json\/wp\/v2\/product"}],"about":[{"href":"https:\/\/neuzamariano.com\/loja\/wp-json\/wp\/v2\/types\/product"}],"replies":[{"embeddable":true,"href":"https:\/\/neuzamariano.com\/loja\/wp-json\/wp\/v2\/comments?post=41187"}],"wp:featuredmedia":[{"embeddable":true,"href":"https:\/\/neuzamariano.com\/loja\/wp-json\/wp\/v2\/media\/74144"}],"wp:attachment":[{"href":"https:\/\/neuzamariano.com\/loja\/wp-json\/wp\/v2\/media?parent=41187"}],"wp:term":[{"taxonomy":"product_brand","embeddable":true,"href":"https:\/\/neuzamariano.com\/loja\/wp-json\/wp\/v2\/products\/brands?post=41187"},{"taxonomy":"product_cat","embeddable":true,"href":"https:\/\/neuzamariano.com\/loja\/wp-json\/wp\/v2\/product_cat?post=41187"},{"taxonomy":"product_tag","embeddable":true,"href":"https:\/\/neuzamariano.com\/loja\/wp-json\/wp\/v2\/product_tag?post=41187"}],"curies":[{"name":"wp","href":"https:\/\/api.w.org\/{rel}","templated":true}]}}