{"id":39539,"date":"2020-03-27T08:19:00","date_gmt":"2020-03-27T01:19:00","guid":{"rendered":"https:\/\/neuzamariano.com\/?post_type=product&#038;p=39539"},"modified":"2026-03-19T17:31:12","modified_gmt":"2026-03-19T10:31:12","slug":"laneige-lip-sleeping-mask","status":"publish","type":"product","link":"https:\/\/neuzamariano.com\/loja\/laneige-lip-sleeping-mask\/","title":{"rendered":"Laneige Lip Sleeping Mask 3g"},"content":{"rendered":"<p><strong>Laneige Lip Sleeping Mask \u2013 M\u00e1scara Noturna para L\u00e1bios<\/strong><\/p>\n<p>Desperte com l\u00e1bios macios, hidratados e suaves usando a <strong>Laneige Lip Sleeping Mask<\/strong>, a m\u00e1scara noturna de tratamento labial que \u00e9 um verdadeiro sucesso de vendas! Especialmente formulada para nutrir e restaurar os l\u00e1bios enquanto voc\u00ea dorme, esta m\u00e1scara deixa os l\u00e1bios visivelmente mais saud\u00e1veis e livres de ressecamento.<\/p>\n<h3>Benef\u00edcios:<\/h3>\n<ul>\n<li><strong>Hidrata\u00e7\u00e3o Intensa<\/strong>: Com a tecnologia exclusiva <strong>Moisture Wrap\u2122<\/strong>, forma uma camada protetora que ret\u00e9m a umidade, garantindo l\u00e1bios profundamente hidratados ao longo da noite.<\/li>\n<li><strong>Rica em Antioxidantes<\/strong>: Enriquecida com <strong>Berry Mix Complex\u2122<\/strong>, que cont\u00e9m extratos de frutas ricas em vitamina C, a m\u00e1scara ajuda a suavizar l\u00e1bios \u00e1speros e descamados, al\u00e9m de proporcionar uma a\u00e7\u00e3o antioxidante.<\/li>\n<li><strong>Textura Confort\u00e1vel<\/strong>: Sua textura em gel \u00e9 rica e cremosa, f\u00e1cil de aplicar e n\u00e3o deixa os l\u00e1bios pegajosos. Proporciona um conforto duradouro e uma sensa\u00e7\u00e3o de frescor.<\/li>\n<\/ul>\n<h3>Como Usar:<\/h3>\n<ol>\n<li><strong>Antes de Dormir<\/strong>: Aplique uma camada generosa nos l\u00e1bios antes de dormir, como o \u00faltimo passo da sua rotina noturna de cuidados com a pele.<\/li>\n<li><strong>Amanh\u00e3 mais Macios<\/strong>: Na manh\u00e3 seguinte, remova o excesso com um len\u00e7o ou absorva o restante da m\u00e1scara nos l\u00e1bios. Seus l\u00e1bios estar\u00e3o prontos para o dia, suaves e renovados.<\/li>\n<\/ol>\n<h3>Por que vais adorar:<\/h3>\n<ul>\n<li>Ideal para todos os tipos de l\u00e1bios, especialmente para aqueles que sofrem com ressecamento e rachaduras.<\/li>\n<li>Perfeito para ser usado todas as noites, ou como um tratamento intensivo sempre que os l\u00e1bios precisarem de um cuidado extra.<\/li>\n<li>Dispon\u00edvel em deliciosos aromas frutados que tornam a aplica\u00e7\u00e3o ainda mais agrad\u00e1vel.<\/li>\n<\/ul>\n<p>Diga adeus aos l\u00e1bios ressecados e diga ol\u00e1 a l\u00e1bios macios e revitalizados com a <strong>Laneige Lip Sleeping Mask<\/strong>. Transforme a sua rotina de cuidados e desperte todos os dias com l\u00e1bios mais bonitos e saud\u00e1veis!<\/p>\n","protected":false},"excerpt":{"rendered":"<p>face gel<\/p>\n","protected":false},"featured_media":187110,"comment_status":"open","ping_status":"closed","template":"","meta":{"inline_featured_image":false},"products\/brands":[4649],"product_cat":[5115,8700,8766,8740,8706],"product_tag":[5038,17371,22519,2339,4703,3997,4440,2386,3344,5786,2387,2388,4037],"class_list":{"0":"post-39539","1":"product","2":"type-product","3":"status-publish","4":"has-post-thumbnail","6":"product_brand-laneige","7":"product_cat-cuidados-de-pele","8":"product_cat-hidratacao-facial","9":"product_cat-labios-hidratacao-facial","10":"product_cat-mascaras-de-noite","11":"product_cat-mascaras-faciais","12":"product_tag-armazem-krabi","13":"product_tag-black-friday","14":"product_tag-compra-1-leva-1","15":"product_tag-cosmetica-coreana","16":"product_tag-menos-15-euros","17":"product_tag-k-beauty","18":"product_tag-labios","19":"product_tag-laneige","20":"product_tag-laneige-lip-sleeping-mask","21":"product_tag-leva-3-paga-2","22":"product_tag-mascara-de-labios","23":"product_tag-mascara-de-labios-coreana","24":"product_tag-menos-10e","25":"product_shipping_class-armazem-tailandia","27":"first","28":"instock","29":"featured","30":"taxable","31":"shipping-taxable","32":"purchasable","33":"product-type-simple"},"_links":{"self":[{"href":"https:\/\/neuzamariano.com\/loja\/wp-json\/wp\/v2\/product\/39539","targetHints":{"allow":["GET"]}}],"collection":[{"href":"https:\/\/neuzamariano.com\/loja\/wp-json\/wp\/v2\/product"}],"about":[{"href":"https:\/\/neuzamariano.com\/loja\/wp-json\/wp\/v2\/types\/product"}],"replies":[{"embeddable":true,"href":"https:\/\/neuzamariano.com\/loja\/wp-json\/wp\/v2\/comments?post=39539"}],"wp:featuredmedia":[{"embeddable":true,"href":"https:\/\/neuzamariano.com\/loja\/wp-json\/wp\/v2\/media\/187110"}],"wp:attachment":[{"href":"https:\/\/neuzamariano.com\/loja\/wp-json\/wp\/v2\/media?parent=39539"}],"wp:term":[{"taxonomy":"product_brand","embeddable":true,"href":"https:\/\/neuzamariano.com\/loja\/wp-json\/wp\/v2\/products\/brands?post=39539"},{"taxonomy":"product_cat","embeddable":true,"href":"https:\/\/neuzamariano.com\/loja\/wp-json\/wp\/v2\/product_cat?post=39539"},{"taxonomy":"product_tag","embeddable":true,"href":"https:\/\/neuzamariano.com\/loja\/wp-json\/wp\/v2\/product_tag?post=39539"}],"curies":[{"name":"wp","href":"https:\/\/api.w.org\/{rel}","templated":true}]}}