{"id":39342,"date":"2020-03-21T12:26:00","date_gmt":"2020-03-21T05:26:00","guid":{"rendered":"https:\/\/neuzamariano.com\/?post_type=product&#038;p=39342"},"modified":"2026-03-19T17:32:33","modified_gmt":"2026-03-19T10:32:33","slug":"laneige-mascara-nocturna-hidratacao","status":"publish","type":"product","link":"https:\/\/neuzamariano.com\/loja\/laneige-mascara-nocturna-hidratacao\/","title":{"rendered":"Laneige Water Sleeping Mask 15ml"},"content":{"rendered":"<blockquote><p>Laneige, a estrela da K-beauty!<\/p><\/blockquote>\n<p>Esta incr\u00edvel m\u00e1scara da <a href=\"https:\/\/neuzamariano.com\/loja\/marca\/laneige\">Laneige<\/a> noturna com tecnologia<strong>\u00a0Sleeping Microbiome\u2122<\/strong>\u00a0e\u00a0<strong>Complexo de Probi\u00f3ticos<\/strong> aprimorado, fortalece a defesa da pele para obter uma tez bem descansada, brilhante e rejuvenescida.<\/p>\n<p><strong>Ingrediente 1<\/strong><br \/>\nComplexo Probi\u00f3ticos, que aumenta a defesa da pele.\u00a0Este poderoso complexo de um ingrediente derivado de 23,8 bilh\u00f5es de probi\u00f3ticos, fortalece a defesa da pele e aumenta o brilho e a clareza da pele cansada.<\/p>\n<p><strong>Ingrediente 2<\/strong><br \/>\nEsqualano, Aumenta o n\u00edvel de humidade da pele. A humidade dura mais na pele, e a mesma fica relaxada durante a noite.<\/p>\n<p><strong>Ingrediente 3<\/strong><br \/>\n7-free f\u00f3rmula hipoalerg\u00eanica<\/p>\n<p>A reconfortante e suave f\u00f3rmula <strong>Sleepscent<\/strong> e hipoalerg\u00e9nica livre de \u00f3leo, PEG e pigmentos proporcionam um efeito relaxante da pele enquanto dorme.<\/p>\n<p><strong>Como usar:<\/strong>\u00a0\u00c9 um produto que dever\u00e1s usar na tua rotina de cuidados de pele noturna. Regra geral, as marcas dizem que deves usar pelo menos duas vezes na semana. Isso significa, que nos restantes dias, poder\u00e1s fazer uso do teu creme de noite habitual. Aplicar a M\u00e1scara Facial Noturna ser\u00e1 ent\u00e3o o \u00faltimo passo, com as m\u00e3os bem lavadas aplica a M\u00e1scara Facial Noturna como se se tratasse de um creme. Quando acordares, fazes a tua rotina normalmente.<\/p>\n<ul>\n<li><strong>A LANEIGE n\u00e3o faz testes em animais.<\/strong><\/li>\n<li><strong style=\"color: var(--rz-text-color);font-family: var(--rz-font-family-primary)\">Apropriado para vegetarianos\/vegan<\/strong><\/li>\n<li><strong style=\"color: var(--rz-text-color);font-family: var(--rz-font-family-primary)\">Vers\u00e3o viagem 15ml<\/strong><\/li>\n<\/ul>\n<h3><strong>Mas o que \u00e9 uma m\u00e1scara noturna?<\/strong><\/h3>\n<p style=\"text-align: justify\">Se te preocupas com a tua pele, e se gostas de manter saud\u00e1vel e luminosa, de certeza que vais gostar de saber mais acerca deste conceito. Como sabes, a rotina de cuidados de pele das Asi\u00e1ticas \u00e9 bastante rigorosa, e fazem-se valer de uma rotina completa e dos melhores ingredientes, tecnologia e produtos. \u00c9 de noite que a nossa pele, o nosso maior \u00f3rg\u00e3o, se regenera. \u00c9 de extrema import\u00e2ncia, ter a pele bem limpa e hidratada nesta altura do dia. Para que durante as horas de sono, a pele de restaure e usufrua dos melhores ingredientes poss\u00edveis.<\/p>\n<h4 style=\"text-align: justify\"><span id=\"1_-_O_segredo_das_noites\" class=\"ez-toc-section\"><\/span>1 \u2013 O segredo das noites<\/h4>\n<p style=\"text-align: justify\">\u00c9 durante este momento que todo o nosso corpo se restaura e rejuvenesce. A M\u00e1scara Facial Noturna \u00e9 especialmente projetada para que os seus ingredientes penetrem na tua pele mais profundamente, e tudo isto, enquanto dormes. A M\u00e1scara Facial Noturna funciona como uma barreira e tamb\u00e9m como um isolador. Uma camada bem fininha trar\u00e1 imensos benef\u00edcios para a tua pele sem evaporar durante a noite.\u00a0<a href=\"https:\/\/www.ncbi.nlm.nih.gov\/pmc\/articles\/PMC4056451\/\" target=\"_blank\" rel=\"noopener\">Estudos<\/a>\u00a0t\u00eam demonstrado que as nossas c\u00e9lulas replicam-se durante a noite, logo, usar a M\u00e1scara Facial Noturna \u00e9 potenciar esta renova\u00e7\u00e3o<\/p>\n<h4 style=\"text-align: justify\"><span id=\"2_-_Formuladas_para_um_verdadeiro_tratamento_de_beleza\" class=\"ez-toc-section\"><\/span>2 \u2013 Formuladas para um verdadeiro tratamento de beleza<\/h4>\n<p style=\"text-align: justify\">Quando falamos de anti envelhecimento, a hidrata\u00e7\u00e3o assume um papel preponderante. Quando a nossa pele envelhece, a nossa pele perde imenso a hidrata\u00e7\u00e3o, por isso, usar com regularidade uma M\u00e1scara Facial Noturna far\u00e1 toda a diferen\u00e7a.<\/p>\n<h4 style=\"text-align: justify\"><span id=\"3_-_Um_produto_para_todos_os_tipos_de_pele_e_idades\" class=\"ez-toc-section\"><\/span>3 \u2013 Um produto para todos os tipos de pele e idades<\/h4>\n<p style=\"text-align: justify\">O nosso corpo a partir de uma certa idade come\u00e7a a comprometer a produ\u00e7\u00e3o de alguns componentes que zelam pela nossa boa pele. Assim sendo, ser\u00e1 interessante refor\u00e7ar a nossa rotina de cuidados de pele, seja a da manh\u00e3 ou a da noite. Usar uma M\u00e1scara Facial Noturna trar\u00e1 diversas vantagens, independentemente do teu tipo de pele ou idade.<\/p>\n<h4 style=\"text-align: justify\"><span id=\"4_-_Facil_de_usar\" class=\"ez-toc-section\"><\/span>4 \u2013 F\u00e1cil de usar<\/h4>\n<p style=\"text-align: justify\">N\u00e3o tem nada que saber. \u00c9 um produto que dever\u00e1s usar na tua rotina de cuidados de pele noturna. Regra geral, as marcas dizem que deves usar pelo menos duas vezes na semana. Isso significa, que nos restantes dias, poder\u00e1s fazer uso do teu creme de noite habitual. Aplicar a M\u00e1scara Facial Noturna ser\u00e1 ent\u00e3o o \u00faltimo passo, com as m\u00e3os bem lavadas aplica a M\u00e1scara Facial Noturna como se se tratasse de um creme. Quando acordares, fazes a tua rotina normalmente.<\/p>\n<h5 style=\"text-align: justify\">Ingredientes:<\/h5>\n<p style=\"text-align: justify\">Water, Butylene Glycol, Cyclopentasiloxane, Glycerin, Cyclohexasiloxane, Trehalose, Sodium Hyaluronate, Oenothera Biennis (Evening Primrose) Root Extract, Prunus Armeniaca (Apricot) Fruit Extract, Beta-Glucan, Chenopodium Quinoa Seed Extract, Ascorbyl Glucoside, Magnesium Sulfate, Zinc Sulfate, Manganese Sulfate, Calcium Chloride, Potassium Alginate, Ammonium Acryloyldimethyltaurate\/VP Copolymer, Polysorbate 20, Dimethicone, Dimethiconol, Dimethicone\/Vinyl Dimethicone Crosspolymer, Propanediol, Ethylhexylglycerin, Stearyl Behenate, Polyglyceryl-3 Methylglucose Distearate, HYDROXYPROPYL BISPALMITAMIDE MEA, Inulin Lauryl Carbamate, Alcohol, 1, 2-Hexanediol, Caprylyl Glycol, Carbomer, Tromethamine, Disodium EDTA, Phenoxyethanol, Fragrance, CI 42090<\/p>\n","protected":false},"excerpt":{"rendered":"<p>face cream<\/p>\n","protected":false},"featured_media":47522,"comment_status":"open","ping_status":"closed","template":"","meta":{"inline_featured_image":false},"products\/brands":[4649],"product_cat":[5115,8740,8706],"product_tag":[5038,17371,22519,2339,4703,4452,3997,3343,5786,2526,2369,2527,4037,4443,4454,4444,4445,4448],"class_list":{"0":"post-39342","1":"product","2":"type-product","3":"status-publish","4":"has-post-thumbnail","6":"product_brand-laneige","7":"product_cat-cuidados-de-pele","8":"product_cat-mascaras-de-noite","9":"product_cat-mascaras-faciais","10":"product_tag-armazem-krabi","11":"product_tag-black-friday","12":"product_tag-compra-1-leva-1","13":"product_tag-cosmetica-coreana","14":"product_tag-menos-15-euros","15":"product_tag-creme-de-dia-e-de-noite","16":"product_tag-k-beauty","17":"product_tag-laneige-water-sleeping-mask","18":"product_tag-leva-3-paga-2","19":"product_tag-mascara-de-noite","20":"product_tag-mascara-de-noite-de-lavanda","21":"product_tag-mascara-nocturna","22":"product_tag-menos-10e","23":"product_tag-mista-ou-oleosa","24":"product_tag-normal","25":"product_tag-pele-seca","26":"product_tag-pele-sensivel-e-reativa","27":"product_tag-produtos-para-rosto","28":"product_shipping_class-armazem-tailandia","30":"first","31":"instock","32":"featured","33":"taxable","34":"shipping-taxable","35":"purchasable","36":"product-type-simple"},"_links":{"self":[{"href":"https:\/\/neuzamariano.com\/loja\/wp-json\/wp\/v2\/product\/39342","targetHints":{"allow":["GET"]}}],"collection":[{"href":"https:\/\/neuzamariano.com\/loja\/wp-json\/wp\/v2\/product"}],"about":[{"href":"https:\/\/neuzamariano.com\/loja\/wp-json\/wp\/v2\/types\/product"}],"replies":[{"embeddable":true,"href":"https:\/\/neuzamariano.com\/loja\/wp-json\/wp\/v2\/comments?post=39342"}],"wp:featuredmedia":[{"embeddable":true,"href":"https:\/\/neuzamariano.com\/loja\/wp-json\/wp\/v2\/media\/47522"}],"wp:attachment":[{"href":"https:\/\/neuzamariano.com\/loja\/wp-json\/wp\/v2\/media?parent=39342"}],"wp:term":[{"taxonomy":"product_brand","embeddable":true,"href":"https:\/\/neuzamariano.com\/loja\/wp-json\/wp\/v2\/products\/brands?post=39342"},{"taxonomy":"product_cat","embeddable":true,"href":"https:\/\/neuzamariano.com\/loja\/wp-json\/wp\/v2\/product_cat?post=39342"},{"taxonomy":"product_tag","embeddable":true,"href":"https:\/\/neuzamariano.com\/loja\/wp-json\/wp\/v2\/product_tag?post=39342"}],"curies":[{"name":"wp","href":"https:\/\/api.w.org\/{rel}","templated":true}]}}