{"id":28439,"date":"2019-11-25T14:15:00","date_gmt":"2019-11-25T07:15:00","guid":{"rendered":"https:\/\/neuzamariano.com\/?post_type=product&#038;p=28439"},"modified":"2026-03-19T17:33:34","modified_gmt":"2026-03-19T10:33:34","slug":"lama-turfa-e-colageno-acne-e-dermatites","status":"publish","type":"product","link":"https:\/\/neuzamariano.com\/loja\/lama-turfa-e-colageno-acne-e-dermatites\/","title":{"rendered":"Lama Turfa e Col\u00e1geno &#8211; Acne e Dermatites"},"content":{"rendered":"<p style=\"text-align: center\">Lama Turfa e Col\u00e1geno!<\/p>\n<h2 style=\"text-align: center\">Lama Turfa e Col\u00e1geno &#8211; Acne e Dermatites!<\/h2>\n<p style=\"text-align: justify\">A Tail\u00e2ndia \u00e9 conhecida por fazer uso de mat\u00e9rias-primas naturais nos produtos de sa\u00fade e beleza de uma forma transversal. Com o prop\u00f3sito de aliar as melhores receitas \u00e0s melhores mat\u00e9rias-primas. De acordo com as receitas ancestrais e mais antigas, e n\u00e3o s\u00f3, segredos e t\u00e9cnicas \u00fanicas fazem nascer produtos t\u00e3o especiais.<\/p>\n<p style=\"text-align: justify\">A m\u00e1scara de lama foi criada especialmente para a pele com <strong>acne e dermatites diversas<\/strong>. Esta m\u00e1scara \u00e9 uma combina\u00e7\u00e3o de dois tipos de argila, turfa, vitaminas do complexo B, coenzima Q10 e col\u00e1geno. Assim sendo, limpa profundamente a pele, alivia a inflama\u00e7\u00e3o, reduz a produ\u00e7\u00e3o de sebo e tamb\u00e9m reduz a profundidade das cicatrizes de acne e inflama\u00e7\u00e3o. Posto isto, ap\u00f3s a aplica\u00e7\u00e3o da m\u00e1scara de lama, a pele fica limpa, radiante e lisa.<\/p>\n<h5 style=\"text-align: justify\"><strong>Como usar<\/strong><\/h5>\n<p style=\"text-align: justify\">Depois de limpares o roto, aplica a lama no rosto seco e deixa actuar durante 15 minutos, de seguida retira com \u00e1gua.<\/p>\n<h5>Para melhores resultados<\/h5>\n<p>Para que a lama possa de facto hidratar a tua pele, antes de aplicares a m\u00e1scara, faz uma esfolia\u00e7\u00e3o suave. Assim sendo, removes as c\u00e9lulas mortas que podem impedir que a tua pele receba todos os nutrientes da Lama <a href=\"https:\/\/pt.wikipedia.org\/wiki\/Turfa\" target=\"_blank\" rel=\"noopener noreferrer\">Turfa<\/a> e Col\u00e1geno. Escolhe um <a href=\"https:\/\/neuzamariano.com\/loja\/esfoliante-tailandes-de-curcuma\" target=\"_blank\" rel=\"noopener noreferrer\">esfoliante<\/a> que seja suave para n\u00e3o danificar a pele sens\u00edvel pela acne.<\/p>\n<p>Em segundo lugar, repete este procedimento as vezes que achares necess\u00e1rio. Por norma, quanto mais oleosa ou mista \u00e9 a pele, mais esfolia\u00e7\u00f5es devem ser feita. Portanto, para uma pele seca, a esfolia\u00e7\u00e3o deve ser bastante mais reduzida.<\/p>\n<p>&nbsp;<\/p>\n<p style=\"text-align: justify\">Ingredientes: \u00c1gua, Deionizada, Caulim, Glicerina, Bentonita, Argila de Heilmoor, Butileno Glicol, Lactato de S\u00f3dio, PCA de S\u00f3dio, Silicato de Alum\u00ednio e Magn\u00e9sio, Glutamato de Laurilil de S\u00f3dio, Niacinamida, Metilparabeno, Metil Diisopropil Propinamida, Perfume, Propilenoglicol, Tricloridrato de Propileno, Gliclamato de Metil Inositol, \u00c1cido L\u00e1ctico, Ureia, Goma Desidroxantana, Propilparabeno, Bezoato de S\u00f3dio, Quaternium-73, Col\u00e1geno, Ubiquinona.<\/p>\n<p style=\"text-align: justify\">Peso l\u00edquido: 15 g.<\/p>\n","protected":false},"excerpt":{"rendered":"<p>snacks \/ food supplements<\/p>\n","protected":false},"featured_media":65981,"comment_status":"open","ping_status":"closed","template":"","meta":{"inline_featured_image":false},"products\/brands":[],"product_cat":[5115,8706,8741],"product_tag":[5038,17371,22519,2092,3963,3102,4703,4451,5786,4037,2020,4448],"class_list":{"0":"post-28439","1":"product","2":"type-product","3":"status-publish","4":"has-post-thumbnail","6":"product_cat-cuidados-de-pele","7":"product_cat-mascaras-faciais","8":"product_cat-mascaras-lavaveis","9":"product_tag-armazem-krabi","10":"product_tag-black-friday","11":"product_tag-compra-1-leva-1","12":"product_tag-cosmetica-asiatica","13":"product_tag-cosmetica-natural-tailandesa","14":"product_tag-cosmetica-tailandia","15":"product_tag-menos-15-euros","16":"product_tag-esfoliantes-e-mascaras-faciais","17":"product_tag-leva-3-paga-2","18":"product_tag-menos-10e","19":"product_tag-produtos-da-tailandia","20":"product_tag-produtos-para-rosto","21":"product_shipping_class-armazem-tailandia","23":"first","24":"instock","25":"taxable","26":"shipping-taxable","27":"purchasable","28":"product-type-simple"},"_links":{"self":[{"href":"https:\/\/neuzamariano.com\/loja\/wp-json\/wp\/v2\/product\/28439","targetHints":{"allow":["GET"]}}],"collection":[{"href":"https:\/\/neuzamariano.com\/loja\/wp-json\/wp\/v2\/product"}],"about":[{"href":"https:\/\/neuzamariano.com\/loja\/wp-json\/wp\/v2\/types\/product"}],"replies":[{"embeddable":true,"href":"https:\/\/neuzamariano.com\/loja\/wp-json\/wp\/v2\/comments?post=28439"}],"wp:featuredmedia":[{"embeddable":true,"href":"https:\/\/neuzamariano.com\/loja\/wp-json\/wp\/v2\/media\/65981"}],"wp:attachment":[{"href":"https:\/\/neuzamariano.com\/loja\/wp-json\/wp\/v2\/media?parent=28439"}],"wp:term":[{"taxonomy":"product_brand","embeddable":true,"href":"https:\/\/neuzamariano.com\/loja\/wp-json\/wp\/v2\/products\/brands?post=28439"},{"taxonomy":"product_cat","embeddable":true,"href":"https:\/\/neuzamariano.com\/loja\/wp-json\/wp\/v2\/product_cat?post=28439"},{"taxonomy":"product_tag","embeddable":true,"href":"https:\/\/neuzamariano.com\/loja\/wp-json\/wp\/v2\/product_tag?post=28439"}],"curies":[{"name":"wp","href":"https:\/\/api.w.org\/{rel}","templated":true}]}}