{"id":28427,"date":"2019-11-25T13:53:00","date_gmt":"2019-11-25T06:53:00","guid":{"rendered":"https:\/\/neuzamariano.com\/?post_type=product&#038;p=28427"},"modified":"2026-03-19T17:33:52","modified_gmt":"2026-03-19T10:33:52","slug":"lama-curcuma-e-arbutina-remove-manchas","status":"publish","type":"product","link":"https:\/\/neuzamariano.com\/loja\/lama-curcuma-e-arbutina-remove-manchas\/","title":{"rendered":"Lama Curcuma e Arbutina &#8211; Remove Manchas"},"content":{"rendered":"<blockquote>\n<p style=\"text-align: left\">Lama Curcuma e Arbutina \u2013 Remove Manchas!<\/p>\n<\/blockquote>\n<p style=\"text-align: justify\">A Tail\u00e2ndia \u00e9 conhecida por fazer uso de mat\u00e9rias-primas naturais nos produtos de sa\u00fade e beleza de uma forma transversal. Com o prop\u00f3sito de aliar as melhores receitas \u00e0s melhores mat\u00e9rias-primas. De acordo com as receitas ancestrais e mais antigas, e n\u00e3o s\u00f3, segredos e t\u00e9cnicas \u00fanicas fazem nascer produtos t\u00e3o especiais.<\/p>\n<p style=\"text-align: justify\">Um rosto sem manchas e radiante \u00e9 o que todos desejam. Esta lama combina uma tecnologia formulada a partir do extrato de Curcuma e <a href=\"https:\/\/en.wikipedia.org\/wiki\/Arbutin\" target=\"_blank\" rel=\"noopener noreferrer\">Arbutina<\/a>. As propriedades naturais destes ingredientes suavizam e melhoram sua pele, especialmente a Niacinamida Nano Co Q10, e o NMFS mant\u00e9m as c\u00e9lulas da pele profundamente hidratadas, deixando a pele com apar\u00eancia sem manchas, radiante e mais natural.\u00a0 Lama Curcuma e Arbutina<\/p>\n<h5 style=\"text-align: justify\">Como usar<\/h5>\n<p style=\"text-align: justify\">Depois de limpares o roto, aplica a lama no rosto seco e deixa actuar durante 15 minutos, de seguida retira com \u00e1gua.<\/p>\n<h5>Para melhores resultados<\/h5>\n<p>Para que a lama possa de facto hidratar a tua pele, antes de aplicares a m\u00e1scara, faz uma esfolia\u00e7\u00e3o suave. Assim sendo, removes as c\u00e9lulas mortas que podem impedir que a tua pele receba todos os nutrientes da Lama\u00a0<a href=\"https:\/\/pt.wikipedia.org\/wiki\/Turfa\" target=\"_blank\" rel=\"noopener noreferrer\">Turfa<\/a>\u00a0e Col\u00e1geno. Escolhe um\u00a0<a href=\"https:\/\/neuzamariano.com\/loja\/esfoliante-tailandes-de-curcuma\" target=\"_blank\" rel=\"noopener noreferrer\">esfoliante<\/a>\u00a0que seja suave para n\u00e3o danificar a pele sens\u00edvel pela acne.<\/p>\n<p>Em segundo lugar, repete este procedimento as vezes que achares necess\u00e1rio. Por norma, quanto mais oleosa ou mista \u00e9 a pele, mais esfolia\u00e7\u00f5es devem ser feita. Portanto, para uma pele seca, a esfolia\u00e7\u00e3o deve ser bastante mais reduzida.<\/p>\n<p style=\"text-align: justify\">Ingredientes: \u00c1gua Deionizada, Caulim, Glicerina, Argila Heilmoor. Extrato de Curcuma Longa (a\u00e7afr\u00e3o), Hexanodiol, Lactato de s\u00f3dio, PCA de s\u00f3dio. Silicato de alum\u00ednio e magn\u00e9sio, butileno glicol, Lauroyl glutamato de s\u00f3dio. Goma de desidroxantano, niacinamida, alfa-arbutina, propilamida de metil-dlisopropil, perfume, frutose, glicina, inositol, \u00e1cido l\u00e1tico, ur\u00e9ia. Benzoato de Spdium, Col\u00e1geno, Quaternium-73, Ubiquinona<\/p>\n<p style=\"text-align: justify\">Peso l\u00edquido: 15 g. Lama Curcuma e Arbutina<\/p>\n","protected":false},"excerpt":{"rendered":"<p>face gel<\/p>\n","protected":false},"featured_media":70908,"comment_status":"open","ping_status":"closed","template":"","meta":{"inline_featured_image":false},"products\/brands":[],"product_cat":[5115,8706,8741],"product_tag":[5038,17371,4430,22519,3963,3102,4703,5786,4441,4037,2020,4448],"class_list":{"0":"post-28427","1":"product","2":"type-product","3":"status-publish","4":"has-post-thumbnail","6":"product_cat-cuidados-de-pele","7":"product_cat-mascaras-faciais","8":"product_cat-mascaras-lavaveis","9":"product_tag-armazem-krabi","10":"product_tag-black-friday","11":"product_tag-borbulhas-e-pontos-negros","12":"product_tag-compra-1-leva-1","13":"product_tag-cosmetica-natural-tailandesa","14":"product_tag-cosmetica-tailandia","15":"product_tag-menos-15-euros","16":"product_tag-leva-3-paga-2","17":"product_tag-manchas","18":"product_tag-menos-10e","19":"product_tag-produtos-da-tailandia","20":"product_tag-produtos-para-rosto","21":"product_shipping_class-armazem-tailandia","23":"first","24":"instock","25":"taxable","26":"shipping-taxable","27":"purchasable","28":"product-type-simple"},"_links":{"self":[{"href":"https:\/\/neuzamariano.com\/loja\/wp-json\/wp\/v2\/product\/28427","targetHints":{"allow":["GET"]}}],"collection":[{"href":"https:\/\/neuzamariano.com\/loja\/wp-json\/wp\/v2\/product"}],"about":[{"href":"https:\/\/neuzamariano.com\/loja\/wp-json\/wp\/v2\/types\/product"}],"replies":[{"embeddable":true,"href":"https:\/\/neuzamariano.com\/loja\/wp-json\/wp\/v2\/comments?post=28427"}],"wp:featuredmedia":[{"embeddable":true,"href":"https:\/\/neuzamariano.com\/loja\/wp-json\/wp\/v2\/media\/70908"}],"wp:attachment":[{"href":"https:\/\/neuzamariano.com\/loja\/wp-json\/wp\/v2\/media?parent=28427"}],"wp:term":[{"taxonomy":"product_brand","embeddable":true,"href":"https:\/\/neuzamariano.com\/loja\/wp-json\/wp\/v2\/products\/brands?post=28427"},{"taxonomy":"product_cat","embeddable":true,"href":"https:\/\/neuzamariano.com\/loja\/wp-json\/wp\/v2\/product_cat?post=28427"},{"taxonomy":"product_tag","embeddable":true,"href":"https:\/\/neuzamariano.com\/loja\/wp-json\/wp\/v2\/product_tag?post=28427"}],"curies":[{"name":"wp","href":"https:\/\/api.w.org\/{rel}","templated":true}]}}