{"id":196211,"date":"2026-04-28T08:20:41","date_gmt":"2026-04-28T01:20:41","guid":{"rendered":"https:\/\/neuzamariano.com\/loja\/?post_type=product&#038;p=196211"},"modified":"2026-04-28T08:24:55","modified_gmt":"2026-04-28T01:24:55","slug":"thanyaporn-herbs-pueraria-mirifica-100-capsulas-hormonas-femininas-fitoestrogenios-beleza-e-saude-da-mulher-100-capsulas","status":"publish","type":"product","link":"https:\/\/neuzamariano.com\/loja\/thanyaporn-herbs-pueraria-mirifica-100-capsulas-hormonas-femininas-fitoestrogenios-beleza-e-saude-da-mulher-100-capsulas\/","title":{"rendered":"Thanyaporn Herbs Pueraria Mirifica &#8211; Hormonas Femininas Fitoestrog\u00eanios &#8211; Beleza e Sa\u00fade da Mulher &#8211; 100 C\u00e1psulas"},"content":{"rendered":"<p data-path-to-node=\"2\">As c\u00e1psulas de <b data-path-to-node=\"2\" data-index-in-node=\"15\">Pueraria Mirifica da Thanyaporn Herbs<\/b> s\u00e3o um dos suplementos fitoter\u00e1picos mais prestigiados da Tail\u00e2ndia, conhecidas como o &#8220;elixir da juventude&#8221; para as mulheres. A Pueraria Mirifica \u00e9 uma planta tuberosa nativa do sudeste asi\u00e1tico que cont\u00e9m uma concentra\u00e7\u00e3o excecional de <b data-path-to-node=\"2\" data-index-in-node=\"291\">fitoestrog\u00e9nios<\/b> (estrog\u00e9nios de base vegetal), incluindo o raro miroestrol. Este suplemento \u00e9 tradicionalmente utilizado para equilibrar o sistema hormonal feminino, proporcionando benef\u00edcios que v\u00e3o desde a melhoria da est\u00e9tica corporal at\u00e9 ao al\u00edvio dos sintomas da menopausa.<\/p>\n<p data-path-to-node=\"3\">Ao contr\u00e1rio de hormonas sint\u00e9ticas, a Pueraria Mirifica atua de forma harmoniosa com o organismo, ajudando a manter as caracter\u00edsticas femininas, a firmeza da pele e a vitalidade geral. \u00c9 a solu\u00e7\u00e3o natural ideal para mulheres que procuram envelhecer bem, mantendo o equil\u00edbrio interno e a confian\u00e7a externa.<\/p>\n<hr data-path-to-node=\"4\" \/>\n<h3 data-path-to-node=\"5\">Ingredientes Principais e Seus Benef\u00edcios<\/h3>\n<p data-path-to-node=\"6\">A efic\u00e1cia deste suplemento reside na pureza da planta selecionada pela Thanyaporn Herbs:<\/p>\n<ul data-path-to-node=\"7\">\n<li>\n<p data-path-to-node=\"7,0,0\"><b data-path-to-node=\"7,0,0\" data-index-in-node=\"0\">Pueraria Mirifica Pura:<\/b> Rica em isoflavonas e miroestrol. Estes compostos mimetizam a a\u00e7\u00e3o do estrog\u00e9nio no corpo, ajudando a regular o ciclo hormonal e a promover o desenvolvimento dos tecidos glandulares.<\/p>\n<\/li>\n<li>\n<p data-path-to-node=\"7,1,0\"><b data-path-to-node=\"7,1,0\" data-index-in-node=\"0\">Fitoestrog\u00e9nios de Alta Absor\u00e7\u00e3o:<\/b> Auxiliam na manuten\u00e7\u00e3o da densidade \u00f3ssea e na sa\u00fade cardiovascular, \u00e1reas frequentemente afetadas pela diminui\u00e7\u00e3o do estrog\u00e9nio com a idade.<\/p>\n<\/li>\n<\/ul>\n<hr data-path-to-node=\"8\" \/>\n<h3 data-path-to-node=\"9\">Benef\u00edcios para a Beleza e Sa\u00fade da Mulher<\/h3>\n<ul data-path-to-node=\"10\">\n<li>\n<p data-path-to-node=\"10,0,0\"><b data-path-to-node=\"10,0,0\" data-index-in-node=\"0\">Firmeza do Busto:<\/b> \u00c9 mundialmente famosa por auxiliar na firmeza e no desenvolvimento natural dos tecidos mam\u00e1rios, combatendo a flacidez.<\/p>\n<\/li>\n<li>\n<p data-path-to-node=\"10,1,0\"><b data-path-to-node=\"10,1,0\" data-index-in-node=\"0\">Rejuvenescimento da Pele:<\/b> Melhora a elasticidade cut\u00e2nea, reduz a apar\u00eancia de rugas e promove uma tez mais luminosa e hidratada.<\/p>\n<\/li>\n<li>\n<p data-path-to-node=\"10,2,0\"><b data-path-to-node=\"10,2,0\" data-index-in-node=\"0\">Al\u00edvio da Menopausa:<\/b> Ajuda a reduzir significativamente os afrontamentos (ondas de calor), a irritabilidade e a secura vaginal.<\/p>\n<\/li>\n<li>\n<p data-path-to-node=\"10,3,0\"><b data-path-to-node=\"10,3,0\" data-index-in-node=\"0\">Sa\u00fade Capilar e das Unhas:<\/b> Fortalece os fios de cabelo e as unhas, combatendo a queda capilar de origem hormonal.<\/p>\n<\/li>\n<li>\n<p data-path-to-node=\"10,4,0\"><b data-path-to-node=\"10,4,0\" data-index-in-node=\"0\">Bem-Estar Geral:<\/b> Contribui para um melhor sono e equil\u00edbrio emocional ao estabilizar as oscila\u00e7\u00f5es hormonais.<\/p>\n<\/li>\n<\/ul>\n<hr data-path-to-node=\"11\" \/>\n<h3 data-path-to-node=\"12\">Para quem se destina<\/h3>\n<ul data-path-to-node=\"13\">\n<li>\n<p data-path-to-node=\"13,0,0\"><b data-path-to-node=\"13,0,0\" data-index-in-node=\"0\">Mulheres na Menopausa ou Pr\u00e9-Menopausa:<\/b> Que procuram uma alternativa natural para gerir os sintomas hormonais.<\/p>\n<\/li>\n<li>\n<p data-path-to-node=\"13,1,0\"><b data-path-to-node=\"13,1,0\" data-index-in-node=\"0\">Mulheres que desejam Melhorar a Silhueta:<\/b> Especialmente para promover a firmeza do peito e a suavidade da pele.<\/p>\n<\/li>\n<li>\n<p data-path-to-node=\"13,2,0\"><b data-path-to-node=\"13,2,0\" data-index-in-node=\"0\">Pessoas que procuram Envelhecer Bem:<\/b> Utilizando o poder dos fitoestrog\u00e9nios para manter a vitalidade feminina.<\/p>\n<\/li>\n<\/ul>\n<hr data-path-to-node=\"14\" \/>\n<h3 data-path-to-node=\"15\">Como Consumir<\/h3>\n<ol start=\"1\" data-path-to-node=\"16\">\n<li>\n<p data-path-to-node=\"16,0,0\"><b data-path-to-node=\"16,0,0\" data-index-in-node=\"0\">Dose Recomendada:<\/b> Geralmente recomenda-se a toma de <b data-path-to-node=\"16,0,0\" data-index-in-node=\"52\">1 c\u00e1psula por dia<\/b>, preferencialmente ap\u00f3s a primeira refei\u00e7\u00e3o.<\/p>\n<\/li>\n<li>\n<p data-path-to-node=\"16,1,0\"><b data-path-to-node=\"16,1,0\" data-index-in-node=\"0\">Consist\u00eancia:<\/b> Para resultados vis\u00edveis na pele e firmeza corporal, recomenda-se o uso cont\u00ednuo por um per\u00edodo de 3 a 6 meses.<\/p>\n<\/li>\n<li>\n<p data-path-to-node=\"16,2,0\"><b data-path-to-node=\"16,2,0\" data-index-in-node=\"0\">Nota Importante:<\/b> Deve ser interrompido durante o per\u00edodo menstrual (se ainda ocorrer).<\/p>\n<\/li>\n<\/ol>\n<hr data-path-to-node=\"17\" \/>\n<h3 data-path-to-node=\"18\">FAQ &#8211; Perguntas Frequentes<\/h3>\n<p data-path-to-node=\"19\"><b data-path-to-node=\"19\" data-index-in-node=\"0\">A Pueraria Mirifica engorda?<\/b> N\u00e3o h\u00e1 evid\u00eancias de que cause ganho de peso direto. No entanto, por equilibrar as hormonas, pode ajudar na redistribui\u00e7\u00e3o da gordura corporal para \u00e1reas mais femininas (como ancas e busto).<\/p>\n<p data-path-to-node=\"20\"><b data-path-to-node=\"20\" data-index-in-node=\"0\">Pode ser usada por homens?<\/b> Este suplemento \u00e9 especificamente formulado para o sistema hormonal feminino devido \u00e0 sua alta atividade estrog\u00e9nica.<\/p>\n<p data-path-to-node=\"21\"><b data-path-to-node=\"21\" data-index-in-node=\"0\">Quanto tempo demora a ver os resultados no busto?<\/b> Os resultados variam entre indiv\u00edduos, mas a maioria das utilizadoras reporta maior firmeza e sensibilidade ap\u00f3s 2 meses de uso regular.<\/p>\n<p data-path-to-node=\"22\"><b data-path-to-node=\"22\" data-index-in-node=\"0\">Existem contraindica\u00e7\u00f5es?<\/b> Sim. N\u00e3o deve ser utilizado por mulheres gr\u00e1vidas, lactantes, pessoas com hist\u00f3rico de tumores dependentes de estrog\u00e9nio (como cancro de mama ou \u00fatero) ou pessoas com problemas graves de f\u00edgado.<\/p>\n<hr data-path-to-node=\"23\" \/>\n<h3 data-path-to-node=\"24\">Nota de Seguran\u00e7a:<\/h3>\n<blockquote data-path-to-node=\"25\">\n<p data-path-to-node=\"25,0\"><b data-path-to-node=\"25,0\" data-index-in-node=\"0\">Nota:<\/b> Recomenda-se sempre a verifica\u00e7\u00e3o da embalagem f\u00edsica para confirmar a dosagem e ingredientes. Este produto \u00e9 um suplemento alimentar e n\u00e3o substitui aconselhamento m\u00e9dico. Se estiver a tomar medica\u00e7\u00e3o hormonal, consulte o seu m\u00e9dico antes de iniciar o uso.<\/p>\n<\/blockquote>\n","protected":false},"excerpt":{"rendered":"<p>As c\u00e1psulas de Pueraria Mirifica da Thanyaporn Herbs s\u00e3o um dos suplementos fitoter\u00e1picos mais prestigiados da Tail\u00e2ndia, conhecidas como o &#8220;elixir da juventude&#8221; para as mulheres. A Pueraria Mirifica \u00e9 uma planta tuberosa nativa do sudeste asi\u00e1tico que cont\u00e9m uma concentra\u00e7\u00e3o excecional de fitoestrog\u00e9nios (estrog\u00e9nios de base vegetal), incluindo o raro miroestrol. Este suplemento \u00e9 [&hellip;]<\/p>\n","protected":false},"featured_media":196212,"comment_status":"open","ping_status":"closed","template":"","meta":{"inline_featured_image":false},"products\/brands":[41408],"product_cat":[8723],"product_tag":[41406,41404],"class_list":{"0":"post-196211","1":"product","2":"type-product","3":"status-publish","4":"has-post-thumbnail","6":"product_brand-thanyaporn-herbs","7":"product_cat-suplementos","8":"product_tag-thanyaporn-herbs","9":"product_tag-thanyaporn-herbs-pueraria-mirifica","11":"first","12":"instock","13":"taxable","14":"shipping-taxable","15":"purchasable","16":"product-type-simple"},"_links":{"self":[{"href":"https:\/\/neuzamariano.com\/loja\/wp-json\/wp\/v2\/product\/196211","targetHints":{"allow":["GET"]}}],"collection":[{"href":"https:\/\/neuzamariano.com\/loja\/wp-json\/wp\/v2\/product"}],"about":[{"href":"https:\/\/neuzamariano.com\/loja\/wp-json\/wp\/v2\/types\/product"}],"replies":[{"embeddable":true,"href":"https:\/\/neuzamariano.com\/loja\/wp-json\/wp\/v2\/comments?post=196211"}],"wp:featuredmedia":[{"embeddable":true,"href":"https:\/\/neuzamariano.com\/loja\/wp-json\/wp\/v2\/media\/196212"}],"wp:attachment":[{"href":"https:\/\/neuzamariano.com\/loja\/wp-json\/wp\/v2\/media?parent=196211"}],"wp:term":[{"taxonomy":"product_brand","embeddable":true,"href":"https:\/\/neuzamariano.com\/loja\/wp-json\/wp\/v2\/products\/brands?post=196211"},{"taxonomy":"product_cat","embeddable":true,"href":"https:\/\/neuzamariano.com\/loja\/wp-json\/wp\/v2\/product_cat?post=196211"},{"taxonomy":"product_tag","embeddable":true,"href":"https:\/\/neuzamariano.com\/loja\/wp-json\/wp\/v2\/product_tag?post=196211"}],"curies":[{"name":"wp","href":"https:\/\/api.w.org\/{rel}","templated":true}]}}